{"id":1912,"date":"2024-01-30T11:05:21","date_gmt":"2024-01-30T11:05:21","guid":{"rendered":"https:\/\/kitchen-cabinets.bathrooms.webdevia.com\/?page_id=1912"},"modified":"2026-02-06T09:25:35","modified_gmt":"2026-02-06T09:25:35","slug":"about-us","status":"publish","type":"page","link":"https:\/\/arredodue.com.al\/sq\/about-us\/","title":{"rendered":"Rreth Nesh"},"content":{"rendered":"<div data-elementor-type=\"wp-page\" data-elementor-id=\"1912\" class=\"elementor elementor-1912\">\n\t\t\t\t<div class=\"elementor-element elementor-element-66f74cf e-flex e-con-boxed e-con e-parent\" data-id=\"66f74cf\" data-element_type=\"container\">\n\t\t\t\t\t<div class=\"e-con-inner\">\n\t\t<div class=\"elementor-element elementor-element-55fadb9 e-con-full e-flex e-con e-child\" data-id=\"55fadb9\" data-element_type=\"container\">\n\t\t\t\t<div class=\"elementor-element elementor-element-dcc1a72 elementor-widget__width-initial elementor-widget elementor-widget-image\" data-id=\"dcc1a72\" data-element_type=\"widget\" data-widget_type=\"image.default\">\n\t\t\t\t\t\t\t\t\t\t\t\t\t\t\t<img fetchpriority=\"high\" decoding=\"async\" width=\"453\" height=\"530\" src=\"https:\/\/arredodue.com.al\/wp-content\/uploads\/2026\/01\/chef4-1.png\" class=\"attachment-full size-full wp-image-4871\" alt=\"\" srcset=\"https:\/\/arredodue.com.al\/wp-content\/uploads\/2026\/01\/chef4-1.png 453w, https:\/\/arredodue.com.al\/wp-content\/uploads\/2026\/01\/chef4-1-256x300.png 256w\" sizes=\"(max-width: 453px) 100vw, 453px\" \/>\t\t\t\t\t\t\t\t\t\t\t\t\t\t\t<\/div>\n\t\t\t\t<\/div>\n\t\t<div class=\"elementor-element elementor-element-1dd2645 e-con-full e-flex e-con e-child\" data-id=\"1dd2645\" data-element_type=\"container\">\n\t\t\t\t<div class=\"elementor-element elementor-element-0985aca elementor-widget__width-initial elementor-widget elementor-widget-heading\" data-id=\"0985aca\" data-element_type=\"widget\" data-widget_type=\"heading.default\">\n\t\t\t\t\t<h2 class=\"elementor-heading-title elementor-size-default\">Cil\u00ebsi dhe Besueshm\u00ebri<\/h2>\t\t\t\t<\/div>\n\t\t\t\t<div class=\"elementor-element elementor-element-9c53863 elementor-widget__width-initial elementor-widget elementor-widget-heading\" data-id=\"9c53863\" data-element_type=\"widget\" data-widget_type=\"heading.default\">\n\t\t\t\t\t<h2 class=\"elementor-heading-title elementor-size-default\">Partneri Juaj i Besuar n\u00eb Gastronomi<\/h2>\t\t\t\t<\/div>\n\t\t\t\t<div class=\"elementor-element elementor-element-22048f3 elementor-widget elementor-widget-text-editor\" data-id=\"22048f3\" data-element_type=\"widget\" data-widget_type=\"text-editor.default\">\n\t\t\t\t\t\t\t\t\t<p data-start=\"121\" data-end=\"522\">Arredo Due \u00ebsht\u00eb nj\u00eb kompani shqiptare e themeluar n\u00eb vitin 2005, me mbi 20 vjet p\u00ebrvoj\u00eb n\u00eb tregun e pajisjeve t\u00eb reja profesionale p\u00ebr sektorin e gastronomis\u00eb.<\/p>\n<p data-start=\"121\" data-end=\"522\">P\u00ebr shum\u00eb vite, kompania ka qen\u00eb nj\u00eb partner i besuar p\u00ebr bare, restorante, pasti\u00e7eri, xhelateri, piceri, pika ushqimi t\u00eb shpejt\u00eb, furra buke dhe markete, duke ofruar nj\u00eb gam\u00eb t\u00eb gjer\u00eb produktesh nga marka prestigjioze evropiane.<\/p>\n<p data-start=\"524\" data-end=\"786\">Fal\u00eb angazhimit t\u00eb saj t\u00eb fort\u00eb ndaj cil\u00ebsis\u00eb, Arredo Due garanton sh\u00ebrbim profesional dhe t\u00eb shpejt\u00eb, duke p\u00ebrfshir\u00eb transportin, instalimin dhe garancin\u00eb, me q\u00ebllim mb\u00ebshtetjen e \u00e7do klienti n\u00eb nd\u00ebrtimin dhe zhvillimin e nj\u00eb biznesi modern dhe t\u00eb suksessh\u00ebm.<\/p>\t\t\t\t\t\t\t\t<\/div>\n\t\t\t\t<\/div>\n\t\t\t\t\t<\/div>\n\t\t\t\t<\/div>\n\t\t<div class=\"elementor-element elementor-element-99f7863 e-flex e-con-boxed e-con e-parent\" data-id=\"99f7863\" data-element_type=\"container\">\n\t\t\t\t\t<div class=\"e-con-inner\">\n\t\t\t\t<div class=\"elementor-element elementor-element-3f71ccc elementor-widget__width-initial elementor-widget elementor-widget-heading\" data-id=\"3f71ccc\" data-element_type=\"widget\" data-widget_type=\"heading.default\">\n\t\t\t\t\t<h2 class=\"elementor-heading-title elementor-size-default\">Partner\u00ebt<\/h2>\t\t\t\t<\/div>\n\t\t\t\t<div class=\"elementor-element elementor-element-a7183e9 elementor-widget__width-initial elementor-widget elementor-widget-heading\" data-id=\"a7183e9\" data-element_type=\"widget\" data-widget_type=\"heading.default\">\n\t\t\t\t\t<h2 class=\"elementor-heading-title elementor-size-default\">Klient\u00ebt Tan\u00eb<\/h2>\t\t\t\t<\/div>\n\t\t\t\t\t<\/div>\n\t\t\t\t<\/div>\n\t\t<div class=\"elementor-element elementor-element-96af5e6 e-con-full e-flex e-con e-parent\" data-id=\"96af5e6\" data-element_type=\"container\">\n\t\t<div class=\"elementor-element elementor-element-a1fb408 e-con-full e-flex e-con e-child\" data-id=\"a1fb408\" data-element_type=\"container\">\n\t\t\t\t<div class=\"elementor-element elementor-element-eda823c elementor-widget elementor-widget-image\" data-id=\"eda823c\" data-element_type=\"widget\" data-widget_type=\"image.default\">\n\t\t\t\t\t\t\t\t\t\t\t\t\t\t\t<img decoding=\"async\" width=\"300\" height=\"141\" src=\"https:\/\/arredodue.com.al\/wp-content\/uploads\/2026\/02\/modular.png\" class=\"attachment-full size-full wp-image-5406\" alt=\"\" srcset=\"https:\/\/arredodue.com.al\/wp-content\/uploads\/2026\/02\/modular.png 300w, https:\/\/arredodue.com.al\/wp-content\/uploads\/2026\/02\/modular-18x8.png 18w\" sizes=\"(max-width: 300px) 100vw, 300px\" \/>\t\t\t\t\t\t\t\t\t\t\t\t\t\t\t<\/div>\n\t\t\t\t<\/div>\n\t\t<div class=\"elementor-element elementor-element-45bca60 e-con-full e-flex e-con e-child\" data-id=\"45bca60\" data-element_type=\"container\">\n\t\t\t\t<div class=\"elementor-element elementor-element-00be95e elementor-widget elementor-widget-image\" data-id=\"00be95e\" data-element_type=\"widget\" data-widget_type=\"image.default\">\n\t\t\t\t\t\t\t\t\t\t\t\t\t\t\t<img decoding=\"async\" width=\"300\" height=\"141\" src=\"https:\/\/arredodue.com.al\/wp-content\/uploads\/2026\/02\/inokse.png\" class=\"attachment-full size-full wp-image-5407\" alt=\"\" srcset=\"https:\/\/arredodue.com.al\/wp-content\/uploads\/2026\/02\/inokse.png 300w, https:\/\/arredodue.com.al\/wp-content\/uploads\/2026\/02\/inokse-18x8.png 18w\" sizes=\"(max-width: 300px) 100vw, 300px\" \/>\t\t\t\t\t\t\t\t\t\t\t\t\t\t\t<\/div>\n\t\t\t\t<\/div>\n\t\t<div class=\"elementor-element elementor-element-8283528 e-con-full e-flex e-con e-child\" data-id=\"8283528\" data-element_type=\"container\">\n\t\t\t\t<div class=\"elementor-element elementor-element-74c345e elementor-widget elementor-widget-image\" data-id=\"74c345e\" data-element_type=\"widget\" data-widget_type=\"image.default\">\n\t\t\t\t\t\t\t\t\t\t\t\t\t\t\t<img loading=\"lazy\" decoding=\"async\" width=\"300\" height=\"141\" src=\"https:\/\/arredodue.com.al\/wp-content\/uploads\/2026\/02\/cisco-3-1.png\" class=\"attachment-large size-large wp-image-5395\" alt=\"\" srcset=\"https:\/\/arredodue.com.al\/wp-content\/uploads\/2026\/02\/cisco-3-1.png 300w, https:\/\/arredodue.com.al\/wp-content\/uploads\/2026\/02\/cisco-3-1-18x8.png 18w\" sizes=\"(max-width: 300px) 100vw, 300px\" \/>\t\t\t\t\t\t\t\t\t\t\t\t\t\t\t<\/div>\n\t\t\t\t<\/div>\n\t\t<div class=\"elementor-element elementor-element-4d5eb93 e-con-full e-flex e-con e-child\" data-id=\"4d5eb93\" data-element_type=\"container\">\n\t\t\t\t<div class=\"elementor-element elementor-element-0ae3618 elementor-widget elementor-widget-image\" data-id=\"0ae3618\" data-element_type=\"widget\" data-widget_type=\"image.default\">\n\t\t\t\t\t\t\t\t\t\t\t\t\t\t\t<img loading=\"lazy\" decoding=\"async\" width=\"300\" height=\"141\" src=\"https:\/\/arredodue.com.al\/wp-content\/uploads\/2026\/01\/cisco-3.png\" class=\"attachment-full size-full wp-image-5256\" alt=\"\" srcset=\"https:\/\/arredodue.com.al\/wp-content\/uploads\/2026\/01\/cisco-3.png 300w, https:\/\/arredodue.com.al\/wp-content\/uploads\/2026\/01\/cisco-3-18x8.png 18w\" sizes=\"(max-width: 300px) 100vw, 300px\" \/>\t\t\t\t\t\t\t\t\t\t\t\t\t\t\t<\/div>\n\t\t\t\t<\/div>\n\t\t<div class=\"elementor-element elementor-element-766efb8 e-con-full e-flex e-con e-child\" data-id=\"766efb8\" data-element_type=\"container\">\n\t\t\t\t<div class=\"elementor-element elementor-element-9653eba elementor-widget elementor-widget-image\" data-id=\"9653eba\" data-element_type=\"widget\" data-widget_type=\"image.default\">\n\t\t\t\t\t\t\t\t\t\t\t\t\t\t\t<img loading=\"lazy\" decoding=\"async\" width=\"300\" height=\"141\" src=\"https:\/\/arredodue.com.al\/wp-content\/uploads\/2026\/02\/logotjt-removebg-preview.png\" class=\"attachment-full size-full wp-image-5412\" alt=\"\" srcset=\"https:\/\/arredodue.com.al\/wp-content\/uploads\/2026\/02\/logotjt-removebg-preview.png 300w, https:\/\/arredodue.com.al\/wp-content\/uploads\/2026\/02\/logotjt-removebg-preview-18x8.png 18w\" sizes=\"(max-width: 300px) 100vw, 300px\" \/>\t\t\t\t\t\t\t\t\t\t\t\t\t\t\t<\/div>\n\t\t\t\t<\/div>\n\t\t<div class=\"elementor-element elementor-element-2c94f56 e-con-full e-flex e-con e-child\" data-id=\"2c94f56\" data-element_type=\"container\">\n\t\t\t\t<div class=\"elementor-element elementor-element-c5ab05e elementor-widget elementor-widget-image\" data-id=\"c5ab05e\" data-element_type=\"widget\" data-widget_type=\"image.default\">\n\t\t\t\t\t\t\t\t\t\t\t\t\t\t\t<img loading=\"lazy\" decoding=\"async\" width=\"300\" height=\"141\" src=\"https:\/\/arredodue.com.al\/wp-content\/uploads\/2026\/02\/logotjt1.png\" class=\"attachment-full size-full wp-image-5422\" alt=\"\" srcset=\"https:\/\/arredodue.com.al\/wp-content\/uploads\/2026\/02\/logotjt1.png 300w, https:\/\/arredodue.com.al\/wp-content\/uploads\/2026\/02\/logotjt1-18x8.png 18w\" sizes=\"(max-width: 300px) 100vw, 300px\" \/>\t\t\t\t\t\t\t\t\t\t\t\t\t\t\t<\/div>\n\t\t\t\t<\/div>\n\t\t<div class=\"elementor-element elementor-element-49ebd57 e-con-full e-flex e-con e-child\" data-id=\"49ebd57\" data-element_type=\"container\">\n\t\t\t\t<div class=\"elementor-element elementor-element-d0ac487 elementor-widget elementor-widget-image\" data-id=\"d0ac487\" data-element_type=\"widget\" data-widget_type=\"image.default\">\n\t\t\t\t\t\t\t\t\t\t\t\t\t\t\t<img loading=\"lazy\" decoding=\"async\" width=\"300\" height=\"141\" src=\"https:\/\/arredodue.com.al\/wp-content\/uploads\/2026\/02\/minerva.png\" class=\"attachment-full size-full wp-image-5425\" alt=\"\" srcset=\"https:\/\/arredodue.com.al\/wp-content\/uploads\/2026\/02\/minerva.png 300w, https:\/\/arredodue.com.al\/wp-content\/uploads\/2026\/02\/minerva-18x8.png 18w\" sizes=\"(max-width: 300px) 100vw, 300px\" \/>\t\t\t\t\t\t\t\t\t\t\t\t\t\t\t<\/div>\n\t\t\t\t<\/div>\n\t\t\t\t<\/div>\n\t\t<div class=\"elementor-element elementor-element-bd1d919 e-flex e-con-boxed e-con e-parent\" data-id=\"bd1d919\" data-element_type=\"container\">\n\t\t\t\t\t<div class=\"e-con-inner\">\n\t\t<div class=\"elementor-element elementor-element-8bcaa3c e-con-full e-flex e-con e-child\" data-id=\"8bcaa3c\" data-element_type=\"container\">\n\t\t\t\t<\/div>\n\t\t<div class=\"elementor-element elementor-element-1a17da5 e-con-full e-flex e-con e-child\" data-id=\"1a17da5\" data-element_type=\"container\">\n\t\t\t\t<\/div>\n\t\t<div class=\"elementor-element elementor-element-0073a12 e-con-full e-flex e-con e-child\" data-id=\"0073a12\" data-element_type=\"container\">\n\t\t\t\t<\/div>\n\t\t<div class=\"elementor-element elementor-element-b856b34 e-con-full e-flex e-con e-child\" data-id=\"b856b34\" data-element_type=\"container\">\n\t\t\t\t<\/div>\n\t\t<div class=\"elementor-element elementor-element-126ae05 e-con-full e-flex e-con e-child\" data-id=\"126ae05\" data-element_type=\"container\">\n\t\t\t\t<\/div>\n\t\t\t\t\t<\/div>\n\t\t\t\t<\/div>\n\t\t<div class=\"elementor-element elementor-element-c958d93 e-flex e-con-boxed e-con e-parent\" data-id=\"c958d93\" data-element_type=\"container\">\n\t\t\t\t\t<div class=\"e-con-inner\">\n\t\t<div class=\"elementor-element elementor-element-65672a5 e-con-full e-flex e-con e-child\" data-id=\"65672a5\" data-element_type=\"container\">\n\t\t\t\t<\/div>\n\t\t<div class=\"elementor-element elementor-element-ddded6e e-con-full e-flex e-con e-child\" data-id=\"ddded6e\" data-element_type=\"container\">\n\t\t\t\t<\/div>\n\t\t<div class=\"elementor-element elementor-element-522825d e-con-full e-flex e-con e-child\" data-id=\"522825d\" data-element_type=\"container\">\n\t\t\t\t<\/div>\n\t\t<div class=\"elementor-element elementor-element-d97170a e-con-full e-flex e-con e-child\" data-id=\"d97170a\" data-element_type=\"container\">\n\t\t\t\t<\/div>\n\t\t<div class=\"elementor-element elementor-element-14ed873 e-con-full e-flex e-con e-child\" data-id=\"14ed873\" data-element_type=\"container\">\n\t\t\t\t<\/div>\n\t\t\t\t\t<\/div>\n\t\t\t\t<\/div>\n\t\t<div class=\"elementor-element elementor-element-979479e e-flex e-con-boxed e-con e-parent\" data-id=\"979479e\" data-element_type=\"container\">\n\t\t\t\t\t<div class=\"e-con-inner\">\n\t\t\t\t<div class=\"elementor-element elementor-element-65030c2 elementor-widget elementor-widget-spacer\" data-id=\"65030c2\" data-element_type=\"widget\" data-widget_type=\"spacer.default\">\n\t\t\t\t\t\t\t<div class=\"elementor-spacer\">\n\t\t\t<div class=\"elementor-spacer-inner\"><\/div>\n\t\t<\/div>\n\t\t\t\t\t\t<\/div>\n\t\t\t\t\t<\/div>\n\t\t\t\t<\/div>\n\t\t\t\t<\/div>","protected":false},"excerpt":{"rendered":"<p>Quality and Reliability Your Trusted Partner in Gastronomy Arredo Due is an Albanian company founded in 2005, with over 20 years of experience in the market of new professional equipment for the gastronomy sector. For many years, the company has been a trusted partner for bars, restaurants, pastry shops, gelaterias, pizzerias, fast-food outlets, bakeries, and [&hellip;]<\/p>","protected":false},"author":1,"featured_media":0,"parent":0,"menu_order":0,"comment_status":"closed","ping_status":"closed","template":"","meta":{"_eb_attr":"","_custom_body_classes":"","wd_custom_header_options":"","wd_sticky_header":false,"wd_transparent_header":false,"wd_header_cap":false,"footnotes":""},"class_list":["post-1912","page","type-page","status-publish","hentry"],"_links":{"self":[{"href":"https:\/\/arredodue.com.al\/sq\/wp-json\/wp\/v2\/pages\/1912","targetHints":{"allow":["GET"]}}],"collection":[{"href":"https:\/\/arredodue.com.al\/sq\/wp-json\/wp\/v2\/pages"}],"about":[{"href":"https:\/\/arredodue.com.al\/sq\/wp-json\/wp\/v2\/types\/page"}],"author":[{"embeddable":true,"href":"https:\/\/arredodue.com.al\/sq\/wp-json\/wp\/v2\/users\/1"}],"replies":[{"embeddable":true,"href":"https:\/\/arredodue.com.al\/sq\/wp-json\/wp\/v2\/comments?post=1912"}],"version-history":[{"count":31,"href":"https:\/\/arredodue.com.al\/sq\/wp-json\/wp\/v2\/pages\/1912\/revisions"}],"predecessor-version":[{"id":5435,"href":"https:\/\/arredodue.com.al\/sq\/wp-json\/wp\/v2\/pages\/1912\/revisions\/5435"}],"wp:attachment":[{"href":"https:\/\/arredodue.com.al\/sq\/wp-json\/wp\/v2\/media?parent=1912"}],"curies":[{"name":"wp","href":"https:\/\/api.w.org\/{rel}","templated":true}]}}