{"id":338,"date":"2020-07-24T17:07:39","date_gmt":"2020-07-24T17:07:39","guid":{"rendered":"http:\/\/themes.webdevia.com\/bathrooms-wordpress-theme\/kitchens-demo\/?page_id=338"},"modified":"2026-01-23T12:40:03","modified_gmt":"2026-01-23T12:40:03","slug":"contact","status":"publish","type":"page","link":"https:\/\/arredodue.com.al\/sq\/contact\/","title":{"rendered":"Kontakt"},"content":{"rendered":"<div data-elementor-type=\"wp-page\" data-elementor-id=\"338\" class=\"elementor elementor-338\">\n\t\t\t\t<div class=\"elementor-element elementor-element-bad97b9 e-grid e-con-boxed e-con e-parent\" data-id=\"bad97b9\" data-element_type=\"container\">\n\t\t\t\t\t<div class=\"e-con-inner\">\n\t\t\t\t<div class=\"elementor-element elementor-element-f979db9 elementor-widget elementor-widget-text-editor\" data-id=\"f979db9\" data-element_type=\"widget\" data-widget_type=\"text-editor.default\">\n\t\t\t\t\t\t\t\t\t<div class=\"ad-box\">\n<div class=\"ad-head\">\n<div class=\"ad-ico\"><i class=\"fa-solid fa-building\"><\/i><\/div>\n<h3 class=\"ad-title\">Biznesi<\/h3>\n<\/div>\n<div class=\"ad-big\">ARREDO &#8211; DUE<\/div>\n<div class=\"ad-text\">Pajisje profesionale p\u00ebr bare dhe restorante, dizajn dhe furnizim i plot\u00eb.<\/div>\n<div class=\"ad-text\" style=\"margin-top: 10px; font-weight: bold; color: #d04808;\"><i class=\"fa-solid fa-circle-check\"><\/i> Cil\u00ebsi \u2022 Besueshm\u00ebri \u2022 Eksperienc\u00eb<\/div>\n<\/div>\t\t\t\t\t\t\t\t<\/div>\n\t\t\t\t<div class=\"elementor-element elementor-element-8b80c97 elementor-widget elementor-widget-text-editor\" data-id=\"8b80c97\" data-element_type=\"widget\" data-widget_type=\"text-editor.default\">\n\t\t\t\t\t\t\t\t\t<div class=\"ad-box\">\n<div class=\"ad-head\">\n<div class=\"ad-ico\"><i class=\"fa-solid fa-phone\"><\/i><\/div>\n<h3 class=\"ad-title\">NUM\u00cbR TELEFONI<\/h3>\n<\/div>\n<div class=\"ad-text\"><a href=\"tel:+355672012230\">+355 67 201 2230<\/a><\/div>\n<div class=\"ad-text\" style=\"margin-top: 60px; font-weight: bold; color: #d04808;\"><i class=\"fa-solid fa-headset\"><\/i> Na kontaktoni p\u00ebr informacion<\/div>\n<\/div>\t\t\t\t\t\t\t\t<\/div>\n\t\t\t\t<div class=\"elementor-element elementor-element-b55d6ae elementor-widget elementor-widget-text-editor\" data-id=\"b55d6ae\" data-element_type=\"widget\" data-widget_type=\"text-editor.default\">\n\t\t\t\t\t\t\t\t\t<div class=\"ad-box\">\n  <div class=\"ad-head\">\n    <div class=\"ad-ico\">\n      <i class=\"fa-solid fa-envelope\"><\/i>\n    <\/div>\n    <h3 class=\"ad-title\">Email<\/h3>\n  <\/div>\n\n  <div class=\"ad-text\" style=\"margin-top:12px;\">\n    <a href=\"mailto:kosturialtin@gmail.com\">kosturialtin@gmail.com<\/a><br>\n    <a href=\"mailto:info@arredodue.com.al\">info@arredodue.com.al<\/a>\n  <\/div>\n\n  <div class=\"ad-text\" style=\"margin-top:35px; font-weight:700; color:#d04808;\">\n    <i class=\"fa-solid fa-reply\"><\/i> Ne p\u00ebrgjigjemi brenda 24 or\u00ebve\n  <\/div>\n<\/div>\n\t\t\t\t\t\t\t\t<\/div>\n\t\t\t\t<div class=\"elementor-element elementor-element-346f964 elementor-widget elementor-widget-text-editor\" data-id=\"346f964\" data-element_type=\"widget\" data-widget_type=\"text-editor.default\">\n\t\t\t\t\t\t\t\t\t<div class=\"ad-box\">\n<div class=\"ad-head\">\n<div class=\"ad-ico\"><i class = \"fa-solid fa-share-nodes\"><\/i><\/div>\n<h3 class=\"ad-title\">Rrjetet Sociale<\/h3>\n<\/div>\n<div class=\"ad-text\">Na ndiqni n\u00eb rrjetet sociale p\u00ebr produktet e reja dhe projektet tona m\u00eb t\u00eb fundit.<\/div>\n<div class=\"ad-socials\"><a class=\"ad-social\" href=\"https:\/\/www.facebook.com\/arredodueal\/\" target=\"_blank\" rel=\"noopener\">\n<i class=\"fa-brands fa-facebook-f\"><\/i> Facebook\n<\/a><a class=\"ad-social\" href=\"https:\/\/www.instagram.com\/arredo.due\/?hl=en\" target=\"_blank\" rel=\"noopener\">\n<i class=\"fa-brands fa-instagram\"><\/i> Instagram\n<\/a><a class=\"ad-social\" href=\"https:\/\/wa.me\/355672012230\" target=\"_blank\" rel=\"noopener\">\n<i class=\"fa-brands fa-whatsapp\"><\/i> WhatsApp\n<\/a><\/div>\n<div class=\"ad-text\" style=\"margin-top: 10px; font-weight: bold; color: #d04808;\"><i class=\"fa-solid fa-bell\"><\/i> Q\u00ebndroni t\u00eb lidhur p\u00ebr p\u00ebrdit\u00ebsimet m\u00eb t\u00eb fundit.<\/div>\n<\/div>\t\t\t\t\t\t\t\t<\/div>\n\t\t\t\t<div class=\"elementor-element elementor-element-19e3ed6 elementor-widget elementor-widget-text-editor\" data-id=\"19e3ed6\" data-element_type=\"widget\" data-widget_type=\"text-editor.default\">\n\t\t\t\t\t\t\t\t\t<div class=\"ad-box\">\n<div class=\"ad-head\">\n<div class=\"ad-ico\"><i class=\"fa-solid fa-id-card\"><\/i><\/div>\n<h3 class=\"ad-title\">NIPT<\/h3>\n<\/div>\n<div class=\"ad-big\" style=\"margin-top: 77px;\">K52301011C<\/div>\n<div class=\"ad-text\">Numri i Identifikimit Tatimor<\/div>\n<\/div>\t\t\t\t\t\t\t\t<\/div>\n\t\t\t\t<div class=\"elementor-element elementor-element-33a59b5 elementor-widget elementor-widget-text-editor\" data-id=\"33a59b5\" data-element_type=\"widget\" data-widget_type=\"text-editor.default\">\n\t\t\t\t\t\t\t\t\t<div class=\"ad-box\">\n<div class=\"ad-head\">\n<div class=\"ad-ico\"><i class=\"fa-solid fa-location-dot\"><\/i><\/div>\n<h3 class=\"ad-title\">Adresa<\/h3>\n<\/div>\n<div class=\"ad-text\" style=\"margin-top: 85px;\">Tek Kthesa e Kamz\u00ebs, pran\u00eb Terminalit t\u00eb ri,\nRruga Kastriotet, Tiran\u00eb 1050<\/div>\n<\/div>\t\t\t\t\t\t\t\t<\/div>\n\t\t\t\t\t<\/div>\n\t\t\t\t<\/div>\n\t\t<div class=\"elementor-element elementor-element-11155d9 e-flex e-con-boxed e-con e-parent\" data-id=\"11155d9\" data-element_type=\"container\">\n\t\t\t\t\t<div class=\"e-con-inner\">\n\t\t<div class=\"elementor-element elementor-element-6ab1429 e-con-full e-flex e-con e-child\" data-id=\"6ab1429\" data-element_type=\"container\">\n\t\t\t\t<div class=\"elementor-element elementor-element-94b8e9c elementor-widget elementor-widget-text-editor\" data-id=\"94b8e9c\" data-element_type=\"widget\" data-widget_type=\"text-editor.default\">\n\t\t\t\t\t\t\t\t\t<p><span class=\"_aupe copyable-text xkrh14z\">\n<div class=\"wpcf7 no-js\" id=\"wpcf7-f3488-o1\" lang=\"en-US\" dir=\"ltr\" data-wpcf7-id=\"3488\">\n<div class=\"screen-reader-response\"><p role=\"status\" aria-live=\"polite\" aria-atomic=\"true\"><\/p> <ul><\/ul><\/div>\n<form action=\"\/sq\/wp-json\/wp\/v2\/pages\/338#wpcf7-f3488-o1\" method=\"post\" class=\"wpcf7-form init\" aria-label=\"Contact form\" novalidate=\"novalidate\" data-status=\"init\" data-trp-original-action=\"\/sq\/wp-json\/wp\/v2\/pages\/338#wpcf7-f3488-o1\">\n<fieldset class=\"hidden-fields-container\"><input type=\"hidden\" name=\"_wpcf7\" value=\"3488\" \/><input type=\"hidden\" name=\"_wpcf7_version\" value=\"6.1.4\" \/><input type=\"hidden\" name=\"_wpcf7_locale\" value=\"en_US\" \/><input type=\"hidden\" name=\"_wpcf7_unit_tag\" value=\"wpcf7-f3488-o1\" \/><input type=\"hidden\" name=\"_wpcf7_container_post\" value=\"0\" \/><input type=\"hidden\" name=\"_wpcf7_posted_data_hash\" value=\"\" \/>\n<\/fieldset>\n<div style=\"display: flex; gap: 1em; margin-bottom: 1em;\">\n<div><label> Em\u00ebr* <span class=\"wpcf7-form-control-wrap\" data-name=\"your-name\"><input size=\"40\" maxlength=\"400\" class=\"wpcf7-form-control wpcf7-text wpcf7-validates-as-required\" aria-required=\"true\" aria-invalid=\"false\" value=\"\" type=\"text\" name=\"your-name\" \/><\/span> <\/label><\/div>\n<div><label> Mbiem\u00ebr* <span class=\"wpcf7-form-control-wrap\" data-name=\"your-last\"><input size=\"40\" maxlength=\"400\" class=\"wpcf7-form-control wpcf7-text wpcf7-validates-as-required\" aria-required=\"true\" aria-invalid=\"false\" value=\"\" type=\"text\" name=\"your-last\" \/><\/span> <\/label> \n<\/div><\/div>\n<div style=\"display: flex; gap: 1em; margin-bottom: 1em;\">\n<div><label> Tel* <span class=\"wpcf7-form-control-wrap\" data-name=\"your-phone\"><input size=\"40\" maxlength=\"400\" class=\"wpcf7-form-control wpcf7-text\" aria-invalid=\"false\" value=\"\" type=\"text\" name=\"your-phone\" \/><\/span> <\/label><\/div>\n<div><label> Email* <span class=\"wpcf7-form-control-wrap\" data-name=\"your-email\"><input size=\"40\" maxlength=\"400\" class=\"wpcf7-form-control wpcf7-email wpcf7-validates-as-required wpcf7-text wpcf7-validates-as-email\" aria-required=\"true\" aria-invalid=\"false\" value=\"\" type=\"email\" name=\"your-email\" \/><\/span> <\/label><\/div>\n<\/div><div style=\"display: flex; gap: 1em; margin-bottom: 1em;\">\n<div><label> Mesazhi* <span class=\"wpcf7-form-control-wrap\" data-name=\"your-message\"><textarea cols=\"80\" rows=\"3\" maxlength=\"2000\" class=\"wpcf7-form-control wpcf7-textarea\" aria-invalid=\"false\" placeholder=\"Mesazhi\" name=\"your-message\"><\/textarea><\/span> <\/label>\n<\/div><\/div>\n<div style=\"display: flex; gap: 1em;\"><div><label> <input class=\"wpcf7-form-control wpcf7-submit has-spinner wp-element-button small\" type=\"submit\" value=\"Send\" \/><\/label><\/div>\n<\/div><div class=\"wpcf7-response-output\" aria-hidden=\"true\"><\/div>\n<input type=\"hidden\" name=\"trp-form-language\" value=\"sq\"\/><\/form>\n<\/div>\n<\/span><\/p>\t\t\t\t\t\t\t\t<\/div>\n\t\t\t\t<\/div>\n\t\t<div class=\"elementor-element elementor-element-7ece580 e-con-full e-flex e-con e-child\" data-id=\"7ece580\" data-element_type=\"container\">\n\t\t\t\t<div class=\"elementor-element elementor-element-05f5b71 elementor-widget elementor-widget-google_maps\" data-id=\"05f5b71\" data-element_type=\"widget\" data-widget_type=\"google_maps.default\">\n\t\t\t\t\t\t\t<div class=\"elementor-custom-embed\">\n\t\t\t<iframe loading=\"lazy\"\n\t\t\t\t\tsrc=\"https:\/\/maps.google.com\/maps?q=ArredoDue&#038;t=m&#038;z=15&#038;output=embed&#038;iwloc=near\"\n\t\t\t\t\ttitle=\"ArredoDue\"\n\t\t\t\t\taria-label=\"ArredoDue\"\n\t\t\t><\/iframe>\n\t\t<\/div>\n\t\t\t\t\t\t<\/div>\n\t\t\t\t<\/div>\n\t\t\t\t\t<\/div>\n\t\t\t\t<\/div>\n\t\t\t\t<\/div>","protected":false},"excerpt":{"rendered":"<p>Business ARREDO &#8211; DUE Professional equipment for bars &amp; restaurants, design and complete supply. Quality \u2022 Reliability \u2022 Experience Phone Number +355 67 201 2230 Contact us for information Email kosturialtin@gmail.com info@arredodue.com.al We reply within 24 hours Social Media Follow us on social media for new products and our latest projects. Facebook Instagram WhatsApp Stay [&hellip;]<\/p>","protected":false},"author":1,"featured_media":0,"parent":0,"menu_order":0,"comment_status":"closed","ping_status":"closed","template":"","meta":{"_eb_attr":"","_custom_body_classes":"","wd_custom_header_options":"","wd_sticky_header":false,"wd_transparent_header":false,"wd_header_cap":false,"footnotes":""},"class_list":["post-338","page","type-page","status-publish","hentry"],"_links":{"self":[{"href":"https:\/\/arredodue.com.al\/sq\/wp-json\/wp\/v2\/pages\/338","targetHints":{"allow":["GET"]}}],"collection":[{"href":"https:\/\/arredodue.com.al\/sq\/wp-json\/wp\/v2\/pages"}],"about":[{"href":"https:\/\/arredodue.com.al\/sq\/wp-json\/wp\/v2\/types\/page"}],"author":[{"embeddable":true,"href":"https:\/\/arredodue.com.al\/sq\/wp-json\/wp\/v2\/users\/1"}],"replies":[{"embeddable":true,"href":"https:\/\/arredodue.com.al\/sq\/wp-json\/wp\/v2\/comments?post=338"}],"version-history":[{"count":87,"href":"https:\/\/arredodue.com.al\/sq\/wp-json\/wp\/v2\/pages\/338\/revisions"}],"predecessor-version":[{"id":5370,"href":"https:\/\/arredodue.com.al\/sq\/wp-json\/wp\/v2\/pages\/338\/revisions\/5370"}],"wp:attachment":[{"href":"https:\/\/arredodue.com.al\/sq\/wp-json\/wp\/v2\/media?parent=338"}],"curies":[{"name":"wp","href":"https:\/\/api.w.org\/{rel}","templated":true}]}}