{"id":3714,"date":"2026-01-14T11:13:32","date_gmt":"2026-01-14T11:13:32","guid":{"rendered":"https:\/\/real.arredodue.com.al\/?page_id=3714"},"modified":"2026-01-21T10:50:00","modified_gmt":"2026-01-21T10:50:00","slug":"services","status":"publish","type":"page","link":"https:\/\/arredodue.com.al\/sq\/services\/","title":{"rendered":"Commercial Kitchen Services Albania"},"content":{"rendered":"<div data-elementor-type=\"wp-page\" data-elementor-id=\"3714\" class=\"elementor elementor-3714\">\n\t\t\t\t<div class=\"elementor-element elementor-element-459e4e9 e-flex e-con-boxed e-con e-parent\" data-id=\"459e4e9\" data-element_type=\"container\">\n\t\t\t\t\t<div class=\"e-con-inner\">\n\t\t\t\t<div class=\"elementor-element elementor-element-a03021c elementor-widget elementor-widget-heading\" data-id=\"a03021c\" data-element_type=\"widget\" data-widget_type=\"heading.default\">\n\t\t\t\t\t<h1 class=\"elementor-heading-title elementor-size-default\">Sh\u00ebrbimet<\/h1>\t\t\t\t<\/div>\n\t\t\t\t<div class=\"elementor-element elementor-element-8b7ea51 elementor-widget-divider--view-line elementor-widget elementor-widget-divider\" data-id=\"8b7ea51\" data-element_type=\"widget\" data-widget_type=\"divider.default\">\n\t\t\t\t\t\t\t<div class=\"elementor-divider\">\n\t\t\t<span class=\"elementor-divider-separator\">\n\t\t\t\t\t\t<\/span>\n\t\t<\/div>\n\t\t\t\t\t\t<\/div>\n\t\t\t\t\t<\/div>\n\t\t\t\t<\/div>\n\t\t<div class=\"elementor-element elementor-element-939687f e-flex e-con-boxed e-con e-parent\" data-id=\"939687f\" data-element_type=\"container\">\n\t\t\t\t\t<div class=\"e-con-inner\">\n\t\t\t\t<div class=\"elementor-element elementor-element-acb6b05 elementor-widget elementor-widget-spacer\" data-id=\"acb6b05\" data-element_type=\"widget\" data-widget_type=\"spacer.default\">\n\t\t\t\t\t\t\t<div class=\"elementor-spacer\">\n\t\t\t<div class=\"elementor-spacer-inner\"><\/div>\n\t\t<\/div>\n\t\t\t\t\t\t<\/div>\n\t\t\t\t<div class=\"elementor-element elementor-element-08c4f8e elementor-widget elementor-widget-heading\" data-id=\"08c4f8e\" data-element_type=\"widget\" data-widget_type=\"heading.default\">\n\t\t\t\t\t<h2 class=\"elementor-heading-title elementor-size-default\">P\u00ebrvoja e Arredo Due<\/h2>\t\t\t\t<\/div>\n\t\t\t\t<div class=\"elementor-element elementor-element-788d6fa elementor-widget elementor-widget-text-editor\" data-id=\"788d6fa\" data-element_type=\"widget\" data-widget_type=\"text-editor.default\">\n\t\t\t\t\t\t\t\t\t<p>Arredo Due ofron nj\u00eb gam\u00eb t\u00eb plot\u00eb sh\u00ebrbimesh p\u00ebr t\u00eb siguruar nj\u00eb konfigurim t\u00eb qet\u00eb dhe t\u00eb besuesh\u00ebm t\u00eb hap\u00ebsirave profesionale tregtare. Nga transporti i sigurt i pajisjeve deri te instalimi profesional dhe asistenca teknike e vazhdueshme, \u00e7do hap trajtohet nga specialist\u00eb me p\u00ebrvoj\u00eb. Kompania siguron q\u00eb t\u00eb gjitha pajisjet e furrave t\u00eb buk\u00ebs, restoranteve, bareve, marketeve dhe sh\u00ebrbimeve ushqimore t\u00eb dor\u00ebzohen, instalohen dhe mir\u00ebmbahen sipas standardeve t\u00eb larta teknike dhe t\u00eb siguris\u00eb, duke u ofruar klient\u00ebve efikasitet, besueshm\u00ebri dhe mb\u00ebshtetje operative afatgjat\u00eb.<\/p>\t\t\t\t\t\t\t\t<\/div>\n\t\t\t\t\t<\/div>\n\t\t\t\t<\/div>\n\t\t<div class=\"elementor-element elementor-element-5a96051 e-flex e-con-boxed e-con e-parent\" data-id=\"5a96051\" data-element_type=\"container\">\n\t\t\t\t\t<div class=\"e-con-inner\">\n\t\t\t\t<div class=\"elementor-element elementor-element-ad2f576 elementor-widget elementor-widget-text-editor\" data-id=\"ad2f576\" data-element_type=\"widget\" data-widget_type=\"text-editor.default\">\n\t\t\t\t\t\t\t\t\t<section style=\"background: #ffffff;\"><div style=\"max-width: 1500px; content-align: left; margin: 0 auto; padding: 60px 20px 40px 20px;\"><div style=\"display: flex; gap: 32px; align-items: flex-start; justify-content: space-between; flex-wrap: wrap;\"><p><!-- Column 1 --><\/p><div style=\"flex: 1; min-width: 260px; position: relative;\"><div style=\"position: absolute; top: -55px; left: 70px; font-family: Arial, Helvetica, sans-serif; font-size: 140px; font-weight: 800; line-height: 1; color: transparent; -webkit-text-stroke: 2px rgba(140,140,140,0.25); opacity: 1; pointer-events: none;\">01<\/div><h3 style=\"margin: 0 0 14px 0; font-family: Arial, Helvetica, sans-serif; font-size: 34px; font-weight: bold; color: #6f6f6f;\">Instalimi<\/h3><div style=\"background: #f6dcc5; padding: 26px 26px; min-height: 165px; display: flex; align-items: center;\"><p style=\"margin: 0; font-family: Arial, Helvetica, sans-serif; font-size: 15px; line-height: 1.75; color: #7a7a7a; max-width: 320px; white-space: normal;\">Ne ofrojm\u00eb instalim profesional t\u00eb t\u00eb gjitha pajisjeve, makinerive dhe mobiljeve Arredo Due. Teknik\u00ebt tan\u00eb sigurojn\u00eb instalim t\u00eb sigurt, t\u00eb sakt\u00eb dhe t\u00eb kujdessh\u00ebm p\u00ebr funksionim t\u00eb menj\u00ebhersh\u00ebm.<\/p><\/div><\/div><p><!-- Column 2 --><\/p><div style=\"flex: 1; min-width: 260px; position: relative;\"><div style=\"position: absolute; top: -55px; left: 70px; font-family: Arial, Helvetica, sans-serif; font-size: 140px; font-weight: 800; line-height: 1; color: transparent; -webkit-text-stroke: 2px rgba(140,140,140,0.25); opacity: 1; pointer-events: none;\">02<\/div><h3 style=\"margin: 0 0 14px 0; font-family: Arial, Helvetica, sans-serif; font-size: 34px; font-weight: bold; color: #6f6f6f;\">Transporti<\/h3><div style=\"background: #f6dcc5; padding: 26px 26px; min-height: 165px; display: flex; align-items: center;\"><p style=\"margin: 0; font-family: Arial, Helvetica, sans-serif; font-size: 15px; line-height: 1.75; color: #7a7a7a; max-width: 320px; white-space: normal;\">Arredo Due ofron transport t\u00eb sigurt dhe efikas p\u00ebr t\u00eb gjitha pajisjet. Produktet paketohen me kujdes dhe dor\u00ebzohen n\u00eb koh\u00eb, duke siguruar q\u00eb ato t\u00eb mb\u00ebrrijn\u00eb n\u00eb gjendje t\u00eb p\u00ebrsosur dhe gati p\u00ebr instalim.<\/p><\/div><\/div><p><!-- Column 3 --><\/p><div style=\"flex: 1; min-width: 260px; position: relative;\"><div style=\"position: absolute; top: -55px; left: 70px; font-family: Arial, Helvetica, sans-serif; font-size: 140px; font-weight: 800; line-height: 1; color: transparent; -webkit-text-stroke: 2px rgba(140,140,140,0.25); opacity: 1; pointer-events: none;\">03<\/div><h3 style=\"margin: 0 0 14px 0; font-family: Arial, Helvetica, sans-serif; font-size: 34px; font-weight: bold; color: #6f6f6f;\">Asistenc\u00eb Teknike<\/h3><div style=\"background: #f6dcc5; padding: 26px 26px; min-height: 165px; display: flex; align-items: center;\"><p style=\"margin: 0; font-family: Arial, Helvetica, sans-serif; font-size: 15px; line-height: 1.75; color: #7a7a7a; max-width: 320px; white-space: normal;\">Ne ofrojm\u00eb asistenc\u00eb teknike t\u00eb besueshme dhe mb\u00ebshtetje pas shitjes p\u00ebr t\u00eb gjitha pajisjet e furnizuara. Ekipi yn\u00eb me p\u00ebrvoj\u00eb siguron performanc\u00eb, siguri dhe efikasitet afatgjat\u00eb.<\/p><\/div><\/div><\/div><\/div><\/section>\t\t\t\t\t\t\t\t<\/div>\n\t\t\t\t\t<\/div>\n\t\t\t\t<\/div>\n\t\t<div class=\"elementor-element elementor-element-3b18d69a e-con-full e-flex e-con e-parent\" data-id=\"3b18d69a\" data-element_type=\"container\">\n\t\t\t\t<div class=\"elementor-element elementor-element-39f73d4 elementor-widget elementor-widget-text-editor\" data-id=\"39f73d4\" data-element_type=\"widget\" data-widget_type=\"text-editor.default\">\n\t\t\t\t\t\t\t\t\t<section style=\"background: #f6eee6; width: 100vw; margin-left: calc(-50vw + 50%); margin-right: calc(-50vw + 50%);\"><div style=\"padding: 60px 6vw 70px 6vw; position: relative;\"><div style=\"display: flex; align-items: flex-start; justify-content: space-between; gap: 20px; flex-wrap: wrap;\"><p style=\"margin: 0; font-family: Arial, Helvetica, sans-serif; font-size: 13px; font-weight: bold; letter-spacing: 0.06em; text-transform: uppercase; color: #7b6f67;\">LE T\u00cb PUNOJM\u00cb S\u00cb BASHKU<\/p><p><a style=\"display: inline-block; padding: 12px 26px; border-radius: 999px; background: #d95c2c; color: #ffffff; text-decoration: none; font-family: Arial, Helvetica, sans-serif; font-size: 14px; font-weight: bold;\" href=\"https:\/\/arredodue.com.al\/sq\/contact\/\">Le t\u00eb jemi n\u00eb kontakt<br \/><\/a><\/p><\/div><h2 style=\"margin: 18px 0 18px 0; font-family: Arial, Helvetica, sans-serif; font-size: 36px; font-weight: 800; line-height: 1.05; color: #171717; max-width: 980px;\">P\u00ebr t\u00eb filluar nj\u00eb bised\u00eb rreth sh\u00ebrbimeve tona,<br \/>ju lutemi mos hezitoni t\u00eb na d\u00ebrgoni nj\u00eb email.<\/h2><p style=\"margin: 0; max-width: 920px; font-family: Arial, Helvetica, sans-serif; font-size: 16px; line-height: 1.75; color: #2f2f2f;\">Ne besojm\u00eb n\u00eb nj\u00eb qasje bashk\u00ebpunuese dhe transparente p\u00ebr ta b\u00ebr\u00eb vizionin tuaj t\u00eb jetoj\u00eb. Ne e kuptojm\u00eb q\u00eb \u00e7do projekt \u00ebsht\u00eb unik dhe jemi t\u00eb p\u00ebrkushtuar p\u00ebr t\u00eb ofruar rezultate t\u00eb jasht\u00ebzakonshme q\u00eb tejkalojn\u00eb pritjet tuaja.<\/p><\/div><\/section>\t\t\t\t\t\t\t\t<\/div>\n\t\t\t\t<\/div>\n\t\t\t\t<\/div>","protected":false},"excerpt":{"rendered":"<p>Services The Arredo Due Experience Arredo Due offers a complete range of services to ensure a smooth and reliable setup of professional commercial spaces. From safe transport of equipment to professional installation and ongoing technical assistance, every step is handled by experienced specialists. The company ensures that all bakery, restaurant, bar, market, and food-service equipment [&hellip;]<\/p>","protected":false},"author":1,"featured_media":0,"parent":0,"menu_order":0,"comment_status":"closed","ping_status":"closed","template":"page-no-title","meta":{"_eb_attr":"","_custom_body_classes":"","wd_custom_header_options":"","wd_sticky_header":false,"wd_transparent_header":false,"wd_header_cap":false,"footnotes":""},"class_list":["post-3714","page","type-page","status-publish","hentry"],"_links":{"self":[{"href":"https:\/\/arredodue.com.al\/sq\/wp-json\/wp\/v2\/pages\/3714","targetHints":{"allow":["GET"]}}],"collection":[{"href":"https:\/\/arredodue.com.al\/sq\/wp-json\/wp\/v2\/pages"}],"about":[{"href":"https:\/\/arredodue.com.al\/sq\/wp-json\/wp\/v2\/types\/page"}],"author":[{"embeddable":true,"href":"https:\/\/arredodue.com.al\/sq\/wp-json\/wp\/v2\/users\/1"}],"replies":[{"embeddable":true,"href":"https:\/\/arredodue.com.al\/sq\/wp-json\/wp\/v2\/comments?post=3714"}],"version-history":[{"count":77,"href":"https:\/\/arredodue.com.al\/sq\/wp-json\/wp\/v2\/pages\/3714\/revisions"}],"predecessor-version":[{"id":5328,"href":"https:\/\/arredodue.com.al\/sq\/wp-json\/wp\/v2\/pages\/3714\/revisions\/5328"}],"wp:attachment":[{"href":"https:\/\/arredodue.com.al\/sq\/wp-json\/wp\/v2\/media?parent=3714"}],"curies":[{"name":"wp","href":"https:\/\/api.w.org\/{rel}","templated":true}]}}