{"id":4009,"date":"2026-01-15T09:12:16","date_gmt":"2026-01-15T09:12:16","guid":{"rendered":"https:\/\/real.arredodue.com.al\/?page_id=4009"},"modified":"2026-02-06T09:39:35","modified_gmt":"2026-02-06T09:39:35","slug":"supermarket-equipment","status":"publish","type":"page","link":"https:\/\/arredodue.com.al\/sq\/supermarket-equipment\/","title":{"rendered":"Supermarket Equipment Albania"},"content":{"rendered":"<div data-elementor-type=\"wp-page\" data-elementor-id=\"4009\" class=\"elementor elementor-4009\">\n\t\t\t\t<div class=\"elementor-element elementor-element-b811d40 e-flex e-con-boxed e-con e-parent\" data-id=\"b811d40\" data-element_type=\"container\" data-settings=\"{&quot;background_background&quot;:&quot;classic&quot;}\">\n\t\t\t\t\t<div class=\"e-con-inner\">\n\t\t<div class=\"elementor-element elementor-element-3f30bf5 e-con-full e-flex e-con e-child\" data-id=\"3f30bf5\" data-element_type=\"container\">\n\t\t\t\t<div class=\"elementor-element elementor-element-fbec094 elementor-widget elementor-widget-spacer\" data-id=\"fbec094\" data-element_type=\"widget\" data-widget_type=\"spacer.default\">\n\t\t\t\t\t\t\t<div class=\"elementor-spacer\">\n\t\t\t<div class=\"elementor-spacer-inner\"><\/div>\n\t\t<\/div>\n\t\t\t\t\t\t<\/div>\n\t\t\t\t<div class=\"elementor-element elementor-element-5f61176 elementor-widget elementor-widget-heading\" data-id=\"5f61176\" data-element_type=\"widget\" data-widget_type=\"heading.default\">\n\t\t\t\t\t<h2 class=\"elementor-heading-title elementor-size-default\">Market<\/h2>\t\t\t\t<\/div>\n\t\t\t\t<div class=\"elementor-element elementor-element-04fb486 elementor-widget elementor-widget-text-editor\" data-id=\"04fb486\" data-element_type=\"widget\" data-widget_type=\"text-editor.default\">\n\t\t\t\t\t\t\t\t\t<p>Ne ofrojm\u00eb zgjidhje t\u00eb plota p\u00ebr pajisje supermarketesh, t\u00eb projektuara p\u00ebr ambiente moderne t\u00eb tregtis\u00eb me pakic\u00eb. Gama jon\u00eb p\u00ebrfshin sisteme raftesh, vitrina frigoriferike, dhoma frigoriferike dhe zgjidhje p\u00ebr kasa pagese, t\u00eb nd\u00ebrtuara p\u00ebr performanc\u00eb, efikasitet dhe p\u00ebrdorim afatgjat\u00eb. T\u00eb mb\u00ebshtetur nga dekada p\u00ebrvoje n\u00eb industri, ne i mb\u00ebshtesim tregtar\u00ebt me produkte dhe sh\u00ebrbim t\u00eb besuesh\u00ebm q\u00eb ndihmojn\u00eb dyqanet t\u00eb funksionojn\u00eb pa probleme dhe t\u2019u sh\u00ebrbejn\u00eb m\u00eb mir\u00eb klient\u00ebve.<\/p>\t\t\t\t\t\t\t\t<\/div>\n\t\t\t\t<\/div>\n\t\t<div class=\"elementor-element elementor-element-9488a62 e-con-full e-flex e-con e-child\" data-id=\"9488a62\" data-element_type=\"container\">\n\t\t\t\t<div class=\"elementor-element elementor-element-d67c396 elementor-widget elementor-widget-image\" data-id=\"d67c396\" data-element_type=\"widget\" data-widget_type=\"image.default\">\n\t\t\t\t\t\t\t\t\t\t\t\t\t\t\t<img fetchpriority=\"high\" decoding=\"async\" width=\"2560\" height=\"1920\" src=\"https:\/\/arredodue.com.al\/wp-content\/uploads\/2026\/01\/franki-chamaki-ivfp_yxZuYQ-unsplash-scaled.jpg\" class=\"attachment-full size-full wp-image-4055\" alt=\"\" srcset=\"https:\/\/arredodue.com.al\/wp-content\/uploads\/2026\/01\/franki-chamaki-ivfp_yxZuYQ-unsplash-scaled.jpg 2560w, https:\/\/arredodue.com.al\/wp-content\/uploads\/2026\/01\/franki-chamaki-ivfp_yxZuYQ-unsplash-300x225.jpg 300w, https:\/\/arredodue.com.al\/wp-content\/uploads\/2026\/01\/franki-chamaki-ivfp_yxZuYQ-unsplash-1024x768.jpg 1024w, https:\/\/arredodue.com.al\/wp-content\/uploads\/2026\/01\/franki-chamaki-ivfp_yxZuYQ-unsplash-768x576.jpg 768w, https:\/\/arredodue.com.al\/wp-content\/uploads\/2026\/01\/franki-chamaki-ivfp_yxZuYQ-unsplash-1536x1152.jpg 1536w, https:\/\/arredodue.com.al\/wp-content\/uploads\/2026\/01\/franki-chamaki-ivfp_yxZuYQ-unsplash-2048x1536.jpg 2048w, https:\/\/arredodue.com.al\/wp-content\/uploads\/2026\/01\/franki-chamaki-ivfp_yxZuYQ-unsplash-600x450.jpg 600w\" sizes=\"(max-width: 2560px) 100vw, 2560px\" \/>\t\t\t\t\t\t\t\t\t\t\t\t\t\t\t<\/div>\n\t\t\t\t<\/div>\n\t\t\t\t\t<\/div>\n\t\t\t\t<\/div>\n\t\t<div class=\"elementor-element elementor-element-b237a78 e-flex e-con-boxed e-con e-parent\" data-id=\"b237a78\" data-element_type=\"container\">\n\t\t\t\t\t<div class=\"e-con-inner\">\n\t\t<div class=\"elementor-element elementor-element-3d126fb e-con-full e-flex e-con e-child\" data-id=\"3d126fb\" data-element_type=\"container\">\n\t\t\t\t<div class=\"elementor-element elementor-element-518731b elementor-widget elementor-widget-image\" data-id=\"518731b\" data-element_type=\"widget\" data-settings=\"{&quot;_animation&quot;:&quot;none&quot;}\" data-widget_type=\"image.default\">\n\t\t\t\t\t\t\t\t\t\t\t\t\t\t\t<img decoding=\"async\" width=\"2560\" height=\"1464\" src=\"https:\/\/arredodue.com.al\/wp-content\/uploads\/2026\/01\/NT7FG12G-1-4-1-scaled-1-1.png\" class=\"attachment-full size-full wp-image-4412\" alt=\"\" srcset=\"https:\/\/arredodue.com.al\/wp-content\/uploads\/2026\/01\/NT7FG12G-1-4-1-scaled-1-1.png 2560w, https:\/\/arredodue.com.al\/wp-content\/uploads\/2026\/01\/NT7FG12G-1-4-1-scaled-1-1-300x172.png 300w, https:\/\/arredodue.com.al\/wp-content\/uploads\/2026\/01\/NT7FG12G-1-4-1-scaled-1-1-1024x586.png 1024w, https:\/\/arredodue.com.al\/wp-content\/uploads\/2026\/01\/NT7FG12G-1-4-1-scaled-1-1-768x439.png 768w, https:\/\/arredodue.com.al\/wp-content\/uploads\/2026\/01\/NT7FG12G-1-4-1-scaled-1-1-1536x878.png 1536w, https:\/\/arredodue.com.al\/wp-content\/uploads\/2026\/01\/NT7FG12G-1-4-1-scaled-1-1-2048x1171.png 2048w, https:\/\/arredodue.com.al\/wp-content\/uploads\/2026\/01\/NT7FG12G-1-4-1-scaled-1-1-600x343.png 600w\" sizes=\"(max-width: 2560px) 100vw, 2560px\" \/>\t\t\t\t\t\t\t\t\t\t\t\t\t\t\t<\/div>\n\t\t\t\t<div class=\"elementor-element elementor-element-eeb0150 elementor-widget elementor-widget-heading\" data-id=\"eeb0150\" data-element_type=\"widget\" data-widget_type=\"heading.default\">\n\t\t\t\t\t<h4 class=\"elementor-heading-title elementor-size-default\">MURAL<\/h4>\t\t\t\t<\/div>\n\t\t\t\t<\/div>\n\t\t<div class=\"elementor-element elementor-element-e283bcb e-con-full e-flex e-con e-child\" data-id=\"e283bcb\" data-element_type=\"container\">\n\t\t\t\t<div class=\"elementor-element elementor-element-bcb6456 elementor-widget elementor-widget-image\" data-id=\"bcb6456\" data-element_type=\"widget\" data-widget_type=\"image.default\">\n\t\t\t\t\t\t\t\t\t\t\t\t\t\t\t<img decoding=\"async\" width=\"2560\" height=\"1464\" src=\"https:\/\/arredodue.com.al\/wp-content\/uploads\/2026\/01\/NT7FG12G-1-4-1-scaled-2.png\" class=\"attachment-full size-full wp-image-4416\" alt=\"\" srcset=\"https:\/\/arredodue.com.al\/wp-content\/uploads\/2026\/01\/NT7FG12G-1-4-1-scaled-2.png 2560w, https:\/\/arredodue.com.al\/wp-content\/uploads\/2026\/01\/NT7FG12G-1-4-1-scaled-2-300x172.png 300w, https:\/\/arredodue.com.al\/wp-content\/uploads\/2026\/01\/NT7FG12G-1-4-1-scaled-2-1024x586.png 1024w, https:\/\/arredodue.com.al\/wp-content\/uploads\/2026\/01\/NT7FG12G-1-4-1-scaled-2-768x439.png 768w, https:\/\/arredodue.com.al\/wp-content\/uploads\/2026\/01\/NT7FG12G-1-4-1-scaled-2-1536x878.png 1536w, https:\/\/arredodue.com.al\/wp-content\/uploads\/2026\/01\/NT7FG12G-1-4-1-scaled-2-2048x1171.png 2048w, https:\/\/arredodue.com.al\/wp-content\/uploads\/2026\/01\/NT7FG12G-1-4-1-scaled-2-600x343.png 600w\" sizes=\"(max-width: 2560px) 100vw, 2560px\" \/>\t\t\t\t\t\t\t\t\t\t\t\t\t\t\t<\/div>\n\t\t\t\t<div class=\"elementor-element elementor-element-25f488f elementor-widget elementor-widget-heading\" data-id=\"25f488f\" data-element_type=\"widget\" data-widget_type=\"heading.default\">\n\t\t\t\t\t<h4 class=\"elementor-heading-title elementor-size-default\">RAFTE<\/h4>\t\t\t\t<\/div>\n\t\t\t\t<\/div>\n\t\t<div class=\"elementor-element elementor-element-2c46ab6 e-con-full e-flex e-con e-child\" data-id=\"2c46ab6\" data-element_type=\"container\">\n\t\t\t\t<div class=\"elementor-element elementor-element-cf87158 elementor-widget elementor-widget-image\" data-id=\"cf87158\" data-element_type=\"widget\" data-widget_type=\"image.default\">\n\t\t\t\t\t\t\t\t\t\t\t\t\t\t\t<img loading=\"lazy\" decoding=\"async\" width=\"2560\" height=\"1464\" src=\"https:\/\/arredodue.com.al\/wp-content\/uploads\/2026\/01\/NT7FG12G-1-4-1-scaled-3.png\" class=\"attachment-full size-full wp-image-4417\" alt=\"\" srcset=\"https:\/\/arredodue.com.al\/wp-content\/uploads\/2026\/01\/NT7FG12G-1-4-1-scaled-3.png 2560w, https:\/\/arredodue.com.al\/wp-content\/uploads\/2026\/01\/NT7FG12G-1-4-1-scaled-3-300x172.png 300w, https:\/\/arredodue.com.al\/wp-content\/uploads\/2026\/01\/NT7FG12G-1-4-1-scaled-3-1024x586.png 1024w, https:\/\/arredodue.com.al\/wp-content\/uploads\/2026\/01\/NT7FG12G-1-4-1-scaled-3-768x439.png 768w, https:\/\/arredodue.com.al\/wp-content\/uploads\/2026\/01\/NT7FG12G-1-4-1-scaled-3-1536x878.png 1536w, https:\/\/arredodue.com.al\/wp-content\/uploads\/2026\/01\/NT7FG12G-1-4-1-scaled-3-2048x1171.png 2048w, https:\/\/arredodue.com.al\/wp-content\/uploads\/2026\/01\/NT7FG12G-1-4-1-scaled-3-600x343.png 600w\" sizes=\"(max-width: 2560px) 100vw, 2560px\" \/>\t\t\t\t\t\t\t\t\t\t\t\t\t\t\t<\/div>\n\t\t\t\t<div class=\"elementor-element elementor-element-c697b84 elementor-widget elementor-widget-heading\" data-id=\"c697b84\" data-element_type=\"widget\" data-widget_type=\"heading.default\">\n\t\t\t\t\t<h4 class=\"elementor-heading-title elementor-size-default\">DHOM\u00cb FRIGORIFERIKE<\/h4>\t\t\t\t<\/div>\n\t\t\t\t<\/div>\n\t\t\t\t\t<\/div>\n\t\t\t\t<\/div>\n\t\t<div class=\"elementor-element elementor-element-7b311f4 e-flex e-con-boxed e-con e-parent\" data-id=\"7b311f4\" data-element_type=\"container\">\n\t\t\t\t\t<div class=\"e-con-inner\">\n\t\t<div class=\"elementor-element elementor-element-b690408 e-con-full e-flex e-con e-child\" data-id=\"b690408\" data-element_type=\"container\">\n\t\t\t\t<div class=\"elementor-element elementor-element-223bf1d elementor-widget elementor-widget-image\" data-id=\"223bf1d\" data-element_type=\"widget\" data-settings=\"{&quot;_animation&quot;:&quot;none&quot;}\" data-widget_type=\"image.default\">\n\t\t\t\t\t\t\t\t\t\t\t\t\t\t\t<img loading=\"lazy\" decoding=\"async\" width=\"2560\" height=\"1464\" src=\"https:\/\/arredodue.com.al\/wp-content\/uploads\/2026\/01\/NT7FG12G-1-4-1-scaled-4.png\" class=\"attachment-full size-full wp-image-4421\" alt=\"\" srcset=\"https:\/\/arredodue.com.al\/wp-content\/uploads\/2026\/01\/NT7FG12G-1-4-1-scaled-4.png 2560w, https:\/\/arredodue.com.al\/wp-content\/uploads\/2026\/01\/NT7FG12G-1-4-1-scaled-4-300x172.png 300w, https:\/\/arredodue.com.al\/wp-content\/uploads\/2026\/01\/NT7FG12G-1-4-1-scaled-4-1024x586.png 1024w, https:\/\/arredodue.com.al\/wp-content\/uploads\/2026\/01\/NT7FG12G-1-4-1-scaled-4-768x439.png 768w, https:\/\/arredodue.com.al\/wp-content\/uploads\/2026\/01\/NT7FG12G-1-4-1-scaled-4-1536x878.png 1536w, https:\/\/arredodue.com.al\/wp-content\/uploads\/2026\/01\/NT7FG12G-1-4-1-scaled-4-2048x1171.png 2048w, https:\/\/arredodue.com.al\/wp-content\/uploads\/2026\/01\/NT7FG12G-1-4-1-scaled-4-600x343.png 600w\" sizes=\"(max-width: 2560px) 100vw, 2560px\" \/>\t\t\t\t\t\t\t\t\t\t\t\t\t\t\t<\/div>\n\t\t\t\t<div class=\"elementor-element elementor-element-423ad7a elementor-widget elementor-widget-heading\" data-id=\"423ad7a\" data-element_type=\"widget\" data-widget_type=\"heading.default\">\n\t\t\t\t\t<h4 class=\"elementor-heading-title elementor-size-default\">ISHULL NEGATIV<\/h4>\t\t\t\t<\/div>\n\t\t\t\t<\/div>\n\t\t<div class=\"elementor-element elementor-element-4c85f05 e-con-full e-flex e-con e-child\" data-id=\"4c85f05\" data-element_type=\"container\">\n\t\t\t\t<div class=\"elementor-element elementor-element-09eb3a0 elementor-widget elementor-widget-image\" data-id=\"09eb3a0\" data-element_type=\"widget\" data-widget_type=\"image.default\">\n\t\t\t\t\t\t\t\t\t\t\t\t\t\t\t<img loading=\"lazy\" decoding=\"async\" width=\"2560\" height=\"1464\" src=\"https:\/\/arredodue.com.al\/wp-content\/uploads\/2026\/01\/NT7FG12G-1-4-1-scaled-5.png\" class=\"attachment-full size-full wp-image-4423\" alt=\"\" srcset=\"https:\/\/arredodue.com.al\/wp-content\/uploads\/2026\/01\/NT7FG12G-1-4-1-scaled-5.png 2560w, https:\/\/arredodue.com.al\/wp-content\/uploads\/2026\/01\/NT7FG12G-1-4-1-scaled-5-300x172.png 300w, https:\/\/arredodue.com.al\/wp-content\/uploads\/2026\/01\/NT7FG12G-1-4-1-scaled-5-1024x586.png 1024w, https:\/\/arredodue.com.al\/wp-content\/uploads\/2026\/01\/NT7FG12G-1-4-1-scaled-5-768x439.png 768w, https:\/\/arredodue.com.al\/wp-content\/uploads\/2026\/01\/NT7FG12G-1-4-1-scaled-5-1536x878.png 1536w, https:\/\/arredodue.com.al\/wp-content\/uploads\/2026\/01\/NT7FG12G-1-4-1-scaled-5-2048x1171.png 2048w, https:\/\/arredodue.com.al\/wp-content\/uploads\/2026\/01\/NT7FG12G-1-4-1-scaled-5-600x343.png 600w\" sizes=\"(max-width: 2560px) 100vw, 2560px\" \/>\t\t\t\t\t\t\t\t\t\t\t\t\t\t\t<\/div>\n\t\t\t\t<div class=\"elementor-element elementor-element-87af8b8 elementor-widget elementor-widget-heading\" data-id=\"87af8b8\" data-element_type=\"widget\" data-widget_type=\"heading.default\">\n\t\t\t\t\t<h4 class=\"elementor-heading-title elementor-size-default\">KAS\u00cb SUPERMARKETI<\/h4>\t\t\t\t<\/div>\n\t\t\t\t<\/div>\n\t\t<div class=\"elementor-element elementor-element-8d84dc0 e-con-full e-flex e-con e-child\" data-id=\"8d84dc0\" data-element_type=\"container\">\n\t\t\t\t<\/div>\n\t\t\t\t\t<\/div>\n\t\t\t\t<\/div>\n\t\t<div class=\"elementor-element elementor-element-1edcb29 e-flex e-con-boxed e-con e-parent\" data-id=\"1edcb29\" data-element_type=\"container\">\n\t\t\t\t\t<div class=\"e-con-inner\">\n\t\t<div class=\"elementor-element elementor-element-39102ab e-con-full e-flex e-con e-child\" data-id=\"39102ab\" data-element_type=\"container\" data-settings=\"{&quot;background_background&quot;:&quot;classic&quot;}\">\n\t\t\t\t<div class=\"elementor-element elementor-element-6cda29d elementor-widget elementor-widget-spacer\" data-id=\"6cda29d\" data-element_type=\"widget\" data-widget_type=\"spacer.default\">\n\t\t\t\t\t\t\t<div class=\"elementor-spacer\">\n\t\t\t<div class=\"elementor-spacer-inner\"><\/div>\n\t\t<\/div>\n\t\t\t\t\t\t<\/div>\n\t\t\t\t<div class=\"elementor-element elementor-element-9ef4de7 elementor-widget elementor-widget-heading\" data-id=\"9ef4de7\" data-element_type=\"widget\" data-widget_type=\"heading.default\">\n\t\t\t\t\t<h2 class=\"elementor-heading-title elementor-size-default\">ARREDO-DUE<\/h2>\t\t\t\t<\/div>\n\t\t\t\t<div class=\"elementor-element elementor-element-6c22628 elementor-widget elementor-widget-heading\" data-id=\"6c22628\" data-element_type=\"widget\" data-widget_type=\"heading.default\">\n\t\t\t\t\t<h2 class=\"elementor-heading-title elementor-size-default\">Pajisje me Stil p\u00ebr t\u00eb P\u00ebrmbushur Vizionin Tuaj<\/h2>\t\t\t\t<\/div>\n\t\t\t\t<div class=\"elementor-element elementor-element-f601697 elementor-widget elementor-widget-text-editor\" data-id=\"f601697\" data-element_type=\"widget\" data-widget_type=\"text-editor.default\">\n\t\t\t\t\t\t\t\t\t<p>Duke kombinuar eksperienc\u00ebn n\u00eb industri me dizajn t\u00eb mir\u00ebmenduar, ne ofrojm\u00eb pajisje p\u00ebr supermarkete t\u00eb nd\u00ebrtuara p\u00ebr hap\u00ebsira moderne t\u00eb tregtis\u00eb.<\/p>\t\t\t\t\t\t\t\t<\/div>\n\t\t\t\t<div class=\"elementor-element elementor-element-36e22b6 elementor-widget elementor-widget-button\" data-id=\"36e22b6\" data-element_type=\"widget\" data-widget_type=\"button.default\">\n\t\t\t\t\t\t\t\t\t\t<a class=\"elementor-button elementor-button-link elementor-size-sm\" href=\"https:\/\/real.arredodue.com.al\/contact\/\">\n\t\t\t\t\t\t<span class=\"elementor-button-content-wrapper\">\n\t\t\t\t\t\t\t\t\t<span class=\"elementor-button-text\">Na Kontaktoni<\/span>\n\t\t\t\t\t<\/span>\n\t\t\t\t\t<\/a>\n\t\t\t\t\t\t\t\t<\/div>\n\t\t\t\t<\/div>\n\t\t<div class=\"elementor-element elementor-element-1ed7f5e e-con-full e-flex e-con e-child\" data-id=\"1ed7f5e\" data-element_type=\"container\" data-settings=\"{&quot;background_background&quot;:&quot;classic&quot;}\">\n\t\t\t\t<div class=\"elementor-element elementor-element-36d23e9 elementor-widget elementor-widget-image\" data-id=\"36d23e9\" data-element_type=\"widget\" data-widget_type=\"image.default\">\n\t\t\t\t\t\t\t\t\t\t\t\t\t\t\t<img loading=\"lazy\" decoding=\"async\" width=\"2048\" height=\"2560\" src=\"https:\/\/arredodue.com.al\/wp-content\/uploads\/2026\/01\/eduardo-soares-XRqTzBvCYEQ-unsplash-scaled.jpg\" class=\"attachment-full size-full wp-image-4032\" alt=\"\" srcset=\"https:\/\/arredodue.com.al\/wp-content\/uploads\/2026\/01\/eduardo-soares-XRqTzBvCYEQ-unsplash-scaled.jpg 2048w, https:\/\/arredodue.com.al\/wp-content\/uploads\/2026\/01\/eduardo-soares-XRqTzBvCYEQ-unsplash-240x300.jpg 240w, https:\/\/arredodue.com.al\/wp-content\/uploads\/2026\/01\/eduardo-soares-XRqTzBvCYEQ-unsplash-819x1024.jpg 819w, https:\/\/arredodue.com.al\/wp-content\/uploads\/2026\/01\/eduardo-soares-XRqTzBvCYEQ-unsplash-768x960.jpg 768w, https:\/\/arredodue.com.al\/wp-content\/uploads\/2026\/01\/eduardo-soares-XRqTzBvCYEQ-unsplash-1229x1536.jpg 1229w, https:\/\/arredodue.com.al\/wp-content\/uploads\/2026\/01\/eduardo-soares-XRqTzBvCYEQ-unsplash-1639x2048.jpg 1639w, https:\/\/arredodue.com.al\/wp-content\/uploads\/2026\/01\/eduardo-soares-XRqTzBvCYEQ-unsplash-600x750.jpg 600w\" sizes=\"(max-width: 2048px) 100vw, 2048px\" \/>\t\t\t\t\t\t\t\t\t\t\t\t\t\t\t<\/div>\n\t\t\t\t<\/div>\n\t\t<div class=\"elementor-element elementor-element-9999ff7 e-con-full e-flex e-con e-child\" data-id=\"9999ff7\" data-element_type=\"container\">\n\t\t\t\t<div class=\"elementor-element elementor-element-4e83a46 elementor-widget elementor-widget-image\" data-id=\"4e83a46\" data-element_type=\"widget\" data-widget_type=\"image.default\">\n\t\t\t\t\t\t\t\t\t\t\t\t\t\t\t<img loading=\"lazy\" decoding=\"async\" width=\"2048\" height=\"2560\" src=\"https:\/\/arredodue.com.al\/wp-content\/uploads\/2026\/01\/eduardo-soares-NRP0iTFLzPk-unsplash-scaled.jpg\" class=\"attachment-full size-full wp-image-4033\" alt=\"\" srcset=\"https:\/\/arredodue.com.al\/wp-content\/uploads\/2026\/01\/eduardo-soares-NRP0iTFLzPk-unsplash-scaled.jpg 2048w, https:\/\/arredodue.com.al\/wp-content\/uploads\/2026\/01\/eduardo-soares-NRP0iTFLzPk-unsplash-240x300.jpg 240w, https:\/\/arredodue.com.al\/wp-content\/uploads\/2026\/01\/eduardo-soares-NRP0iTFLzPk-unsplash-819x1024.jpg 819w, https:\/\/arredodue.com.al\/wp-content\/uploads\/2026\/01\/eduardo-soares-NRP0iTFLzPk-unsplash-768x960.jpg 768w, https:\/\/arredodue.com.al\/wp-content\/uploads\/2026\/01\/eduardo-soares-NRP0iTFLzPk-unsplash-1229x1536.jpg 1229w, https:\/\/arredodue.com.al\/wp-content\/uploads\/2026\/01\/eduardo-soares-NRP0iTFLzPk-unsplash-1638x2048.jpg 1638w, https:\/\/arredodue.com.al\/wp-content\/uploads\/2026\/01\/eduardo-soares-NRP0iTFLzPk-unsplash-600x750.jpg 600w\" sizes=\"(max-width: 2048px) 100vw, 2048px\" \/>\t\t\t\t\t\t\t\t\t\t\t\t\t\t\t<\/div>\n\t\t\t\t<\/div>\n\t\t\t\t\t<\/div>\n\t\t\t\t<\/div>\n\t\t<div class=\"elementor-element elementor-element-0e94edc e-con-full e-flex e-con e-parent\" data-id=\"0e94edc\" data-element_type=\"container\">\n\t\t<div class=\"elementor-element elementor-element-585f4fd e-con-full e-flex e-con e-child\" data-id=\"585f4fd\" data-element_type=\"container\">\n\t\t\t\t<div class=\"elementor-element elementor-element-a1e5e0a elementor-widget elementor-widget-image\" data-id=\"a1e5e0a\" data-element_type=\"widget\" data-widget_type=\"image.default\">\n\t\t\t\t\t\t\t\t\t\t\t\t\t\t\t<img loading=\"lazy\" decoding=\"async\" width=\"300\" height=\"141\" src=\"https:\/\/arredodue.com.al\/wp-content\/uploads\/2026\/02\/modular.png\" class=\"attachment-full size-full wp-image-5406\" alt=\"\" srcset=\"https:\/\/arredodue.com.al\/wp-content\/uploads\/2026\/02\/modular.png 300w, https:\/\/arredodue.com.al\/wp-content\/uploads\/2026\/02\/modular-18x8.png 18w\" sizes=\"(max-width: 300px) 100vw, 300px\" \/>\t\t\t\t\t\t\t\t\t\t\t\t\t\t\t<\/div>\n\t\t\t\t<\/div>\n\t\t<div class=\"elementor-element elementor-element-fff8df8 e-con-full e-flex e-con e-child\" data-id=\"fff8df8\" data-element_type=\"container\">\n\t\t\t\t<div class=\"elementor-element elementor-element-dd576d0 elementor-widget elementor-widget-image\" data-id=\"dd576d0\" data-element_type=\"widget\" data-widget_type=\"image.default\">\n\t\t\t\t\t\t\t\t\t\t\t\t\t\t\t<img loading=\"lazy\" decoding=\"async\" width=\"300\" height=\"141\" src=\"https:\/\/arredodue.com.al\/wp-content\/uploads\/2026\/02\/inokse.png\" class=\"attachment-full size-full wp-image-5407\" alt=\"\" srcset=\"https:\/\/arredodue.com.al\/wp-content\/uploads\/2026\/02\/inokse.png 300w, https:\/\/arredodue.com.al\/wp-content\/uploads\/2026\/02\/inokse-18x8.png 18w\" sizes=\"(max-width: 300px) 100vw, 300px\" \/>\t\t\t\t\t\t\t\t\t\t\t\t\t\t\t<\/div>\n\t\t\t\t<\/div>\n\t\t<div class=\"elementor-element elementor-element-4b8a84d e-con-full e-flex e-con e-child\" data-id=\"4b8a84d\" data-element_type=\"container\">\n\t\t\t\t<div class=\"elementor-element elementor-element-85fbf9f elementor-widget elementor-widget-image\" data-id=\"85fbf9f\" data-element_type=\"widget\" data-widget_type=\"image.default\">\n\t\t\t\t\t\t\t\t\t\t\t\t\t\t\t<img loading=\"lazy\" decoding=\"async\" width=\"300\" height=\"141\" src=\"https:\/\/arredodue.com.al\/wp-content\/uploads\/2026\/02\/cisco-3-1.png\" class=\"attachment-large size-large wp-image-5395\" alt=\"\" srcset=\"https:\/\/arredodue.com.al\/wp-content\/uploads\/2026\/02\/cisco-3-1.png 300w, https:\/\/arredodue.com.al\/wp-content\/uploads\/2026\/02\/cisco-3-1-18x8.png 18w\" sizes=\"(max-width: 300px) 100vw, 300px\" \/>\t\t\t\t\t\t\t\t\t\t\t\t\t\t\t<\/div>\n\t\t\t\t<\/div>\n\t\t<div class=\"elementor-element elementor-element-7fc6198 e-con-full e-flex e-con e-child\" data-id=\"7fc6198\" data-element_type=\"container\">\n\t\t\t\t<div class=\"elementor-element elementor-element-77c6af0 elementor-widget elementor-widget-image\" data-id=\"77c6af0\" data-element_type=\"widget\" data-widget_type=\"image.default\">\n\t\t\t\t\t\t\t\t\t\t\t\t\t\t\t<img loading=\"lazy\" decoding=\"async\" width=\"300\" height=\"141\" src=\"https:\/\/arredodue.com.al\/wp-content\/uploads\/2026\/01\/cisco-3.png\" class=\"attachment-full size-full wp-image-5256\" alt=\"\" srcset=\"https:\/\/arredodue.com.al\/wp-content\/uploads\/2026\/01\/cisco-3.png 300w, https:\/\/arredodue.com.al\/wp-content\/uploads\/2026\/01\/cisco-3-18x8.png 18w\" sizes=\"(max-width: 300px) 100vw, 300px\" \/>\t\t\t\t\t\t\t\t\t\t\t\t\t\t\t<\/div>\n\t\t\t\t<\/div>\n\t\t<div class=\"elementor-element elementor-element-dca1e85 e-con-full e-flex e-con e-child\" data-id=\"dca1e85\" data-element_type=\"container\">\n\t\t\t\t<div class=\"elementor-element elementor-element-ac3fa46 elementor-widget elementor-widget-image\" data-id=\"ac3fa46\" data-element_type=\"widget\" data-widget_type=\"image.default\">\n\t\t\t\t\t\t\t\t\t\t\t\t\t\t\t<img loading=\"lazy\" decoding=\"async\" width=\"300\" height=\"141\" src=\"https:\/\/arredodue.com.al\/wp-content\/uploads\/2026\/02\/logotjt-removebg-preview.png\" class=\"attachment-full size-full wp-image-5412\" alt=\"\" srcset=\"https:\/\/arredodue.com.al\/wp-content\/uploads\/2026\/02\/logotjt-removebg-preview.png 300w, https:\/\/arredodue.com.al\/wp-content\/uploads\/2026\/02\/logotjt-removebg-preview-18x8.png 18w\" sizes=\"(max-width: 300px) 100vw, 300px\" \/>\t\t\t\t\t\t\t\t\t\t\t\t\t\t\t<\/div>\n\t\t\t\t<\/div>\n\t\t<div class=\"elementor-element elementor-element-4916090 e-con-full e-flex e-con e-child\" data-id=\"4916090\" data-element_type=\"container\">\n\t\t\t\t<div class=\"elementor-element elementor-element-a4e5d40 elementor-widget elementor-widget-image\" data-id=\"a4e5d40\" data-element_type=\"widget\" data-widget_type=\"image.default\">\n\t\t\t\t\t\t\t\t\t\t\t\t\t\t\t<img loading=\"lazy\" decoding=\"async\" width=\"300\" height=\"141\" src=\"https:\/\/arredodue.com.al\/wp-content\/uploads\/2026\/02\/logotjt1.png\" class=\"attachment-full size-full wp-image-5422\" alt=\"\" srcset=\"https:\/\/arredodue.com.al\/wp-content\/uploads\/2026\/02\/logotjt1.png 300w, https:\/\/arredodue.com.al\/wp-content\/uploads\/2026\/02\/logotjt1-18x8.png 18w\" sizes=\"(max-width: 300px) 100vw, 300px\" \/>\t\t\t\t\t\t\t\t\t\t\t\t\t\t\t<\/div>\n\t\t\t\t<\/div>\n\t\t<div class=\"elementor-element elementor-element-e839d0d e-con-full e-flex e-con e-child\" data-id=\"e839d0d\" data-element_type=\"container\">\n\t\t\t\t<div class=\"elementor-element elementor-element-bf6fc8e elementor-widget elementor-widget-image\" data-id=\"bf6fc8e\" data-element_type=\"widget\" data-widget_type=\"image.default\">\n\t\t\t\t\t\t\t\t\t\t\t\t\t\t\t<img loading=\"lazy\" decoding=\"async\" width=\"300\" height=\"141\" src=\"https:\/\/arredodue.com.al\/wp-content\/uploads\/2026\/02\/minerva.png\" class=\"attachment-full size-full wp-image-5425\" alt=\"\" srcset=\"https:\/\/arredodue.com.al\/wp-content\/uploads\/2026\/02\/minerva.png 300w, https:\/\/arredodue.com.al\/wp-content\/uploads\/2026\/02\/minerva-18x8.png 18w\" sizes=\"(max-width: 300px) 100vw, 300px\" \/>\t\t\t\t\t\t\t\t\t\t\t\t\t\t\t<\/div>\n\t\t\t\t<\/div>\n\t\t\t\t<\/div>\n\t\t\t\t<\/div>","protected":false},"excerpt":{"rendered":"<p>Supermarket Equipment We provide complete supermarket equipment solutions designed for modern retail environments. Our range includes shelving systems, refrigerated displays, cold rooms, and checkout solutions built for performance, efficiency, and long-term use. Backed by decades of industry expertise, we support retailers with dependable products and service that help stores run smoothly and serve customers better. [&hellip;]<\/p>","protected":false},"author":1,"featured_media":0,"parent":0,"menu_order":0,"comment_status":"closed","ping_status":"closed","template":"page-no-title","meta":{"_eb_attr":"","_custom_body_classes":"","wd_custom_header_options":"default","wd_sticky_header":false,"wd_transparent_header":false,"wd_header_cap":false,"footnotes":""},"class_list":["post-4009","page","type-page","status-publish","hentry"],"_links":{"self":[{"href":"https:\/\/arredodue.com.al\/sq\/wp-json\/wp\/v2\/pages\/4009","targetHints":{"allow":["GET"]}}],"collection":[{"href":"https:\/\/arredodue.com.al\/sq\/wp-json\/wp\/v2\/pages"}],"about":[{"href":"https:\/\/arredodue.com.al\/sq\/wp-json\/wp\/v2\/types\/page"}],"author":[{"embeddable":true,"href":"https:\/\/arredodue.com.al\/sq\/wp-json\/wp\/v2\/users\/1"}],"replies":[{"embeddable":true,"href":"https:\/\/arredodue.com.al\/sq\/wp-json\/wp\/v2\/comments?post=4009"}],"version-history":[{"count":27,"href":"https:\/\/arredodue.com.al\/sq\/wp-json\/wp\/v2\/pages\/4009\/revisions"}],"predecessor-version":[{"id":5473,"href":"https:\/\/arredodue.com.al\/sq\/wp-json\/wp\/v2\/pages\/4009\/revisions\/5473"}],"wp:attachment":[{"href":"https:\/\/arredodue.com.al\/sq\/wp-json\/wp\/v2\/media?parent=4009"}],"curies":[{"name":"wp","href":"https:\/\/api.w.org\/{rel}","templated":true}]}}