{"id":4062,"date":"2026-01-15T09:41:29","date_gmt":"2026-01-15T09:41:29","guid":{"rendered":"https:\/\/real.arredodue.com.al\/?page_id=4062"},"modified":"2026-02-06T09:38:49","modified_gmt":"2026-02-06T09:38:49","slug":"fish-market-equipment","status":"publish","type":"page","link":"https:\/\/arredodue.com.al\/sq\/fish-market-equipment\/","title":{"rendered":"Fish Market Equipment in Albania"},"content":{"rendered":"<div data-elementor-type=\"wp-page\" data-elementor-id=\"4062\" class=\"elementor elementor-4062\">\n\t\t\t\t<div class=\"elementor-element elementor-element-b811d40 e-flex e-con-boxed e-con e-parent\" data-id=\"b811d40\" data-element_type=\"container\" data-settings=\"{&quot;background_background&quot;:&quot;classic&quot;}\">\n\t\t\t\t\t<div class=\"e-con-inner\">\n\t\t<div class=\"elementor-element elementor-element-3f30bf5 e-con-full e-flex e-con e-child\" data-id=\"3f30bf5\" data-element_type=\"container\">\n\t\t\t\t<div class=\"elementor-element elementor-element-fbec094 elementor-widget elementor-widget-spacer\" data-id=\"fbec094\" data-element_type=\"widget\" data-widget_type=\"spacer.default\">\n\t\t\t\t\t\t\t<div class=\"elementor-spacer\">\n\t\t\t<div class=\"elementor-spacer-inner\"><\/div>\n\t\t<\/div>\n\t\t\t\t\t\t<\/div>\n\t\t\t\t<div class=\"elementor-element elementor-element-5f61176 elementor-widget elementor-widget-heading\" data-id=\"5f61176\" data-element_type=\"widget\" data-widget_type=\"heading.default\">\n\t\t\t\t\t<h2 class=\"elementor-heading-title elementor-size-default\">Peshk<\/h2>\t\t\t\t<\/div>\n\t\t\t\t<div class=\"elementor-element elementor-element-04fb486 elementor-widget elementor-widget-text-editor\" data-id=\"04fb486\" data-element_type=\"widget\" data-widget_type=\"text-editor.default\">\n\t\t\t\t\t\t\t\t\t<p>Me mbi 20 vite p\u00ebrvoj\u00eb n\u00eb furnizimin e pajisjeve t\u00eb besueshme dhe cil\u00ebsore p\u00ebr peshk dhe fruta deti, ne ofrojm\u00eb q\u00ebndrueshm\u00ebri, higjien\u00eb dhe performanc\u00eb q\u00eb tregjet e peshkut dhe profesionist\u00ebt e sektorit i besojn\u00eb. Nga banak\u00ebt frigoriferik\u00eb p\u00ebr ekspozimin e peshkut dhe makinat e akullit, deri te tavolinat inox t\u00eb p\u00ebrgatitjes dhe lavaman\u00ebt profesional\u00eb, ne sigurojm\u00eb gjith\u00e7ka q\u00eb nevojitet p\u00ebr trajtimin, ruajtjen dhe prezantimin efikas t\u00eb produkteve t\u00eb detit, duke p\u00ebrmbushur standardet m\u00eb t\u00eb larta t\u00eb freskis\u00eb dhe siguris\u00eb ushqimore.<\/p>\t\t\t\t\t\t\t\t<\/div>\n\t\t\t\t<\/div>\n\t\t<div class=\"elementor-element elementor-element-9488a62 e-con-full e-flex e-con e-child\" data-id=\"9488a62\" data-element_type=\"container\">\n\t\t\t\t<div class=\"elementor-element elementor-element-d67c396 elementor-widget elementor-widget-image\" data-id=\"d67c396\" data-element_type=\"widget\" data-widget_type=\"image.default\">\n\t\t\t\t\t\t\t\t\t\t\t\t\t\t\t<img fetchpriority=\"high\" decoding=\"async\" width=\"1329\" height=\"885\" src=\"https:\/\/arredodue.com.al\/wp-content\/uploads\/2026\/01\/bakery_image.png\" class=\"attachment-full size-full wp-image-4429\" alt=\"\" srcset=\"https:\/\/arredodue.com.al\/wp-content\/uploads\/2026\/01\/bakery_image.png 1329w, https:\/\/arredodue.com.al\/wp-content\/uploads\/2026\/01\/bakery_image-300x200.png 300w, https:\/\/arredodue.com.al\/wp-content\/uploads\/2026\/01\/bakery_image-1024x682.png 1024w, https:\/\/arredodue.com.al\/wp-content\/uploads\/2026\/01\/bakery_image-768x511.png 768w, https:\/\/arredodue.com.al\/wp-content\/uploads\/2026\/01\/bakery_image-600x400.png 600w\" sizes=\"(max-width: 1329px) 100vw, 1329px\" \/>\t\t\t\t\t\t\t\t\t\t\t\t\t\t\t<\/div>\n\t\t\t\t<\/div>\n\t\t\t\t\t<\/div>\n\t\t\t\t<\/div>\n\t\t<div class=\"elementor-element elementor-element-a45e078 e-flex e-con-boxed e-con e-parent\" data-id=\"a45e078\" data-element_type=\"container\">\n\t\t\t\t\t<div class=\"e-con-inner\">\n\t\t<div class=\"elementor-element elementor-element-1594b5d e-con-full e-flex e-con e-child\" data-id=\"1594b5d\" data-element_type=\"container\">\n\t\t\t\t<div class=\"elementor-element elementor-element-a151562 elementor-widget elementor-widget-image\" data-id=\"a151562\" data-element_type=\"widget\" data-widget_type=\"image.default\">\n\t\t\t\t\t\t\t\t\t\t\t\t\t\t\t<img decoding=\"async\" width=\"1600\" height=\"914\" src=\"https:\/\/arredodue.com.al\/wp-content\/uploads\/2026\/01\/WhatsApp-Image-2026-01-15-at-11.14.26.jpeg\" class=\"attachment-full size-full wp-image-4112\" alt=\"\" srcset=\"https:\/\/arredodue.com.al\/wp-content\/uploads\/2026\/01\/WhatsApp-Image-2026-01-15-at-11.14.26.jpeg 1600w, https:\/\/arredodue.com.al\/wp-content\/uploads\/2026\/01\/WhatsApp-Image-2026-01-15-at-11.14.26-300x171.jpeg 300w, https:\/\/arredodue.com.al\/wp-content\/uploads\/2026\/01\/WhatsApp-Image-2026-01-15-at-11.14.26-1024x585.jpeg 1024w, https:\/\/arredodue.com.al\/wp-content\/uploads\/2026\/01\/WhatsApp-Image-2026-01-15-at-11.14.26-768x439.jpeg 768w, https:\/\/arredodue.com.al\/wp-content\/uploads\/2026\/01\/WhatsApp-Image-2026-01-15-at-11.14.26-1536x877.jpeg 1536w, https:\/\/arredodue.com.al\/wp-content\/uploads\/2026\/01\/WhatsApp-Image-2026-01-15-at-11.14.26-600x343.jpeg 600w\" sizes=\"(max-width: 1600px) 100vw, 1600px\" \/>\t\t\t\t\t\t\t\t\t\t\t\t\t\t\t<\/div>\n\t\t\t\t<div class=\"elementor-element elementor-element-62ba83a elementor-widget elementor-widget-heading\" data-id=\"62ba83a\" data-element_type=\"widget\" data-widget_type=\"heading.default\">\n\t\t\t\t\t<h3 class=\"elementor-heading-title elementor-size-default\">EKSPOZITOR PESHKU<\/h3>\t\t\t\t<\/div>\n\t\t\t\t<\/div>\n\t\t<div class=\"elementor-element elementor-element-9f637ab e-con-full e-flex e-con e-child\" data-id=\"9f637ab\" data-element_type=\"container\">\n\t\t\t\t<div class=\"elementor-element elementor-element-00d3ebf elementor-widget elementor-widget-image\" data-id=\"00d3ebf\" data-element_type=\"widget\" data-widget_type=\"image.default\">\n\t\t\t\t\t\t\t\t\t\t\t\t\t\t\t<img decoding=\"async\" width=\"1600\" height=\"914\" src=\"https:\/\/arredodue.com.al\/wp-content\/uploads\/2026\/01\/WhatsApp-Image-2026-01-15-at-11.14.26.png\" class=\"attachment-full size-full wp-image-4119\" alt=\"\" srcset=\"https:\/\/arredodue.com.al\/wp-content\/uploads\/2026\/01\/WhatsApp-Image-2026-01-15-at-11.14.26.png 1600w, https:\/\/arredodue.com.al\/wp-content\/uploads\/2026\/01\/WhatsApp-Image-2026-01-15-at-11.14.26-300x171.png 300w, https:\/\/arredodue.com.al\/wp-content\/uploads\/2026\/01\/WhatsApp-Image-2026-01-15-at-11.14.26-1024x585.png 1024w, https:\/\/arredodue.com.al\/wp-content\/uploads\/2026\/01\/WhatsApp-Image-2026-01-15-at-11.14.26-768x439.png 768w, https:\/\/arredodue.com.al\/wp-content\/uploads\/2026\/01\/WhatsApp-Image-2026-01-15-at-11.14.26-1536x877.png 1536w, https:\/\/arredodue.com.al\/wp-content\/uploads\/2026\/01\/WhatsApp-Image-2026-01-15-at-11.14.26-600x343.png 600w\" sizes=\"(max-width: 1600px) 100vw, 1600px\" \/>\t\t\t\t\t\t\t\t\t\t\t\t\t\t\t<\/div>\n\t\t\t\t<div class=\"elementor-element elementor-element-78c6a7c elementor-widget elementor-widget-heading\" data-id=\"78c6a7c\" data-element_type=\"widget\" data-widget_type=\"heading.default\">\n\t\t\t\t\t<h3 class=\"elementor-heading-title elementor-size-default\">MAKIN\u00cb AKULLI<\/h3>\t\t\t\t<\/div>\n\t\t\t\t<\/div>\n\t\t<div class=\"elementor-element elementor-element-a25839b e-con-full e-flex e-con e-child\" data-id=\"a25839b\" data-element_type=\"container\">\n\t\t\t\t<div class=\"elementor-element elementor-element-1c8b038 elementor-widget elementor-widget-image\" data-id=\"1c8b038\" data-element_type=\"widget\" data-widget_type=\"image.default\">\n\t\t\t\t\t\t\t\t\t\t\t\t\t\t\t<img loading=\"lazy\" decoding=\"async\" width=\"1600\" height=\"914\" src=\"https:\/\/arredodue.com.al\/wp-content\/uploads\/2026\/01\/WhatsApp-Image-2026-01-15-at-11.png\" class=\"attachment-full size-full wp-image-4149\" alt=\"\" srcset=\"https:\/\/arredodue.com.al\/wp-content\/uploads\/2026\/01\/WhatsApp-Image-2026-01-15-at-11.png 1600w, https:\/\/arredodue.com.al\/wp-content\/uploads\/2026\/01\/WhatsApp-Image-2026-01-15-at-11-300x171.png 300w, https:\/\/arredodue.com.al\/wp-content\/uploads\/2026\/01\/WhatsApp-Image-2026-01-15-at-11-1024x585.png 1024w, https:\/\/arredodue.com.al\/wp-content\/uploads\/2026\/01\/WhatsApp-Image-2026-01-15-at-11-768x439.png 768w, https:\/\/arredodue.com.al\/wp-content\/uploads\/2026\/01\/WhatsApp-Image-2026-01-15-at-11-1536x877.png 1536w, https:\/\/arredodue.com.al\/wp-content\/uploads\/2026\/01\/WhatsApp-Image-2026-01-15-at-11-600x343.png 600w\" sizes=\"(max-width: 1600px) 100vw, 1600px\" \/>\t\t\t\t\t\t\t\t\t\t\t\t\t\t\t<\/div>\n\t\t\t\t<div class=\"elementor-element elementor-element-6b8ee9a elementor-widget elementor-widget-heading\" data-id=\"6b8ee9a\" data-element_type=\"widget\" data-widget_type=\"heading.default\">\n\t\t\t\t\t<h3 class=\"elementor-heading-title elementor-size-default\">TAVOLIN\u00cb FRIGORIFERIKE<\/h3>\t\t\t\t<\/div>\n\t\t\t\t<\/div>\n\t\t\t\t\t<\/div>\n\t\t\t\t<\/div>\n\t\t<div class=\"elementor-element elementor-element-fef227e e-flex e-con-boxed e-con e-parent\" data-id=\"fef227e\" data-element_type=\"container\">\n\t\t\t\t\t<div class=\"e-con-inner\">\n\t\t<div class=\"elementor-element elementor-element-b86547c e-con-full e-flex e-con e-child\" data-id=\"b86547c\" data-element_type=\"container\">\n\t\t\t\t<div class=\"elementor-element elementor-element-5458942 elementor-widget elementor-widget-image\" data-id=\"5458942\" data-element_type=\"widget\" data-widget_type=\"image.default\">\n\t\t\t\t\t\t\t\t\t\t\t\t\t\t\t<img loading=\"lazy\" decoding=\"async\" width=\"1600\" height=\"914\" src=\"https:\/\/arredodue.com.al\/wp-content\/uploads\/2026\/01\/WhatsApp-Image-2026-01-15-at-11-1.png\" class=\"attachment-full size-full wp-image-4169\" alt=\"\" srcset=\"https:\/\/arredodue.com.al\/wp-content\/uploads\/2026\/01\/WhatsApp-Image-2026-01-15-at-11-1.png 1600w, https:\/\/arredodue.com.al\/wp-content\/uploads\/2026\/01\/WhatsApp-Image-2026-01-15-at-11-1-300x171.png 300w, https:\/\/arredodue.com.al\/wp-content\/uploads\/2026\/01\/WhatsApp-Image-2026-01-15-at-11-1-1024x585.png 1024w, https:\/\/arredodue.com.al\/wp-content\/uploads\/2026\/01\/WhatsApp-Image-2026-01-15-at-11-1-768x439.png 768w, https:\/\/arredodue.com.al\/wp-content\/uploads\/2026\/01\/WhatsApp-Image-2026-01-15-at-11-1-1536x877.png 1536w, https:\/\/arredodue.com.al\/wp-content\/uploads\/2026\/01\/WhatsApp-Image-2026-01-15-at-11-1-600x343.png 600w\" sizes=\"(max-width: 1600px) 100vw, 1600px\" \/>\t\t\t\t\t\t\t\t\t\t\t\t\t\t\t<\/div>\n\t\t\t\t<div class=\"elementor-element elementor-element-c7a6905 elementor-widget elementor-widget-heading\" data-id=\"c7a6905\" data-element_type=\"widget\" data-widget_type=\"heading.default\">\n\t\t\t\t\t<h3 class=\"elementor-heading-title elementor-size-default\">TAVOLIN\u00cb INOX<\/h3>\t\t\t\t<\/div>\n\t\t\t\t<\/div>\n\t\t<div class=\"elementor-element elementor-element-ae9bd27 e-con-full e-flex e-con e-child\" data-id=\"ae9bd27\" data-element_type=\"container\">\n\t\t\t\t<div class=\"elementor-element elementor-element-230c009 elementor-widget elementor-widget-image\" data-id=\"230c009\" data-element_type=\"widget\" data-widget_type=\"image.default\">\n\t\t\t\t\t\t\t\t\t\t\t\t\t\t\t<img loading=\"lazy\" decoding=\"async\" width=\"1600\" height=\"914\" src=\"https:\/\/arredodue.com.al\/wp-content\/uploads\/2026\/01\/WhatsApp-Image-2026-01-15-at-11-2.png\" class=\"attachment-full size-full wp-image-4170\" alt=\"\" srcset=\"https:\/\/arredodue.com.al\/wp-content\/uploads\/2026\/01\/WhatsApp-Image-2026-01-15-at-11-2.png 1600w, https:\/\/arredodue.com.al\/wp-content\/uploads\/2026\/01\/WhatsApp-Image-2026-01-15-at-11-2-300x171.png 300w, https:\/\/arredodue.com.al\/wp-content\/uploads\/2026\/01\/WhatsApp-Image-2026-01-15-at-11-2-1024x585.png 1024w, https:\/\/arredodue.com.al\/wp-content\/uploads\/2026\/01\/WhatsApp-Image-2026-01-15-at-11-2-768x439.png 768w, https:\/\/arredodue.com.al\/wp-content\/uploads\/2026\/01\/WhatsApp-Image-2026-01-15-at-11-2-1536x877.png 1536w, https:\/\/arredodue.com.al\/wp-content\/uploads\/2026\/01\/WhatsApp-Image-2026-01-15-at-11-2-600x343.png 600w\" sizes=\"(max-width: 1600px) 100vw, 1600px\" \/>\t\t\t\t\t\t\t\t\t\t\t\t\t\t\t<\/div>\n\t\t\t\t<div class=\"elementor-element elementor-element-c30eb69 elementor-widget elementor-widget-heading\" data-id=\"c30eb69\" data-element_type=\"widget\" data-widget_type=\"heading.default\">\n\t\t\t\t\t<h3 class=\"elementor-heading-title elementor-size-default\">LAVAMAN<\/h3>\t\t\t\t<\/div>\n\t\t\t\t<\/div>\n\t\t<div class=\"elementor-element elementor-element-d5a28a6 e-con-full e-flex e-con e-child\" data-id=\"d5a28a6\" data-element_type=\"container\">\n\t\t\t\t<\/div>\n\t\t\t\t\t<\/div>\n\t\t\t\t<\/div>\n\t\t<div class=\"elementor-element elementor-element-1edcb29 e-flex e-con-boxed e-con e-parent\" data-id=\"1edcb29\" data-element_type=\"container\">\n\t\t\t\t\t<div class=\"e-con-inner\">\n\t\t<div class=\"elementor-element elementor-element-39102ab e-con-full e-flex e-con e-child\" data-id=\"39102ab\" data-element_type=\"container\" data-settings=\"{&quot;background_background&quot;:&quot;classic&quot;}\">\n\t\t\t\t<div class=\"elementor-element elementor-element-6cda29d elementor-widget elementor-widget-spacer\" data-id=\"6cda29d\" data-element_type=\"widget\" data-widget_type=\"spacer.default\">\n\t\t\t\t\t\t\t<div class=\"elementor-spacer\">\n\t\t\t<div class=\"elementor-spacer-inner\"><\/div>\n\t\t<\/div>\n\t\t\t\t\t\t<\/div>\n\t\t\t\t<div class=\"elementor-element elementor-element-9ef4de7 elementor-widget elementor-widget-heading\" data-id=\"9ef4de7\" data-element_type=\"widget\" data-widget_type=\"heading.default\">\n\t\t\t\t\t<h2 class=\"elementor-heading-title elementor-size-default\">ARREDO-DUE<\/h2>\t\t\t\t<\/div>\n\t\t\t\t<div class=\"elementor-element elementor-element-6c22628 elementor-widget elementor-widget-heading\" data-id=\"6c22628\" data-element_type=\"widget\" data-widget_type=\"heading.default\">\n\t\t\t\t\t<h2 class=\"elementor-heading-title elementor-size-default\">Pajisje me Stil p\u00ebr t\u00eb P\u00ebrmbushur Vizionin Tuaj<\/h2>\t\t\t\t<\/div>\n\t\t\t\t<div class=\"elementor-element elementor-element-f601697 elementor-widget elementor-widget-text-editor\" data-id=\"f601697\" data-element_type=\"widget\" data-widget_type=\"text-editor.default\">\n\t\t\t\t\t\t\t\t\t<p>Me vite p\u00ebrvoj\u00eb dhe pasion p\u00ebr dizajnin, ne specializohemi n\u00eb krijimin e kuzhinave mahnit\u00ebse q\u00eb kombinojn\u00eb funksionalitetin dhe stilin.<\/p>\t\t\t\t\t\t\t\t<\/div>\n\t\t\t\t<div class=\"elementor-element elementor-element-36e22b6 elementor-widget elementor-widget-button\" data-id=\"36e22b6\" data-element_type=\"widget\" data-widget_type=\"button.default\">\n\t\t\t\t\t\t\t\t\t\t<a class=\"elementor-button elementor-button-link elementor-size-sm\" href=\"https:\/\/real.arredodue.com.al\/contact\/\">\n\t\t\t\t\t\t<span class=\"elementor-button-content-wrapper\">\n\t\t\t\t\t\t\t\t\t<span class=\"elementor-button-text\">Na Kontaktoni<\/span>\n\t\t\t\t\t<\/span>\n\t\t\t\t\t<\/a>\n\t\t\t\t\t\t\t\t<\/div>\n\t\t\t\t<\/div>\n\t\t<div class=\"elementor-element elementor-element-1ed7f5e e-con-full e-flex e-con e-child\" data-id=\"1ed7f5e\" data-element_type=\"container\" data-settings=\"{&quot;background_background&quot;:&quot;classic&quot;}\">\n\t\t\t\t<div class=\"elementor-element elementor-element-36d23e9 elementor-widget elementor-widget-image\" data-id=\"36d23e9\" data-element_type=\"widget\" data-widget_type=\"image.default\">\n\t\t\t\t\t\t\t\t\t\t\t\t\t\t\t<img loading=\"lazy\" decoding=\"async\" width=\"732\" height=\"901\" src=\"https:\/\/arredodue.com.al\/wp-content\/uploads\/2026\/01\/bakery_image-3-4-2.png\" class=\"attachment-full size-full wp-image-5141\" alt=\"\" srcset=\"https:\/\/arredodue.com.al\/wp-content\/uploads\/2026\/01\/bakery_image-3-4-2.png 732w, https:\/\/arredodue.com.al\/wp-content\/uploads\/2026\/01\/bakery_image-3-4-2-244x300.png 244w\" sizes=\"(max-width: 732px) 100vw, 732px\" \/>\t\t\t\t\t\t\t\t\t\t\t\t\t\t\t<\/div>\n\t\t\t\t<\/div>\n\t\t<div class=\"elementor-element elementor-element-9999ff7 e-con-full e-flex e-con e-child\" data-id=\"9999ff7\" data-element_type=\"container\">\n\t\t\t\t<div class=\"elementor-element elementor-element-4e83a46 elementor-widget elementor-widget-image\" data-id=\"4e83a46\" data-element_type=\"widget\" data-widget_type=\"image.default\">\n\t\t\t\t\t\t\t\t\t\t\t\t\t\t\t<img loading=\"lazy\" decoding=\"async\" width=\"600\" height=\"739\" src=\"https:\/\/arredodue.com.al\/wp-content\/uploads\/2026\/01\/bakery_image-2-600x739-1-1.png\" class=\"attachment-full size-full wp-image-4439\" alt=\"\" srcset=\"https:\/\/arredodue.com.al\/wp-content\/uploads\/2026\/01\/bakery_image-2-600x739-1-1.png 600w, https:\/\/arredodue.com.al\/wp-content\/uploads\/2026\/01\/bakery_image-2-600x739-1-1-244x300.png 244w\" sizes=\"(max-width: 600px) 100vw, 600px\" \/>\t\t\t\t\t\t\t\t\t\t\t\t\t\t\t<\/div>\n\t\t\t\t<\/div>\n\t\t\t\t\t<\/div>\n\t\t\t\t<\/div>\n\t\t<div class=\"elementor-element elementor-element-080ec66 e-con-full e-flex e-con e-parent\" data-id=\"080ec66\" data-element_type=\"container\">\n\t\t<div class=\"elementor-element elementor-element-a9d8251 e-con-full e-flex e-con e-child\" data-id=\"a9d8251\" data-element_type=\"container\">\n\t\t\t\t<div class=\"elementor-element elementor-element-30809a2 elementor-widget elementor-widget-image\" data-id=\"30809a2\" data-element_type=\"widget\" data-widget_type=\"image.default\">\n\t\t\t\t\t\t\t\t\t\t\t\t\t\t\t<img loading=\"lazy\" decoding=\"async\" width=\"300\" height=\"141\" src=\"https:\/\/arredodue.com.al\/wp-content\/uploads\/2026\/02\/modular.png\" class=\"attachment-full size-full wp-image-5406\" alt=\"\" srcset=\"https:\/\/arredodue.com.al\/wp-content\/uploads\/2026\/02\/modular.png 300w, https:\/\/arredodue.com.al\/wp-content\/uploads\/2026\/02\/modular-18x8.png 18w\" sizes=\"(max-width: 300px) 100vw, 300px\" \/>\t\t\t\t\t\t\t\t\t\t\t\t\t\t\t<\/div>\n\t\t\t\t<\/div>\n\t\t<div class=\"elementor-element elementor-element-16b4ccd e-con-full e-flex e-con e-child\" data-id=\"16b4ccd\" data-element_type=\"container\">\n\t\t\t\t<div class=\"elementor-element elementor-element-3a79c0b elementor-widget elementor-widget-image\" data-id=\"3a79c0b\" data-element_type=\"widget\" data-widget_type=\"image.default\">\n\t\t\t\t\t\t\t\t\t\t\t\t\t\t\t<img loading=\"lazy\" decoding=\"async\" width=\"300\" height=\"141\" src=\"https:\/\/arredodue.com.al\/wp-content\/uploads\/2026\/02\/inokse.png\" class=\"attachment-full size-full wp-image-5407\" alt=\"\" srcset=\"https:\/\/arredodue.com.al\/wp-content\/uploads\/2026\/02\/inokse.png 300w, https:\/\/arredodue.com.al\/wp-content\/uploads\/2026\/02\/inokse-18x8.png 18w\" sizes=\"(max-width: 300px) 100vw, 300px\" \/>\t\t\t\t\t\t\t\t\t\t\t\t\t\t\t<\/div>\n\t\t\t\t<\/div>\n\t\t<div class=\"elementor-element elementor-element-7152cf6 e-con-full e-flex e-con e-child\" data-id=\"7152cf6\" data-element_type=\"container\">\n\t\t\t\t<div class=\"elementor-element elementor-element-a197e77 elementor-widget elementor-widget-image\" data-id=\"a197e77\" data-element_type=\"widget\" data-widget_type=\"image.default\">\n\t\t\t\t\t\t\t\t\t\t\t\t\t\t\t<img loading=\"lazy\" decoding=\"async\" width=\"300\" height=\"141\" src=\"https:\/\/arredodue.com.al\/wp-content\/uploads\/2026\/02\/cisco-3-1.png\" class=\"attachment-large size-large wp-image-5395\" alt=\"\" srcset=\"https:\/\/arredodue.com.al\/wp-content\/uploads\/2026\/02\/cisco-3-1.png 300w, https:\/\/arredodue.com.al\/wp-content\/uploads\/2026\/02\/cisco-3-1-18x8.png 18w\" sizes=\"(max-width: 300px) 100vw, 300px\" \/>\t\t\t\t\t\t\t\t\t\t\t\t\t\t\t<\/div>\n\t\t\t\t<\/div>\n\t\t<div class=\"elementor-element elementor-element-0ff7a9c e-con-full e-flex e-con e-child\" data-id=\"0ff7a9c\" data-element_type=\"container\">\n\t\t\t\t<div class=\"elementor-element elementor-element-3df6502 elementor-widget elementor-widget-image\" data-id=\"3df6502\" data-element_type=\"widget\" data-widget_type=\"image.default\">\n\t\t\t\t\t\t\t\t\t\t\t\t\t\t\t<img loading=\"lazy\" decoding=\"async\" width=\"300\" height=\"141\" src=\"https:\/\/arredodue.com.al\/wp-content\/uploads\/2026\/01\/cisco-3.png\" class=\"attachment-full size-full wp-image-5256\" alt=\"\" srcset=\"https:\/\/arredodue.com.al\/wp-content\/uploads\/2026\/01\/cisco-3.png 300w, https:\/\/arredodue.com.al\/wp-content\/uploads\/2026\/01\/cisco-3-18x8.png 18w\" sizes=\"(max-width: 300px) 100vw, 300px\" \/>\t\t\t\t\t\t\t\t\t\t\t\t\t\t\t<\/div>\n\t\t\t\t<\/div>\n\t\t<div class=\"elementor-element elementor-element-9a11193 e-con-full e-flex e-con e-child\" data-id=\"9a11193\" data-element_type=\"container\">\n\t\t\t\t<div class=\"elementor-element elementor-element-8925e62 elementor-widget elementor-widget-image\" data-id=\"8925e62\" data-element_type=\"widget\" data-widget_type=\"image.default\">\n\t\t\t\t\t\t\t\t\t\t\t\t\t\t\t<img loading=\"lazy\" decoding=\"async\" width=\"300\" height=\"141\" src=\"https:\/\/arredodue.com.al\/wp-content\/uploads\/2026\/02\/logotjt-removebg-preview.png\" class=\"attachment-full size-full wp-image-5412\" alt=\"\" srcset=\"https:\/\/arredodue.com.al\/wp-content\/uploads\/2026\/02\/logotjt-removebg-preview.png 300w, https:\/\/arredodue.com.al\/wp-content\/uploads\/2026\/02\/logotjt-removebg-preview-18x8.png 18w\" sizes=\"(max-width: 300px) 100vw, 300px\" \/>\t\t\t\t\t\t\t\t\t\t\t\t\t\t\t<\/div>\n\t\t\t\t<\/div>\n\t\t<div class=\"elementor-element elementor-element-106b5db e-con-full e-flex e-con e-child\" data-id=\"106b5db\" data-element_type=\"container\">\n\t\t\t\t<div class=\"elementor-element elementor-element-e2ad534 elementor-widget elementor-widget-image\" data-id=\"e2ad534\" data-element_type=\"widget\" data-widget_type=\"image.default\">\n\t\t\t\t\t\t\t\t\t\t\t\t\t\t\t<img loading=\"lazy\" decoding=\"async\" width=\"300\" height=\"141\" src=\"https:\/\/arredodue.com.al\/wp-content\/uploads\/2026\/02\/logotjt1.png\" class=\"attachment-full size-full wp-image-5422\" alt=\"\" srcset=\"https:\/\/arredodue.com.al\/wp-content\/uploads\/2026\/02\/logotjt1.png 300w, https:\/\/arredodue.com.al\/wp-content\/uploads\/2026\/02\/logotjt1-18x8.png 18w\" sizes=\"(max-width: 300px) 100vw, 300px\" \/>\t\t\t\t\t\t\t\t\t\t\t\t\t\t\t<\/div>\n\t\t\t\t<\/div>\n\t\t<div class=\"elementor-element elementor-element-482f810 e-con-full e-flex e-con e-child\" data-id=\"482f810\" data-element_type=\"container\">\n\t\t\t\t<div class=\"elementor-element elementor-element-9e07796 elementor-widget elementor-widget-image\" data-id=\"9e07796\" data-element_type=\"widget\" data-widget_type=\"image.default\">\n\t\t\t\t\t\t\t\t\t\t\t\t\t\t\t<img loading=\"lazy\" decoding=\"async\" width=\"300\" height=\"141\" src=\"https:\/\/arredodue.com.al\/wp-content\/uploads\/2026\/02\/minerva.png\" class=\"attachment-full size-full wp-image-5425\" alt=\"\" srcset=\"https:\/\/arredodue.com.al\/wp-content\/uploads\/2026\/02\/minerva.png 300w, https:\/\/arredodue.com.al\/wp-content\/uploads\/2026\/02\/minerva-18x8.png 18w\" sizes=\"(max-width: 300px) 100vw, 300px\" \/>\t\t\t\t\t\t\t\t\t\t\t\t\t\t\t<\/div>\n\t\t\t\t<\/div>\n\t\t\t\t<\/div>\n\t\t\t\t<\/div>","protected":false},"excerpt":{"rendered":"<p>Fish Market Equipment With over 20 years of experience in supplying reliable, high-quality fish and seafood equipment, we deliver durability, hygiene, and performance that fish markets and seafood professionals trust. From refrigerated fish display counters and ice machines to stainless steel preparation tables and wash stations, we provide everything needed to handle, store, and present [&hellip;]<\/p>","protected":false},"author":1,"featured_media":0,"parent":0,"menu_order":0,"comment_status":"closed","ping_status":"closed","template":"page-no-title","meta":{"_eb_attr":"","_custom_body_classes":"","wd_custom_header_options":"default","wd_sticky_header":false,"wd_transparent_header":false,"wd_header_cap":false,"footnotes":""},"class_list":["post-4062","page","type-page","status-publish","hentry"],"_links":{"self":[{"href":"https:\/\/arredodue.com.al\/sq\/wp-json\/wp\/v2\/pages\/4062","targetHints":{"allow":["GET"]}}],"collection":[{"href":"https:\/\/arredodue.com.al\/sq\/wp-json\/wp\/v2\/pages"}],"about":[{"href":"https:\/\/arredodue.com.al\/sq\/wp-json\/wp\/v2\/types\/page"}],"author":[{"embeddable":true,"href":"https:\/\/arredodue.com.al\/sq\/wp-json\/wp\/v2\/users\/1"}],"replies":[{"embeddable":true,"href":"https:\/\/arredodue.com.al\/sq\/wp-json\/wp\/v2\/comments?post=4062"}],"version-history":[{"count":38,"href":"https:\/\/arredodue.com.al\/sq\/wp-json\/wp\/v2\/pages\/4062\/revisions"}],"predecessor-version":[{"id":5470,"href":"https:\/\/arredodue.com.al\/sq\/wp-json\/wp\/v2\/pages\/4062\/revisions\/5470"}],"wp:attachment":[{"href":"https:\/\/arredodue.com.al\/sq\/wp-json\/wp\/v2\/media?parent=4062"}],"curies":[{"name":"wp","href":"https:\/\/api.w.org\/{rel}","templated":true}]}}