{"id":4179,"date":"2026-01-16T09:59:34","date_gmt":"2026-01-16T09:59:34","guid":{"rendered":"https:\/\/real.arredodue.com.al\/?page_id=4179"},"modified":"2026-02-06T09:37:23","modified_gmt":"2026-02-06T09:37:23","slug":"meat-processing-equipment","status":"publish","type":"page","link":"https:\/\/arredodue.com.al\/sq\/meat-processing-equipment\/","title":{"rendered":"Meat Processing Equipment Albania"},"content":{"rendered":"<div data-elementor-type=\"wp-page\" data-elementor-id=\"4179\" class=\"elementor elementor-4179\">\n\t\t\t\t<div class=\"elementor-element elementor-element-b811d40 e-flex e-con-boxed e-con e-parent\" data-id=\"b811d40\" data-element_type=\"container\" data-settings=\"{&quot;background_background&quot;:&quot;classic&quot;}\">\n\t\t\t\t\t<div class=\"e-con-inner\">\n\t\t<div class=\"elementor-element elementor-element-3f30bf5 e-con-full e-flex e-con e-child\" data-id=\"3f30bf5\" data-element_type=\"container\">\n\t\t\t\t<div class=\"elementor-element elementor-element-20b7db4 elementor-widget elementor-widget-spacer\" data-id=\"20b7db4\" data-element_type=\"widget\" data-widget_type=\"spacer.default\">\n\t\t\t\t\t\t\t<div class=\"elementor-spacer\">\n\t\t\t<div class=\"elementor-spacer-inner\"><\/div>\n\t\t<\/div>\n\t\t\t\t\t\t<\/div>\n\t\t\t\t<div class=\"elementor-element elementor-element-5f61176 elementor-widget elementor-widget-heading\" data-id=\"5f61176\" data-element_type=\"widget\" data-widget_type=\"heading.default\">\n\t\t\t\t\t<h2 class=\"elementor-heading-title elementor-size-default\">Pajisje p\u00ebr p\u00ebrpunimin e mishit<\/h2>\t\t\t\t<\/div>\n\t\t\t\t<div class=\"elementor-element elementor-element-04fb486 elementor-widget elementor-widget-text-editor\" data-id=\"04fb486\" data-element_type=\"widget\" data-widget_type=\"text-editor.default\">\n\t\t\t\t\t\t\t\t\t<p>Me mbi 20 vjet p\u00ebrvoj\u00eb n\u00eb zgjidhje profesionale t\u00eb p\u00ebrpunimit t\u00eb mishit, ne ofrojm\u00eb pajisje t\u00eb besueshme t\u00eb projektuara p\u00ebr kasap\u00ebt dhe bizneset e mishit. Nga makinat e p\u00ebrgatitjes dhe prerjes deri te pajisjet e ftohjes dhe ekspozimit, zgjidhjet tona sigurojn\u00eb efikasitet, siguri dhe cil\u00ebsi t\u00eb q\u00ebndrueshme t\u00eb produktit.<\/p>\t\t\t\t\t\t\t\t<\/div>\n\t\t\t\t<\/div>\n\t\t<div class=\"elementor-element elementor-element-9488a62 e-con-full e-flex e-con e-child\" data-id=\"9488a62\" data-element_type=\"container\">\n\t\t\t\t<div class=\"elementor-element elementor-element-d67c396 elementor-widget elementor-widget-image\" data-id=\"d67c396\" data-element_type=\"widget\" data-widget_type=\"image.default\">\n\t\t\t\t\t\t\t\t\t\t\t\t\t\t\t<img fetchpriority=\"high\" decoding=\"async\" width=\"2560\" height=\"1707\" src=\"https:\/\/arredodue.com.al\/wp-content\/uploads\/2026\/01\/fresh-meat-raw-minced-ground-meat-scaled.jpg\" class=\"attachment-full size-full wp-image-4200\" alt=\"\" srcset=\"https:\/\/arredodue.com.al\/wp-content\/uploads\/2026\/01\/fresh-meat-raw-minced-ground-meat-scaled.jpg 2560w, https:\/\/arredodue.com.al\/wp-content\/uploads\/2026\/01\/fresh-meat-raw-minced-ground-meat-300x200.jpg 300w, https:\/\/arredodue.com.al\/wp-content\/uploads\/2026\/01\/fresh-meat-raw-minced-ground-meat-1024x683.jpg 1024w, https:\/\/arredodue.com.al\/wp-content\/uploads\/2026\/01\/fresh-meat-raw-minced-ground-meat-768x512.jpg 768w, https:\/\/arredodue.com.al\/wp-content\/uploads\/2026\/01\/fresh-meat-raw-minced-ground-meat-1536x1024.jpg 1536w, https:\/\/arredodue.com.al\/wp-content\/uploads\/2026\/01\/fresh-meat-raw-minced-ground-meat-2048x1365.jpg 2048w, https:\/\/arredodue.com.al\/wp-content\/uploads\/2026\/01\/fresh-meat-raw-minced-ground-meat-600x400.jpg 600w\" sizes=\"(max-width: 2560px) 100vw, 2560px\" \/>\t\t\t\t\t\t\t\t\t\t\t\t\t\t\t<\/div>\n\t\t\t\t<\/div>\n\t\t\t\t\t<\/div>\n\t\t\t\t<\/div>\n\t\t<div class=\"elementor-element elementor-element-0ea1a60 e-flex e-con-boxed e-con e-parent\" data-id=\"0ea1a60\" data-element_type=\"container\">\n\t\t\t\t\t<div class=\"e-con-inner\">\n\t\t<div class=\"elementor-element elementor-element-05ff980 e-con-full e-flex e-con e-child\" data-id=\"05ff980\" data-element_type=\"container\">\n\t\t\t\t<div class=\"elementor-element elementor-element-e966bbc elementor-widget elementor-widget-image\" data-id=\"e966bbc\" data-element_type=\"widget\" data-settings=\"{&quot;_animation&quot;:&quot;none&quot;}\" data-widget_type=\"image.default\">\n\t\t\t\t\t\t\t\t\t\t\t\t\t\t\t<img decoding=\"async\" width=\"1600\" height=\"914\" src=\"https:\/\/arredodue.com.al\/wp-content\/uploads\/2026\/01\/WhatsApp-Image-2026-01-15-at-11-3.png\" class=\"attachment-full size-full wp-image-4207\" alt=\"\" srcset=\"https:\/\/arredodue.com.al\/wp-content\/uploads\/2026\/01\/WhatsApp-Image-2026-01-15-at-11-3.png 1600w, https:\/\/arredodue.com.al\/wp-content\/uploads\/2026\/01\/WhatsApp-Image-2026-01-15-at-11-3-300x171.png 300w, https:\/\/arredodue.com.al\/wp-content\/uploads\/2026\/01\/WhatsApp-Image-2026-01-15-at-11-3-1024x585.png 1024w, https:\/\/arredodue.com.al\/wp-content\/uploads\/2026\/01\/WhatsApp-Image-2026-01-15-at-11-3-768x439.png 768w, https:\/\/arredodue.com.al\/wp-content\/uploads\/2026\/01\/WhatsApp-Image-2026-01-15-at-11-3-1536x877.png 1536w, https:\/\/arredodue.com.al\/wp-content\/uploads\/2026\/01\/WhatsApp-Image-2026-01-15-at-11-3-600x343.png 600w\" sizes=\"(max-width: 1600px) 100vw, 1600px\" \/>\t\t\t\t\t\t\t\t\t\t\t\t\t\t\t<\/div>\n\t\t\t\t<div class=\"elementor-element elementor-element-40a4af5 elementor-widget elementor-widget-heading\" data-id=\"40a4af5\" data-element_type=\"widget\" data-widget_type=\"heading.default\">\n\t\t\t\t\t<h4 class=\"elementor-heading-title elementor-size-default\">TRUNG MISHI<\/h4>\t\t\t\t<\/div>\n\t\t\t\t<\/div>\n\t\t<div class=\"elementor-element elementor-element-a703bb7 e-con-full e-flex e-con e-child\" data-id=\"a703bb7\" data-element_type=\"container\">\n\t\t\t\t<div class=\"elementor-element elementor-element-fd74c87 elementor-widget elementor-widget-image\" data-id=\"fd74c87\" data-element_type=\"widget\" data-widget_type=\"image.default\">\n\t\t\t\t\t\t\t\t\t\t\t\t\t\t\t<img decoding=\"async\" width=\"1600\" height=\"914\" src=\"https:\/\/arredodue.com.al\/wp-content\/uploads\/2026\/01\/WhatsApp-Image-2026-01-15-at-11-4.png\" class=\"attachment-full size-full wp-image-4220\" alt=\"\" srcset=\"https:\/\/arredodue.com.al\/wp-content\/uploads\/2026\/01\/WhatsApp-Image-2026-01-15-at-11-4.png 1600w, https:\/\/arredodue.com.al\/wp-content\/uploads\/2026\/01\/WhatsApp-Image-2026-01-15-at-11-4-300x171.png 300w, https:\/\/arredodue.com.al\/wp-content\/uploads\/2026\/01\/WhatsApp-Image-2026-01-15-at-11-4-1024x585.png 1024w, https:\/\/arredodue.com.al\/wp-content\/uploads\/2026\/01\/WhatsApp-Image-2026-01-15-at-11-4-768x439.png 768w, https:\/\/arredodue.com.al\/wp-content\/uploads\/2026\/01\/WhatsApp-Image-2026-01-15-at-11-4-1536x877.png 1536w, https:\/\/arredodue.com.al\/wp-content\/uploads\/2026\/01\/WhatsApp-Image-2026-01-15-at-11-4-600x343.png 600w\" sizes=\"(max-width: 1600px) 100vw, 1600px\" \/>\t\t\t\t\t\t\t\t\t\t\t\t\t\t\t<\/div>\n\t\t\t\t<div class=\"elementor-element elementor-element-4c0b1a2 elementor-widget elementor-widget-heading\" data-id=\"4c0b1a2\" data-element_type=\"widget\" data-widget_type=\"heading.default\">\n\t\t\t\t\t<h4 class=\"elementor-heading-title elementor-size-default\">GRIR\u00cbSE MISHI<\/h4>\t\t\t\t<\/div>\n\t\t\t\t<\/div>\n\t\t<div class=\"elementor-element elementor-element-23e98f2 e-con-full e-flex e-con e-child\" data-id=\"23e98f2\" data-element_type=\"container\">\n\t\t\t\t<div class=\"elementor-element elementor-element-14652ef elementor-widget elementor-widget-image\" data-id=\"14652ef\" data-element_type=\"widget\" data-widget_type=\"image.default\">\n\t\t\t\t\t\t\t\t\t\t\t\t\t\t\t<img loading=\"lazy\" decoding=\"async\" width=\"1600\" height=\"914\" src=\"https:\/\/arredodue.com.al\/wp-content\/uploads\/2026\/01\/WhatsApp-Image-2026-01-15-at-11-5.png\" class=\"attachment-full size-full wp-image-4230\" alt=\"\" srcset=\"https:\/\/arredodue.com.al\/wp-content\/uploads\/2026\/01\/WhatsApp-Image-2026-01-15-at-11-5.png 1600w, https:\/\/arredodue.com.al\/wp-content\/uploads\/2026\/01\/WhatsApp-Image-2026-01-15-at-11-5-300x171.png 300w, https:\/\/arredodue.com.al\/wp-content\/uploads\/2026\/01\/WhatsApp-Image-2026-01-15-at-11-5-1024x585.png 1024w, https:\/\/arredodue.com.al\/wp-content\/uploads\/2026\/01\/WhatsApp-Image-2026-01-15-at-11-5-768x439.png 768w, https:\/\/arredodue.com.al\/wp-content\/uploads\/2026\/01\/WhatsApp-Image-2026-01-15-at-11-5-1536x877.png 1536w, https:\/\/arredodue.com.al\/wp-content\/uploads\/2026\/01\/WhatsApp-Image-2026-01-15-at-11-5-600x343.png 600w\" sizes=\"(max-width: 1600px) 100vw, 1600px\" \/>\t\t\t\t\t\t\t\t\t\t\t\t\t\t\t<\/div>\n\t\t\t\t<div class=\"elementor-element elementor-element-1291d24 elementor-widget elementor-widget-heading\" data-id=\"1291d24\" data-element_type=\"widget\" data-widget_type=\"heading.default\">\n\t\t\t\t\t<h4 class=\"elementor-heading-title elementor-size-default\">SHARR\u00cb MISHI<\/h4>\t\t\t\t<\/div>\n\t\t\t\t<\/div>\n\t\t\t\t\t<\/div>\n\t\t\t\t<\/div>\n\t\t<div class=\"elementor-element elementor-element-b1bd05d e-flex e-con-boxed e-con e-parent\" data-id=\"b1bd05d\" data-element_type=\"container\">\n\t\t\t\t\t<div class=\"e-con-inner\">\n\t\t<div class=\"elementor-element elementor-element-18cf8c8 e-con-full e-flex e-con e-child\" data-id=\"18cf8c8\" data-element_type=\"container\">\n\t\t\t\t<div class=\"elementor-element elementor-element-9c4d306 elementor-widget elementor-widget-image\" data-id=\"9c4d306\" data-element_type=\"widget\" data-settings=\"{&quot;_animation&quot;:&quot;none&quot;}\" data-widget_type=\"image.default\">\n\t\t\t\t\t\t\t\t\t\t\t\t\t\t\t<img loading=\"lazy\" decoding=\"async\" width=\"1600\" height=\"914\" src=\"https:\/\/arredodue.com.al\/wp-content\/uploads\/2026\/01\/WhatsApp-Image-2026-01-15-at-11-6.png\" class=\"attachment-full size-full wp-image-4237\" alt=\"\" srcset=\"https:\/\/arredodue.com.al\/wp-content\/uploads\/2026\/01\/WhatsApp-Image-2026-01-15-at-11-6.png 1600w, https:\/\/arredodue.com.al\/wp-content\/uploads\/2026\/01\/WhatsApp-Image-2026-01-15-at-11-6-300x171.png 300w, https:\/\/arredodue.com.al\/wp-content\/uploads\/2026\/01\/WhatsApp-Image-2026-01-15-at-11-6-1024x585.png 1024w, https:\/\/arredodue.com.al\/wp-content\/uploads\/2026\/01\/WhatsApp-Image-2026-01-15-at-11-6-768x439.png 768w, https:\/\/arredodue.com.al\/wp-content\/uploads\/2026\/01\/WhatsApp-Image-2026-01-15-at-11-6-1536x877.png 1536w, https:\/\/arredodue.com.al\/wp-content\/uploads\/2026\/01\/WhatsApp-Image-2026-01-15-at-11-6-600x343.png 600w\" sizes=\"(max-width: 1600px) 100vw, 1600px\" \/>\t\t\t\t\t\t\t\t\t\t\t\t\t\t\t<\/div>\n\t\t\t\t<div class=\"elementor-element elementor-element-f29160e elementor-widget elementor-widget-heading\" data-id=\"f29160e\" data-element_type=\"widget\" data-widget_type=\"heading.default\">\n\t\t\t\t\t<h4 class=\"elementor-heading-title elementor-size-default\">FRIGORIFER<\/h4>\t\t\t\t<\/div>\n\t\t\t\t<\/div>\n\t\t<div class=\"elementor-element elementor-element-e2ed8d1 e-con-full e-flex e-con e-child\" data-id=\"e2ed8d1\" data-element_type=\"container\">\n\t\t\t\t<div class=\"elementor-element elementor-element-39bd5c5 elementor-widget elementor-widget-image\" data-id=\"39bd5c5\" data-element_type=\"widget\" data-widget_type=\"image.default\">\n\t\t\t\t\t\t\t\t\t\t\t\t\t\t\t<img loading=\"lazy\" decoding=\"async\" width=\"1600\" height=\"914\" src=\"https:\/\/arredodue.com.al\/wp-content\/uploads\/2026\/01\/WhatsApp-Image-2026-01-15-at-11-7.png\" class=\"attachment-full size-full wp-image-4241\" alt=\"\" srcset=\"https:\/\/arredodue.com.al\/wp-content\/uploads\/2026\/01\/WhatsApp-Image-2026-01-15-at-11-7.png 1600w, https:\/\/arredodue.com.al\/wp-content\/uploads\/2026\/01\/WhatsApp-Image-2026-01-15-at-11-7-300x171.png 300w, https:\/\/arredodue.com.al\/wp-content\/uploads\/2026\/01\/WhatsApp-Image-2026-01-15-at-11-7-1024x585.png 1024w, https:\/\/arredodue.com.al\/wp-content\/uploads\/2026\/01\/WhatsApp-Image-2026-01-15-at-11-7-768x439.png 768w, https:\/\/arredodue.com.al\/wp-content\/uploads\/2026\/01\/WhatsApp-Image-2026-01-15-at-11-7-1536x877.png 1536w, https:\/\/arredodue.com.al\/wp-content\/uploads\/2026\/01\/WhatsApp-Image-2026-01-15-at-11-7-600x343.png 600w\" sizes=\"(max-width: 1600px) 100vw, 1600px\" \/>\t\t\t\t\t\t\t\t\t\t\t\t\t\t\t<\/div>\n\t\t\t\t<div class=\"elementor-element elementor-element-6461ff7 elementor-widget elementor-widget-heading\" data-id=\"6461ff7\" data-element_type=\"widget\" data-widget_type=\"heading.default\">\n\t\t\t\t\t<h4 class=\"elementor-heading-title elementor-size-default\">BANAK<\/h4>\t\t\t\t<\/div>\n\t\t\t\t<\/div>\n\t\t<div class=\"elementor-element elementor-element-38d4a69 e-con-full e-flex e-con e-child\" data-id=\"38d4a69\" data-element_type=\"container\">\n\t\t\t\t<div class=\"elementor-element elementor-element-95fbd8e elementor-widget elementor-widget-image\" data-id=\"95fbd8e\" data-element_type=\"widget\" data-widget_type=\"image.default\">\n\t\t\t\t\t\t\t\t\t\t\t\t\t\t\t<img loading=\"lazy\" decoding=\"async\" width=\"1600\" height=\"914\" src=\"https:\/\/arredodue.com.al\/wp-content\/uploads\/2026\/01\/WhatsApp-Image-2026-01-15-at-11-8.png\" class=\"attachment-full size-full wp-image-4250\" alt=\"\" srcset=\"https:\/\/arredodue.com.al\/wp-content\/uploads\/2026\/01\/WhatsApp-Image-2026-01-15-at-11-8.png 1600w, https:\/\/arredodue.com.al\/wp-content\/uploads\/2026\/01\/WhatsApp-Image-2026-01-15-at-11-8-300x171.png 300w, https:\/\/arredodue.com.al\/wp-content\/uploads\/2026\/01\/WhatsApp-Image-2026-01-15-at-11-8-1024x585.png 1024w, https:\/\/arredodue.com.al\/wp-content\/uploads\/2026\/01\/WhatsApp-Image-2026-01-15-at-11-8-768x439.png 768w, https:\/\/arredodue.com.al\/wp-content\/uploads\/2026\/01\/WhatsApp-Image-2026-01-15-at-11-8-1536x877.png 1536w, https:\/\/arredodue.com.al\/wp-content\/uploads\/2026\/01\/WhatsApp-Image-2026-01-15-at-11-8-600x343.png 600w\" sizes=\"(max-width: 1600px) 100vw, 1600px\" \/>\t\t\t\t\t\t\t\t\t\t\t\t\t\t\t<\/div>\n\t\t\t\t<div class=\"elementor-element elementor-element-2ea45d3 elementor-widget elementor-widget-heading\" data-id=\"2ea45d3\" data-element_type=\"widget\" data-widget_type=\"heading.default\">\n\t\t\t\t\t<h4 class=\"elementor-heading-title elementor-size-default\">THIKA<\/h4>\t\t\t\t<\/div>\n\t\t\t\t<\/div>\n\t\t\t\t\t<\/div>\n\t\t\t\t<\/div>\n\t\t<div class=\"elementor-element elementor-element-1edcb29 e-flex e-con-boxed e-con e-parent\" data-id=\"1edcb29\" data-element_type=\"container\">\n\t\t\t\t\t<div class=\"e-con-inner\">\n\t\t<div class=\"elementor-element elementor-element-39102ab e-con-full e-flex e-con e-child\" data-id=\"39102ab\" data-element_type=\"container\" data-settings=\"{&quot;background_background&quot;:&quot;classic&quot;}\">\n\t\t\t\t<div class=\"elementor-element elementor-element-6cda29d elementor-widget elementor-widget-spacer\" data-id=\"6cda29d\" data-element_type=\"widget\" data-widget_type=\"spacer.default\">\n\t\t\t\t\t\t\t<div class=\"elementor-spacer\">\n\t\t\t<div class=\"elementor-spacer-inner\"><\/div>\n\t\t<\/div>\n\t\t\t\t\t\t<\/div>\n\t\t\t\t<div class=\"elementor-element elementor-element-9ef4de7 elementor-widget elementor-widget-heading\" data-id=\"9ef4de7\" data-element_type=\"widget\" data-widget_type=\"heading.default\">\n\t\t\t\t\t<h2 class=\"elementor-heading-title elementor-size-default\">ARREDO-DUE<\/h2>\t\t\t\t<\/div>\n\t\t\t\t<div class=\"elementor-element elementor-element-6c22628 elementor-widget elementor-widget-heading\" data-id=\"6c22628\" data-element_type=\"widget\" data-widget_type=\"heading.default\">\n\t\t\t\t\t<h2 class=\"elementor-heading-title elementor-size-default\">Pajisje q\u00eb kombinojn\u00eb performanc\u00ebn dhe stilin<\/h2>\t\t\t\t<\/div>\n\t\t\t\t<div class=\"elementor-element elementor-element-f601697 elementor-widget elementor-widget-text-editor\" data-id=\"f601697\" data-element_type=\"widget\" data-widget_type=\"text-editor.default\">\n\t\t\t\t\t\t\t\t\t<p>Me vite p\u00ebrvoj\u00eb dhe nj\u00eb fokus n\u00eb dizajnin profesional, ne specializohemi n\u00eb ofrimin e pajisjeve t\u00eb p\u00ebrpunimit t\u00eb mishit q\u00eb kombinojn\u00eb funksionalitetin, efikasitetin dhe q\u00ebndrueshm\u00ebrin\u00eb.<\/p>\t\t\t\t\t\t\t\t<\/div>\n\t\t\t\t<div class=\"elementor-element elementor-element-36e22b6 elementor-widget elementor-widget-button\" data-id=\"36e22b6\" data-element_type=\"widget\" data-widget_type=\"button.default\">\n\t\t\t\t\t\t\t\t\t\t<a class=\"elementor-button elementor-button-link elementor-size-sm\" href=\"https:\/\/real.arredodue.com.al\/contact\/\">\n\t\t\t\t\t\t<span class=\"elementor-button-content-wrapper\">\n\t\t\t\t\t\t\t\t\t<span class=\"elementor-button-text\">Na Kontaktoni<\/span>\n\t\t\t\t\t<\/span>\n\t\t\t\t\t<\/a>\n\t\t\t\t\t\t\t\t<\/div>\n\t\t\t\t<\/div>\n\t\t<div class=\"elementor-element elementor-element-1ed7f5e e-con-full e-flex e-con e-child\" data-id=\"1ed7f5e\" data-element_type=\"container\" data-settings=\"{&quot;background_background&quot;:&quot;classic&quot;}\">\n\t\t\t\t<div class=\"elementor-element elementor-element-36d23e9 elementor-widget elementor-widget-image\" data-id=\"36d23e9\" data-element_type=\"widget\" data-widget_type=\"image.default\">\n\t\t\t\t\t\t\t\t\t\t\t\t\t\t\t<img loading=\"lazy\" decoding=\"async\" width=\"732\" height=\"901\" src=\"https:\/\/arredodue.com.al\/wp-content\/uploads\/2026\/01\/bakery_image-3-4-1.png\" class=\"attachment-full size-full wp-image-5137\" alt=\"\" srcset=\"https:\/\/arredodue.com.al\/wp-content\/uploads\/2026\/01\/bakery_image-3-4-1.png 732w, https:\/\/arredodue.com.al\/wp-content\/uploads\/2026\/01\/bakery_image-3-4-1-244x300.png 244w\" sizes=\"(max-width: 732px) 100vw, 732px\" \/>\t\t\t\t\t\t\t\t\t\t\t\t\t\t\t<\/div>\n\t\t\t\t<\/div>\n\t\t<div class=\"elementor-element elementor-element-9999ff7 e-con-full e-flex e-con e-child\" data-id=\"9999ff7\" data-element_type=\"container\">\n\t\t\t\t<div class=\"elementor-element elementor-element-4e83a46 elementor-widget elementor-widget-image\" data-id=\"4e83a46\" data-element_type=\"widget\" data-widget_type=\"image.default\">\n\t\t\t\t\t\t\t\t\t\t\t\t\t\t\t<img loading=\"lazy\" decoding=\"async\" width=\"732\" height=\"901\" src=\"https:\/\/arredodue.com.al\/wp-content\/uploads\/2026\/01\/bakery_image-3-4.png\" class=\"attachment-full size-full wp-image-4353\" alt=\"\" srcset=\"https:\/\/arredodue.com.al\/wp-content\/uploads\/2026\/01\/bakery_image-3-4.png 732w, https:\/\/arredodue.com.al\/wp-content\/uploads\/2026\/01\/bakery_image-3-4-244x300.png 244w, https:\/\/arredodue.com.al\/wp-content\/uploads\/2026\/01\/bakery_image-3-4-600x739.png 600w\" sizes=\"(max-width: 732px) 100vw, 732px\" \/>\t\t\t\t\t\t\t\t\t\t\t\t\t\t\t<\/div>\n\t\t\t\t<\/div>\n\t\t\t\t\t<\/div>\n\t\t\t\t<\/div>\n\t\t<div class=\"elementor-element elementor-element-5872749 e-con-full e-flex e-con e-parent\" data-id=\"5872749\" data-element_type=\"container\">\n\t\t<div class=\"elementor-element elementor-element-c79bbf5 e-con-full e-flex e-con e-child\" data-id=\"c79bbf5\" data-element_type=\"container\">\n\t\t\t\t<div class=\"elementor-element elementor-element-9c6129a elementor-widget elementor-widget-image\" data-id=\"9c6129a\" data-element_type=\"widget\" data-widget_type=\"image.default\">\n\t\t\t\t\t\t\t\t\t\t\t\t\t\t\t<img loading=\"lazy\" decoding=\"async\" width=\"300\" height=\"141\" src=\"https:\/\/arredodue.com.al\/wp-content\/uploads\/2026\/02\/modular.png\" class=\"attachment-full size-full wp-image-5406\" alt=\"\" srcset=\"https:\/\/arredodue.com.al\/wp-content\/uploads\/2026\/02\/modular.png 300w, https:\/\/arredodue.com.al\/wp-content\/uploads\/2026\/02\/modular-18x8.png 18w\" sizes=\"(max-width: 300px) 100vw, 300px\" \/>\t\t\t\t\t\t\t\t\t\t\t\t\t\t\t<\/div>\n\t\t\t\t<\/div>\n\t\t<div class=\"elementor-element elementor-element-73ebc43 e-con-full e-flex e-con e-child\" data-id=\"73ebc43\" data-element_type=\"container\">\n\t\t\t\t<div class=\"elementor-element elementor-element-1755f78 elementor-widget elementor-widget-image\" data-id=\"1755f78\" data-element_type=\"widget\" data-widget_type=\"image.default\">\n\t\t\t\t\t\t\t\t\t\t\t\t\t\t\t<img loading=\"lazy\" decoding=\"async\" width=\"300\" height=\"141\" src=\"https:\/\/arredodue.com.al\/wp-content\/uploads\/2026\/02\/inokse.png\" class=\"attachment-full size-full wp-image-5407\" alt=\"\" srcset=\"https:\/\/arredodue.com.al\/wp-content\/uploads\/2026\/02\/inokse.png 300w, https:\/\/arredodue.com.al\/wp-content\/uploads\/2026\/02\/inokse-18x8.png 18w\" sizes=\"(max-width: 300px) 100vw, 300px\" \/>\t\t\t\t\t\t\t\t\t\t\t\t\t\t\t<\/div>\n\t\t\t\t<\/div>\n\t\t<div class=\"elementor-element elementor-element-8891619 e-con-full e-flex e-con e-child\" data-id=\"8891619\" data-element_type=\"container\">\n\t\t\t\t<div class=\"elementor-element elementor-element-64c361f elementor-widget elementor-widget-image\" data-id=\"64c361f\" data-element_type=\"widget\" data-widget_type=\"image.default\">\n\t\t\t\t\t\t\t\t\t\t\t\t\t\t\t<img loading=\"lazy\" decoding=\"async\" width=\"300\" height=\"141\" src=\"https:\/\/arredodue.com.al\/wp-content\/uploads\/2026\/02\/cisco-3-1.png\" class=\"attachment-large size-large wp-image-5395\" alt=\"\" srcset=\"https:\/\/arredodue.com.al\/wp-content\/uploads\/2026\/02\/cisco-3-1.png 300w, https:\/\/arredodue.com.al\/wp-content\/uploads\/2026\/02\/cisco-3-1-18x8.png 18w\" sizes=\"(max-width: 300px) 100vw, 300px\" \/>\t\t\t\t\t\t\t\t\t\t\t\t\t\t\t<\/div>\n\t\t\t\t<\/div>\n\t\t<div class=\"elementor-element elementor-element-68ec851 e-con-full e-flex e-con e-child\" data-id=\"68ec851\" data-element_type=\"container\">\n\t\t\t\t<div class=\"elementor-element elementor-element-14d30c1 elementor-widget elementor-widget-image\" data-id=\"14d30c1\" data-element_type=\"widget\" data-widget_type=\"image.default\">\n\t\t\t\t\t\t\t\t\t\t\t\t\t\t\t<img loading=\"lazy\" decoding=\"async\" width=\"300\" height=\"141\" src=\"https:\/\/arredodue.com.al\/wp-content\/uploads\/2026\/01\/cisco-3.png\" class=\"attachment-full size-full wp-image-5256\" alt=\"\" srcset=\"https:\/\/arredodue.com.al\/wp-content\/uploads\/2026\/01\/cisco-3.png 300w, https:\/\/arredodue.com.al\/wp-content\/uploads\/2026\/01\/cisco-3-18x8.png 18w\" sizes=\"(max-width: 300px) 100vw, 300px\" \/>\t\t\t\t\t\t\t\t\t\t\t\t\t\t\t<\/div>\n\t\t\t\t<\/div>\n\t\t<div class=\"elementor-element elementor-element-fc06c59 e-con-full e-flex e-con e-child\" data-id=\"fc06c59\" data-element_type=\"container\">\n\t\t\t\t<div class=\"elementor-element elementor-element-4f9bddc elementor-widget elementor-widget-image\" data-id=\"4f9bddc\" data-element_type=\"widget\" data-widget_type=\"image.default\">\n\t\t\t\t\t\t\t\t\t\t\t\t\t\t\t<img loading=\"lazy\" decoding=\"async\" width=\"300\" height=\"141\" src=\"https:\/\/arredodue.com.al\/wp-content\/uploads\/2026\/02\/logotjt-removebg-preview.png\" class=\"attachment-full size-full wp-image-5412\" alt=\"\" srcset=\"https:\/\/arredodue.com.al\/wp-content\/uploads\/2026\/02\/logotjt-removebg-preview.png 300w, https:\/\/arredodue.com.al\/wp-content\/uploads\/2026\/02\/logotjt-removebg-preview-18x8.png 18w\" sizes=\"(max-width: 300px) 100vw, 300px\" \/>\t\t\t\t\t\t\t\t\t\t\t\t\t\t\t<\/div>\n\t\t\t\t<\/div>\n\t\t<div class=\"elementor-element elementor-element-0f256fc e-con-full e-flex e-con e-child\" data-id=\"0f256fc\" data-element_type=\"container\">\n\t\t\t\t<div class=\"elementor-element elementor-element-3856c15 elementor-widget elementor-widget-image\" data-id=\"3856c15\" data-element_type=\"widget\" data-widget_type=\"image.default\">\n\t\t\t\t\t\t\t\t\t\t\t\t\t\t\t<img loading=\"lazy\" decoding=\"async\" width=\"300\" height=\"141\" src=\"https:\/\/arredodue.com.al\/wp-content\/uploads\/2026\/02\/logotjt1.png\" class=\"attachment-full size-full wp-image-5422\" alt=\"\" srcset=\"https:\/\/arredodue.com.al\/wp-content\/uploads\/2026\/02\/logotjt1.png 300w, https:\/\/arredodue.com.al\/wp-content\/uploads\/2026\/02\/logotjt1-18x8.png 18w\" sizes=\"(max-width: 300px) 100vw, 300px\" \/>\t\t\t\t\t\t\t\t\t\t\t\t\t\t\t<\/div>\n\t\t\t\t<\/div>\n\t\t<div class=\"elementor-element elementor-element-5941386 e-con-full e-flex e-con e-child\" data-id=\"5941386\" data-element_type=\"container\">\n\t\t\t\t<div class=\"elementor-element elementor-element-b5bf0d1 elementor-widget elementor-widget-image\" data-id=\"b5bf0d1\" data-element_type=\"widget\" data-widget_type=\"image.default\">\n\t\t\t\t\t\t\t\t\t\t\t\t\t\t\t<img loading=\"lazy\" decoding=\"async\" width=\"300\" height=\"141\" src=\"https:\/\/arredodue.com.al\/wp-content\/uploads\/2026\/02\/minerva.png\" class=\"attachment-full size-full wp-image-5425\" alt=\"\" srcset=\"https:\/\/arredodue.com.al\/wp-content\/uploads\/2026\/02\/minerva.png 300w, https:\/\/arredodue.com.al\/wp-content\/uploads\/2026\/02\/minerva-18x8.png 18w\" sizes=\"(max-width: 300px) 100vw, 300px\" \/>\t\t\t\t\t\t\t\t\t\t\t\t\t\t\t<\/div>\n\t\t\t\t<\/div>\n\t\t\t\t<\/div>\n\t\t\t\t<\/div>","protected":false},"excerpt":{"rendered":"<p>Meat Processing Equipment With over 20 years of experience in professional meat processing solutions, we provide dependable equipment designed for butcher shops and meat businesses. From preparation and cutting machines to refrigeration and display equipment, our solutions ensure efficiency, safety, and consistent product quality. BUTCHER\u2019S BLOCK MEAT GRINDER MEAT SAW REFRIGERATOR REFRIGERATED DISPLAY COUNTER KNIFE [&hellip;]<\/p>","protected":false},"author":1,"featured_media":0,"parent":0,"menu_order":0,"comment_status":"closed","ping_status":"closed","template":"page-no-title","meta":{"_eb_attr":"","_custom_body_classes":"","wd_custom_header_options":"default","wd_sticky_header":false,"wd_transparent_header":false,"wd_header_cap":false,"footnotes":""},"class_list":["post-4179","page","type-page","status-publish","hentry"],"_links":{"self":[{"href":"https:\/\/arredodue.com.al\/sq\/wp-json\/wp\/v2\/pages\/4179","targetHints":{"allow":["GET"]}}],"collection":[{"href":"https:\/\/arredodue.com.al\/sq\/wp-json\/wp\/v2\/pages"}],"about":[{"href":"https:\/\/arredodue.com.al\/sq\/wp-json\/wp\/v2\/types\/page"}],"author":[{"embeddable":true,"href":"https:\/\/arredodue.com.al\/sq\/wp-json\/wp\/v2\/users\/1"}],"replies":[{"embeddable":true,"href":"https:\/\/arredodue.com.al\/sq\/wp-json\/wp\/v2\/comments?post=4179"}],"version-history":[{"count":34,"href":"https:\/\/arredodue.com.al\/sq\/wp-json\/wp\/v2\/pages\/4179\/revisions"}],"predecessor-version":[{"id":5467,"href":"https:\/\/arredodue.com.al\/sq\/wp-json\/wp\/v2\/pages\/4179\/revisions\/5467"}],"wp:attachment":[{"href":"https:\/\/arredodue.com.al\/sq\/wp-json\/wp\/v2\/media?parent=4179"}],"curies":[{"name":"wp","href":"https:\/\/api.w.org\/{rel}","templated":true}]}}