{"id":4205,"date":"2026-01-16T09:44:09","date_gmt":"2026-01-16T09:44:09","guid":{"rendered":"https:\/\/real.arredodue.com.al\/?page_id=4205"},"modified":"2026-02-06T09:32:40","modified_gmt":"2026-02-06T09:32:40","slug":"bar-equipment","status":"publish","type":"page","link":"https:\/\/arredodue.com.al\/sq\/bar-equipment\/","title":{"rendered":"Bar Equipment in Albania | Professional Bar Solutions"},"content":{"rendered":"<div data-elementor-type=\"wp-page\" data-elementor-id=\"4205\" class=\"elementor elementor-4205\">\n\t\t\t\t<div class=\"elementor-element elementor-element-b811d40 e-flex e-con-boxed e-con e-parent\" data-id=\"b811d40\" data-element_type=\"container\" data-settings=\"{&quot;background_background&quot;:&quot;classic&quot;}\">\n\t\t\t\t\t<div class=\"e-con-inner\">\n\t\t<div class=\"elementor-element elementor-element-3f30bf5 e-con-full e-flex e-con e-child\" data-id=\"3f30bf5\" data-element_type=\"container\">\n\t\t\t\t<div class=\"elementor-element elementor-element-fbec094 elementor-widget elementor-widget-spacer\" data-id=\"fbec094\" data-element_type=\"widget\" data-widget_type=\"spacer.default\">\n\t\t\t\t\t\t\t<div class=\"elementor-spacer\">\n\t\t\t<div class=\"elementor-spacer-inner\"><\/div>\n\t\t<\/div>\n\t\t\t\t\t\t<\/div>\n\t\t\t\t<div class=\"elementor-element elementor-element-5f61176 elementor-widget elementor-widget-heading\" data-id=\"5f61176\" data-element_type=\"widget\" data-widget_type=\"heading.default\">\n\t\t\t\t\t<h2 class=\"elementor-heading-title elementor-size-default\">Bar<\/h2>\t\t\t\t<\/div>\n\t\t\t\t<div class=\"elementor-element elementor-element-04fb486 elementor-widget elementor-widget-text-editor\" data-id=\"04fb486\" data-element_type=\"widget\" data-widget_type=\"text-editor.default\">\n\t\t\t\t\t\t\t\t\t<p>Me mbi 20 vjet p\u00ebrvoj\u00eb n\u00eb furnizimin me pajisje bari me cil\u00ebsi t\u00eb lart\u00eb, ne ofrojm\u00eb zgjidhje n\u00eb t\u00eb cilat mb\u00ebshteten barist\u00ebt dhe pronar\u00ebt e bareve. Nga stacionet e plota t\u00eb pun\u00ebs p\u00ebr kokteje dhe makinat e akullit deri te lar\u00ebset e gotave dhe mjetet thelb\u00ebsore t\u00eb barit, ne i ndihmojm\u00eb baret t\u00eb funksionojn\u00eb pa probleme, duke ruajtur nj\u00ebkoh\u00ebsisht sh\u00ebrbimin dhe efikasitetin e nivelit t\u00eb lart\u00eb.<\/p>\t\t\t\t\t\t\t\t<\/div>\n\t\t\t\t<\/div>\n\t\t<div class=\"elementor-element elementor-element-9488a62 e-con-full e-flex e-con e-child\" data-id=\"9488a62\" data-element_type=\"container\">\n\t\t\t\t<div class=\"elementor-element elementor-element-d67c396 elementor-widget elementor-widget-image\" data-id=\"d67c396\" data-element_type=\"widget\" data-widget_type=\"image.default\">\n\t\t\t\t\t\t\t\t\t\t\t\t\t\t\t<img fetchpriority=\"high\" decoding=\"async\" width=\"1006\" height=\"575\" src=\"https:\/\/arredodue.com.al\/wp-content\/uploads\/2026\/01\/cocktail_bar_culture_revolution.jpg\" class=\"attachment-full size-full wp-image-4232\" alt=\"\" srcset=\"https:\/\/arredodue.com.al\/wp-content\/uploads\/2026\/01\/cocktail_bar_culture_revolution.jpg 1006w, https:\/\/arredodue.com.al\/wp-content\/uploads\/2026\/01\/cocktail_bar_culture_revolution-300x171.jpg 300w, https:\/\/arredodue.com.al\/wp-content\/uploads\/2026\/01\/cocktail_bar_culture_revolution-768x439.jpg 768w, https:\/\/arredodue.com.al\/wp-content\/uploads\/2026\/01\/cocktail_bar_culture_revolution-600x343.jpg 600w\" sizes=\"(max-width: 1006px) 100vw, 1006px\" \/>\t\t\t\t\t\t\t\t\t\t\t\t\t\t\t<\/div>\n\t\t\t\t<\/div>\n\t\t\t\t\t<\/div>\n\t\t\t\t<\/div>\n\t\t<div class=\"elementor-element elementor-element-103cb5a e-flex e-con-boxed e-con e-parent\" data-id=\"103cb5a\" data-element_type=\"container\">\n\t\t\t\t\t<div class=\"e-con-inner\">\n\t\t<div class=\"elementor-element elementor-element-76b6f30 e-con-full e-flex e-con e-child\" data-id=\"76b6f30\" data-element_type=\"container\">\n\t\t\t\t<div class=\"elementor-element elementor-element-20146e8 elementor-widget elementor-widget-image\" data-id=\"20146e8\" data-element_type=\"widget\" data-settings=\"{&quot;_animation&quot;:&quot;none&quot;}\" data-widget_type=\"image.default\">\n\t\t\t\t\t\t\t\t\t\t\t\t\t\t\t<img decoding=\"async\" width=\"2560\" height=\"1464\" src=\"https:\/\/arredodue.com.al\/wp-content\/uploads\/2026\/01\/NT7FG12G-1-9-1-scaled.png\" class=\"attachment-full size-full wp-image-4211\" alt=\"\" srcset=\"https:\/\/arredodue.com.al\/wp-content\/uploads\/2026\/01\/NT7FG12G-1-9-1-scaled.png 2560w, https:\/\/arredodue.com.al\/wp-content\/uploads\/2026\/01\/NT7FG12G-1-9-1-300x172.png 300w, https:\/\/arredodue.com.al\/wp-content\/uploads\/2026\/01\/NT7FG12G-1-9-1-1024x585.png 1024w, https:\/\/arredodue.com.al\/wp-content\/uploads\/2026\/01\/NT7FG12G-1-9-1-768x439.png 768w, https:\/\/arredodue.com.al\/wp-content\/uploads\/2026\/01\/NT7FG12G-1-9-1-1536x878.png 1536w, https:\/\/arredodue.com.al\/wp-content\/uploads\/2026\/01\/NT7FG12G-1-9-1-2048x1171.png 2048w, https:\/\/arredodue.com.al\/wp-content\/uploads\/2026\/01\/NT7FG12G-1-9-1-600x343.png 600w\" sizes=\"(max-width: 2560px) 100vw, 2560px\" \/>\t\t\t\t\t\t\t\t\t\t\t\t\t\t\t<\/div>\n\t\t\t\t<div class=\"elementor-element elementor-element-249374e elementor-widget elementor-widget-heading\" data-id=\"249374e\" data-element_type=\"widget\" data-widget_type=\"heading.default\">\n\t\t\t\t\t<h4 class=\"elementor-heading-title elementor-size-default\">BANAK<\/h4>\t\t\t\t<\/div>\n\t\t\t\t<\/div>\n\t\t<div class=\"elementor-element elementor-element-0f9a366 e-con-full e-flex e-con e-child\" data-id=\"0f9a366\" data-element_type=\"container\">\n\t\t\t\t<div class=\"elementor-element elementor-element-971e1fb elementor-widget elementor-widget-image\" data-id=\"971e1fb\" data-element_type=\"widget\" data-settings=\"{&quot;_animation&quot;:&quot;none&quot;}\" data-widget_type=\"image.default\">\n\t\t\t\t\t\t\t\t\t\t\t\t\t\t\t<img decoding=\"async\" width=\"2560\" height=\"1464\" src=\"https:\/\/arredodue.com.al\/wp-content\/uploads\/2026\/01\/NT7FG12G-1-10-1-scaled.png\" class=\"attachment-full size-full wp-image-4215\" alt=\"\" srcset=\"https:\/\/arredodue.com.al\/wp-content\/uploads\/2026\/01\/NT7FG12G-1-10-1-scaled.png 2560w, https:\/\/arredodue.com.al\/wp-content\/uploads\/2026\/01\/NT7FG12G-1-10-1-300x172.png 300w, https:\/\/arredodue.com.al\/wp-content\/uploads\/2026\/01\/NT7FG12G-1-10-1-1024x585.png 1024w, https:\/\/arredodue.com.al\/wp-content\/uploads\/2026\/01\/NT7FG12G-1-10-1-768x439.png 768w, https:\/\/arredodue.com.al\/wp-content\/uploads\/2026\/01\/NT7FG12G-1-10-1-1536x878.png 1536w, https:\/\/arredodue.com.al\/wp-content\/uploads\/2026\/01\/NT7FG12G-1-10-1-2048x1171.png 2048w, https:\/\/arredodue.com.al\/wp-content\/uploads\/2026\/01\/NT7FG12G-1-10-1-600x343.png 600w\" sizes=\"(max-width: 2560px) 100vw, 2560px\" \/>\t\t\t\t\t\t\t\t\t\t\t\t\t\t\t<\/div>\n\t\t\t\t<div class=\"elementor-element elementor-element-d2d4749 elementor-widget elementor-widget-heading\" data-id=\"d2d4749\" data-element_type=\"widget\" data-widget_type=\"heading.default\">\n\t\t\t\t\t<h4 class=\"elementor-heading-title elementor-size-default\">LAVASTOVILJE<\/h4>\t\t\t\t<\/div>\n\t\t\t\t<\/div>\n\t\t<div class=\"elementor-element elementor-element-85e0670 e-con-full e-flex e-con e-child\" data-id=\"85e0670\" data-element_type=\"container\">\n\t\t\t\t<div class=\"elementor-element elementor-element-2871ad1 elementor-widget elementor-widget-image\" data-id=\"2871ad1\" data-element_type=\"widget\" data-widget_type=\"image.default\">\n\t\t\t\t\t\t\t\t\t\t\t\t\t\t\t<img loading=\"lazy\" decoding=\"async\" width=\"2560\" height=\"1464\" src=\"https:\/\/arredodue.com.al\/wp-content\/uploads\/2026\/01\/NT7FG12G-1-11-1-scaled.png\" class=\"attachment-full size-full wp-image-4221\" alt=\"\" srcset=\"https:\/\/arredodue.com.al\/wp-content\/uploads\/2026\/01\/NT7FG12G-1-11-1-scaled.png 2560w, https:\/\/arredodue.com.al\/wp-content\/uploads\/2026\/01\/NT7FG12G-1-11-1-300x172.png 300w, https:\/\/arredodue.com.al\/wp-content\/uploads\/2026\/01\/NT7FG12G-1-11-1-1024x585.png 1024w, https:\/\/arredodue.com.al\/wp-content\/uploads\/2026\/01\/NT7FG12G-1-11-1-768x439.png 768w, https:\/\/arredodue.com.al\/wp-content\/uploads\/2026\/01\/NT7FG12G-1-11-1-1536x878.png 1536w, https:\/\/arredodue.com.al\/wp-content\/uploads\/2026\/01\/NT7FG12G-1-11-1-2048x1171.png 2048w, https:\/\/arredodue.com.al\/wp-content\/uploads\/2026\/01\/NT7FG12G-1-11-1-600x343.png 600w\" sizes=\"(max-width: 2560px) 100vw, 2560px\" \/>\t\t\t\t\t\t\t\t\t\t\t\t\t\t\t<\/div>\n\t\t\t\t<div class=\"elementor-element elementor-element-f03d0cb elementor-widget elementor-widget-heading\" data-id=\"f03d0cb\" data-element_type=\"widget\" data-widget_type=\"heading.default\">\n\t\t\t\t\t<h4 class=\"elementor-heading-title elementor-size-default\">MAKIN\u00cb AKULLI<\/h4>\t\t\t\t<\/div>\n\t\t\t\t<\/div>\n\t\t<div class=\"elementor-element elementor-element-ae57bee e-con-full e-flex e-con e-child\" data-id=\"ae57bee\" data-element_type=\"container\">\n\t\t\t\t<div class=\"elementor-element elementor-element-b9c3dbc elementor-widget elementor-widget-image\" data-id=\"b9c3dbc\" data-element_type=\"widget\" data-widget_type=\"image.default\">\n\t\t\t\t\t\t\t\t\t\t\t\t\t\t\t<img loading=\"lazy\" decoding=\"async\" width=\"2560\" height=\"1464\" src=\"https:\/\/arredodue.com.al\/wp-content\/uploads\/2026\/01\/NT7FG12G-1-12-1-scaled.png\" class=\"attachment-full size-full wp-image-4226\" alt=\"\" srcset=\"https:\/\/arredodue.com.al\/wp-content\/uploads\/2026\/01\/NT7FG12G-1-12-1-scaled.png 2560w, https:\/\/arredodue.com.al\/wp-content\/uploads\/2026\/01\/NT7FG12G-1-12-1-300x172.png 300w, https:\/\/arredodue.com.al\/wp-content\/uploads\/2026\/01\/NT7FG12G-1-12-1-1024x585.png 1024w, https:\/\/arredodue.com.al\/wp-content\/uploads\/2026\/01\/NT7FG12G-1-12-1-768x439.png 768w, https:\/\/arredodue.com.al\/wp-content\/uploads\/2026\/01\/NT7FG12G-1-12-1-1536x878.png 1536w, https:\/\/arredodue.com.al\/wp-content\/uploads\/2026\/01\/NT7FG12G-1-12-1-2048x1171.png 2048w, https:\/\/arredodue.com.al\/wp-content\/uploads\/2026\/01\/NT7FG12G-1-12-1-600x343.png 600w\" sizes=\"(max-width: 2560px) 100vw, 2560px\" \/>\t\t\t\t\t\t\t\t\t\t\t\t\t\t\t<\/div>\n\t\t\t\t<div class=\"elementor-element elementor-element-c07d91a elementor-widget elementor-widget-heading\" data-id=\"c07d91a\" data-element_type=\"widget\" data-widget_type=\"heading.default\">\n\t\t\t\t\t<h4 class=\"elementor-heading-title elementor-size-default\">AKSESOR\u00cb<\/h4>\t\t\t\t<\/div>\n\t\t\t\t<\/div>\n\t\t\t\t\t<\/div>\n\t\t\t\t<\/div>\n\t\t<div class=\"elementor-element elementor-element-1edcb29 e-flex e-con-boxed e-con e-parent\" data-id=\"1edcb29\" data-element_type=\"container\">\n\t\t\t\t\t<div class=\"e-con-inner\">\n\t\t<div class=\"elementor-element elementor-element-39102ab e-con-full e-flex e-con e-child\" data-id=\"39102ab\" data-element_type=\"container\" data-settings=\"{&quot;background_background&quot;:&quot;classic&quot;}\">\n\t\t\t\t<div class=\"elementor-element elementor-element-6cda29d elementor-widget elementor-widget-spacer\" data-id=\"6cda29d\" data-element_type=\"widget\" data-widget_type=\"spacer.default\">\n\t\t\t\t\t\t\t<div class=\"elementor-spacer\">\n\t\t\t<div class=\"elementor-spacer-inner\"><\/div>\n\t\t<\/div>\n\t\t\t\t\t\t<\/div>\n\t\t\t\t<div class=\"elementor-element elementor-element-9ef4de7 elementor-widget elementor-widget-heading\" data-id=\"9ef4de7\" data-element_type=\"widget\" data-widget_type=\"heading.default\">\n\t\t\t\t\t<h2 class=\"elementor-heading-title elementor-size-default\">ARREDO-DUE<\/h2>\t\t\t\t<\/div>\n\t\t\t\t<div class=\"elementor-element elementor-element-6c22628 elementor-widget elementor-widget-heading\" data-id=\"6c22628\" data-element_type=\"widget\" data-widget_type=\"heading.default\">\n\t\t\t\t\t<h2 class=\"elementor-heading-title elementor-size-default\">Pajisje me Stil p\u00ebr t\u00eb P\u00ebrmbushur Vizionin Tuaj<\/h2>\t\t\t\t<\/div>\n\t\t\t\t<div class=\"elementor-element elementor-element-f601697 elementor-widget elementor-widget-text-editor\" data-id=\"f601697\" data-element_type=\"widget\" data-widget_type=\"text-editor.default\">\n\t\t\t\t\t\t\t\t\t<p>Me vite p\u00ebrvoj\u00eb dhe pasion p\u00ebr dizajnin, ne specializohemi n\u00eb krijimin e kuzhinave mahnit\u00ebse q\u00eb kombinojn\u00eb funksionalitetin dhe stilin.<\/p>\t\t\t\t\t\t\t\t<\/div>\n\t\t\t\t<div class=\"elementor-element elementor-element-36e22b6 elementor-widget elementor-widget-button\" data-id=\"36e22b6\" data-element_type=\"widget\" data-widget_type=\"button.default\">\n\t\t\t\t\t\t\t\t\t\t<a class=\"elementor-button elementor-button-link elementor-size-sm\" href=\"https:\/\/real.arredodue.com.al\/contact\/\">\n\t\t\t\t\t\t<span class=\"elementor-button-content-wrapper\">\n\t\t\t\t\t\t\t\t\t<span class=\"elementor-button-text\">Na Kontaktoni<\/span>\n\t\t\t\t\t<\/span>\n\t\t\t\t\t<\/a>\n\t\t\t\t\t\t\t\t<\/div>\n\t\t\t\t<\/div>\n\t\t<div class=\"elementor-element elementor-element-1ed7f5e e-con-full e-flex e-con e-child\" data-id=\"1ed7f5e\" data-element_type=\"container\" data-settings=\"{&quot;background_background&quot;:&quot;classic&quot;}\">\n\t\t\t\t<div class=\"elementor-element elementor-element-36d23e9 elementor-widget elementor-widget-image\" data-id=\"36d23e9\" data-element_type=\"widget\" data-widget_type=\"image.default\">\n\t\t\t\t\t\t\t\t\t\t\t\t\t\t\t<img loading=\"lazy\" decoding=\"async\" width=\"1333\" height=\"1333\" src=\"https:\/\/arredodue.com.al\/wp-content\/uploads\/2026\/01\/Desktop_BarUp_01_1.webp\" class=\"attachment-full size-full wp-image-4493\" alt=\"\" srcset=\"https:\/\/arredodue.com.al\/wp-content\/uploads\/2026\/01\/Desktop_BarUp_01_1.webp 1333w, https:\/\/arredodue.com.al\/wp-content\/uploads\/2026\/01\/Desktop_BarUp_01_1-300x300.webp 300w, https:\/\/arredodue.com.al\/wp-content\/uploads\/2026\/01\/Desktop_BarUp_01_1-1024x1024.webp 1024w, https:\/\/arredodue.com.al\/wp-content\/uploads\/2026\/01\/Desktop_BarUp_01_1-150x150.webp 150w, https:\/\/arredodue.com.al\/wp-content\/uploads\/2026\/01\/Desktop_BarUp_01_1-768x768.webp 768w, https:\/\/arredodue.com.al\/wp-content\/uploads\/2026\/01\/Desktop_BarUp_01_1-194x194.webp 194w, https:\/\/arredodue.com.al\/wp-content\/uploads\/2026\/01\/Desktop_BarUp_01_1-600x600.webp 600w, https:\/\/arredodue.com.al\/wp-content\/uploads\/2026\/01\/Desktop_BarUp_01_1-100x100.webp 100w\" sizes=\"(max-width: 1333px) 100vw, 1333px\" \/>\t\t\t\t\t\t\t\t\t\t\t\t\t\t\t<\/div>\n\t\t\t\t<\/div>\n\t\t<div class=\"elementor-element elementor-element-9999ff7 e-con-full e-flex e-con e-child\" data-id=\"9999ff7\" data-element_type=\"container\">\n\t\t\t\t<div class=\"elementor-element elementor-element-4e83a46 elementor-widget elementor-widget-image\" data-id=\"4e83a46\" data-element_type=\"widget\" data-widget_type=\"image.default\">\n\t\t\t\t\t\t\t\t\t\t\t\t\t\t\t<img loading=\"lazy\" decoding=\"async\" width=\"1946\" height=\"1946\" src=\"https:\/\/arredodue.com.al\/wp-content\/uploads\/2026\/01\/2_5a88277b-3fb7-4e09-bda1-9b235463afe8.webp\" class=\"attachment-full size-full wp-image-4236\" alt=\"\" srcset=\"https:\/\/arredodue.com.al\/wp-content\/uploads\/2026\/01\/2_5a88277b-3fb7-4e09-bda1-9b235463afe8.webp 1946w, https:\/\/arredodue.com.al\/wp-content\/uploads\/2026\/01\/2_5a88277b-3fb7-4e09-bda1-9b235463afe8-300x300.webp 300w, https:\/\/arredodue.com.al\/wp-content\/uploads\/2026\/01\/2_5a88277b-3fb7-4e09-bda1-9b235463afe8-1024x1024.webp 1024w, https:\/\/arredodue.com.al\/wp-content\/uploads\/2026\/01\/2_5a88277b-3fb7-4e09-bda1-9b235463afe8-150x150.webp 150w, https:\/\/arredodue.com.al\/wp-content\/uploads\/2026\/01\/2_5a88277b-3fb7-4e09-bda1-9b235463afe8-768x768.webp 768w, https:\/\/arredodue.com.al\/wp-content\/uploads\/2026\/01\/2_5a88277b-3fb7-4e09-bda1-9b235463afe8-1536x1536.webp 1536w, https:\/\/arredodue.com.al\/wp-content\/uploads\/2026\/01\/2_5a88277b-3fb7-4e09-bda1-9b235463afe8-194x194.webp 194w, https:\/\/arredodue.com.al\/wp-content\/uploads\/2026\/01\/2_5a88277b-3fb7-4e09-bda1-9b235463afe8-600x600.webp 600w, https:\/\/arredodue.com.al\/wp-content\/uploads\/2026\/01\/2_5a88277b-3fb7-4e09-bda1-9b235463afe8-100x100.webp 100w\" sizes=\"(max-width: 1946px) 100vw, 1946px\" \/>\t\t\t\t\t\t\t\t\t\t\t\t\t\t\t<\/div>\n\t\t\t\t<\/div>\n\t\t\t\t\t<\/div>\n\t\t\t\t<\/div>\n\t\t<div class=\"elementor-element elementor-element-da5facb e-con-full e-flex e-con e-parent\" data-id=\"da5facb\" data-element_type=\"container\">\n\t\t<div class=\"elementor-element elementor-element-e2fb83b e-con-full e-flex e-con e-child\" data-id=\"e2fb83b\" data-element_type=\"container\">\n\t\t\t\t<div class=\"elementor-element elementor-element-78ca9f1 elementor-widget elementor-widget-image\" data-id=\"78ca9f1\" data-element_type=\"widget\" data-widget_type=\"image.default\">\n\t\t\t\t\t\t\t\t\t\t\t\t\t\t\t<img loading=\"lazy\" decoding=\"async\" width=\"300\" height=\"141\" src=\"https:\/\/arredodue.com.al\/wp-content\/uploads\/2026\/02\/modular.png\" class=\"attachment-full size-full wp-image-5406\" alt=\"\" srcset=\"https:\/\/arredodue.com.al\/wp-content\/uploads\/2026\/02\/modular.png 300w, https:\/\/arredodue.com.al\/wp-content\/uploads\/2026\/02\/modular-18x8.png 18w\" sizes=\"(max-width: 300px) 100vw, 300px\" \/>\t\t\t\t\t\t\t\t\t\t\t\t\t\t\t<\/div>\n\t\t\t\t<\/div>\n\t\t<div class=\"elementor-element elementor-element-d6abab7 e-con-full e-flex e-con e-child\" data-id=\"d6abab7\" data-element_type=\"container\">\n\t\t\t\t<div class=\"elementor-element elementor-element-164a4b7 elementor-widget elementor-widget-image\" data-id=\"164a4b7\" data-element_type=\"widget\" data-widget_type=\"image.default\">\n\t\t\t\t\t\t\t\t\t\t\t\t\t\t\t<img loading=\"lazy\" decoding=\"async\" width=\"300\" height=\"141\" src=\"https:\/\/arredodue.com.al\/wp-content\/uploads\/2026\/02\/inokse.png\" class=\"attachment-full size-full wp-image-5407\" alt=\"\" srcset=\"https:\/\/arredodue.com.al\/wp-content\/uploads\/2026\/02\/inokse.png 300w, https:\/\/arredodue.com.al\/wp-content\/uploads\/2026\/02\/inokse-18x8.png 18w\" sizes=\"(max-width: 300px) 100vw, 300px\" \/>\t\t\t\t\t\t\t\t\t\t\t\t\t\t\t<\/div>\n\t\t\t\t<\/div>\n\t\t<div class=\"elementor-element elementor-element-4a17581 e-con-full e-flex e-con e-child\" data-id=\"4a17581\" data-element_type=\"container\">\n\t\t\t\t<div class=\"elementor-element elementor-element-ff4f2f9 elementor-widget elementor-widget-image\" data-id=\"ff4f2f9\" data-element_type=\"widget\" data-widget_type=\"image.default\">\n\t\t\t\t\t\t\t\t\t\t\t\t\t\t\t<img loading=\"lazy\" decoding=\"async\" width=\"300\" height=\"141\" src=\"https:\/\/arredodue.com.al\/wp-content\/uploads\/2026\/02\/cisco-3-1.png\" class=\"attachment-large size-large wp-image-5395\" alt=\"\" srcset=\"https:\/\/arredodue.com.al\/wp-content\/uploads\/2026\/02\/cisco-3-1.png 300w, https:\/\/arredodue.com.al\/wp-content\/uploads\/2026\/02\/cisco-3-1-18x8.png 18w\" sizes=\"(max-width: 300px) 100vw, 300px\" \/>\t\t\t\t\t\t\t\t\t\t\t\t\t\t\t<\/div>\n\t\t\t\t<\/div>\n\t\t<div class=\"elementor-element elementor-element-e093475 e-con-full e-flex e-con e-child\" data-id=\"e093475\" data-element_type=\"container\">\n\t\t\t\t<div class=\"elementor-element elementor-element-db77b38 elementor-widget elementor-widget-image\" data-id=\"db77b38\" data-element_type=\"widget\" data-widget_type=\"image.default\">\n\t\t\t\t\t\t\t\t\t\t\t\t\t\t\t<img loading=\"lazy\" decoding=\"async\" width=\"300\" height=\"141\" src=\"https:\/\/arredodue.com.al\/wp-content\/uploads\/2026\/01\/cisco-3.png\" class=\"attachment-full size-full wp-image-5256\" alt=\"\" srcset=\"https:\/\/arredodue.com.al\/wp-content\/uploads\/2026\/01\/cisco-3.png 300w, https:\/\/arredodue.com.al\/wp-content\/uploads\/2026\/01\/cisco-3-18x8.png 18w\" sizes=\"(max-width: 300px) 100vw, 300px\" \/>\t\t\t\t\t\t\t\t\t\t\t\t\t\t\t<\/div>\n\t\t\t\t<\/div>\n\t\t<div class=\"elementor-element elementor-element-0f9399e e-con-full e-flex e-con e-child\" data-id=\"0f9399e\" data-element_type=\"container\">\n\t\t\t\t<div class=\"elementor-element elementor-element-8102ab2 elementor-widget elementor-widget-image\" data-id=\"8102ab2\" data-element_type=\"widget\" data-widget_type=\"image.default\">\n\t\t\t\t\t\t\t\t\t\t\t\t\t\t\t<img loading=\"lazy\" decoding=\"async\" width=\"300\" height=\"141\" src=\"https:\/\/arredodue.com.al\/wp-content\/uploads\/2026\/02\/logotjt-removebg-preview.png\" class=\"attachment-full size-full wp-image-5412\" alt=\"\" srcset=\"https:\/\/arredodue.com.al\/wp-content\/uploads\/2026\/02\/logotjt-removebg-preview.png 300w, https:\/\/arredodue.com.al\/wp-content\/uploads\/2026\/02\/logotjt-removebg-preview-18x8.png 18w\" sizes=\"(max-width: 300px) 100vw, 300px\" \/>\t\t\t\t\t\t\t\t\t\t\t\t\t\t\t<\/div>\n\t\t\t\t<\/div>\n\t\t<div class=\"elementor-element elementor-element-cba6bf4 e-con-full e-flex e-con e-child\" data-id=\"cba6bf4\" data-element_type=\"container\">\n\t\t\t\t<div class=\"elementor-element elementor-element-3bdb9f1 elementor-widget elementor-widget-image\" data-id=\"3bdb9f1\" data-element_type=\"widget\" data-widget_type=\"image.default\">\n\t\t\t\t\t\t\t\t\t\t\t\t\t\t\t<img loading=\"lazy\" decoding=\"async\" width=\"300\" height=\"141\" src=\"https:\/\/arredodue.com.al\/wp-content\/uploads\/2026\/02\/logotjt1.png\" class=\"attachment-full size-full wp-image-5422\" alt=\"\" srcset=\"https:\/\/arredodue.com.al\/wp-content\/uploads\/2026\/02\/logotjt1.png 300w, https:\/\/arredodue.com.al\/wp-content\/uploads\/2026\/02\/logotjt1-18x8.png 18w\" sizes=\"(max-width: 300px) 100vw, 300px\" \/>\t\t\t\t\t\t\t\t\t\t\t\t\t\t\t<\/div>\n\t\t\t\t<\/div>\n\t\t<div class=\"elementor-element elementor-element-4bd2dfa e-con-full e-flex e-con e-child\" data-id=\"4bd2dfa\" data-element_type=\"container\">\n\t\t\t\t<div class=\"elementor-element elementor-element-de59cb9 elementor-widget elementor-widget-image\" data-id=\"de59cb9\" data-element_type=\"widget\" data-widget_type=\"image.default\">\n\t\t\t\t\t\t\t\t\t\t\t\t\t\t\t<img loading=\"lazy\" decoding=\"async\" width=\"300\" height=\"141\" src=\"https:\/\/arredodue.com.al\/wp-content\/uploads\/2026\/02\/minerva.png\" class=\"attachment-full size-full wp-image-5425\" alt=\"\" srcset=\"https:\/\/arredodue.com.al\/wp-content\/uploads\/2026\/02\/minerva.png 300w, https:\/\/arredodue.com.al\/wp-content\/uploads\/2026\/02\/minerva-18x8.png 18w\" sizes=\"(max-width: 300px) 100vw, 300px\" \/>\t\t\t\t\t\t\t\t\t\t\t\t\t\t\t<\/div>\n\t\t\t\t<\/div>\n\t\t\t\t<\/div>\n\t\t\t\t<\/div>","protected":false},"excerpt":{"rendered":"<p>Bar With over 20 years of experience supplying high-quality bar equipment, we provide solutions that bartenders and bar owners rely on. From complete cocktail workstations and ice machines to glasswashers and essential bar tools, we help bars run smoothly while maintaining top-notch service and efficiency. FULL COCKTAIL WORKSTATION GLASSWASHERS ICE MACHINE BAR ACCESSORIES ARREDO-DUE Equipment [&hellip;]<\/p>","protected":false},"author":1,"featured_media":0,"parent":0,"menu_order":0,"comment_status":"closed","ping_status":"closed","template":"page-no-title","meta":{"_eb_attr":"","_custom_body_classes":"","wd_custom_header_options":"default","wd_sticky_header":false,"wd_transparent_header":false,"wd_header_cap":false,"footnotes":""},"class_list":["post-4205","page","type-page","status-publish","hentry"],"_links":{"self":[{"href":"https:\/\/arredodue.com.al\/sq\/wp-json\/wp\/v2\/pages\/4205","targetHints":{"allow":["GET"]}}],"collection":[{"href":"https:\/\/arredodue.com.al\/sq\/wp-json\/wp\/v2\/pages"}],"about":[{"href":"https:\/\/arredodue.com.al\/sq\/wp-json\/wp\/v2\/types\/page"}],"author":[{"embeddable":true,"href":"https:\/\/arredodue.com.al\/sq\/wp-json\/wp\/v2\/users\/1"}],"replies":[{"embeddable":true,"href":"https:\/\/arredodue.com.al\/sq\/wp-json\/wp\/v2\/comments?post=4205"}],"version-history":[{"count":55,"href":"https:\/\/arredodue.com.al\/sq\/wp-json\/wp\/v2\/pages\/4205\/revisions"}],"predecessor-version":[{"id":5454,"href":"https:\/\/arredodue.com.al\/sq\/wp-json\/wp\/v2\/pages\/4205\/revisions\/5454"}],"wp:attachment":[{"href":"https:\/\/arredodue.com.al\/sq\/wp-json\/wp\/v2\/media?parent=4205"}],"curies":[{"name":"wp","href":"https:\/\/api.w.org\/{rel}","templated":true}]}}