{"id":4257,"date":"2026-01-16T10:06:04","date_gmt":"2026-01-16T10:06:04","guid":{"rendered":"https:\/\/real.arredodue.com.al\/?page_id=4257"},"modified":"2026-02-06T09:35:51","modified_gmt":"2026-02-06T09:35:51","slug":"fast-food-equipment","status":"publish","type":"page","link":"https:\/\/arredodue.com.al\/sq\/fast-food-equipment\/","title":{"rendered":"Fast Food Equipment Albania"},"content":{"rendered":"<div data-elementor-type=\"wp-page\" data-elementor-id=\"4257\" class=\"elementor elementor-4257\">\n\t\t\t\t<div class=\"elementor-element elementor-element-b811d40 e-flex e-con-boxed e-con e-parent\" data-id=\"b811d40\" data-element_type=\"container\" data-settings=\"{&quot;background_background&quot;:&quot;classic&quot;}\">\n\t\t\t\t\t<div class=\"e-con-inner\">\n\t\t<div class=\"elementor-element elementor-element-3f30bf5 e-con-full e-flex e-con e-child\" data-id=\"3f30bf5\" data-element_type=\"container\">\n\t\t\t\t<div class=\"elementor-element elementor-element-970bf8c elementor-widget elementor-widget-spacer\" data-id=\"970bf8c\" data-element_type=\"widget\" data-widget_type=\"spacer.default\">\n\t\t\t\t\t\t\t<div class=\"elementor-spacer\">\n\t\t\t<div class=\"elementor-spacer-inner\"><\/div>\n\t\t<\/div>\n\t\t\t\t\t\t<\/div>\n\t\t\t\t<div class=\"elementor-element elementor-element-5f61176 elementor-widget elementor-widget-heading\" data-id=\"5f61176\" data-element_type=\"widget\" data-widget_type=\"heading.default\">\n\t\t\t\t\t<h2 class=\"elementor-heading-title elementor-size-default\">Pajisje p\u00ebr Fast Food<\/h2>\t\t\t\t<\/div>\n\t\t\t\t<div class=\"elementor-element elementor-element-04fb486 elementor-widget elementor-widget-text-editor\" data-id=\"04fb486\" data-element_type=\"widget\" data-widget_type=\"text-editor.default\">\n\t\t\t\t\t\t\t\t\t<p>Me mbi 20 vjet p\u00ebrvoj\u00eb n\u00eb ofrimin e pajisjeve t\u00eb besueshme dhe t\u00eb nivelit t\u00eb lart\u00eb t\u00eb ushqimit t\u00eb shpejt\u00eb, ne ofrojm\u00eb cil\u00ebsi, inovacion dhe sh\u00ebrbim ndaj klientit t\u00eb cilit pronar\u00ebt e furrave t\u00eb buk\u00ebs i besojn\u00eb. Nga furrat dhe mikser\u00ebt profesional\u00eb deri te mjetet q\u00eb ju ndihmojn\u00eb t\u00eb prodhoni buk\u00eb dhe pasta n\u00eb m\u00ebnyr\u00eb efikase, ne i pajisim furrat e buk\u00ebs p\u00ebr t\u00eb p\u00ebrmbushur standardet m\u00eb t\u00eb larta.<\/p>\t\t\t\t\t\t\t\t<\/div>\n\t\t\t\t<\/div>\n\t\t<div class=\"elementor-element elementor-element-9488a62 e-con-full e-flex e-con e-child\" data-id=\"9488a62\" data-element_type=\"container\">\n\t\t\t\t<div class=\"elementor-element elementor-element-d67c396 elementor-widget elementor-widget-image\" data-id=\"d67c396\" data-element_type=\"widget\" data-widget_type=\"image.default\">\n\t\t\t\t\t\t\t\t\t\t\t\t\t\t\t<img fetchpriority=\"high\" decoding=\"async\" width=\"2560\" height=\"1707\" src=\"https:\/\/arredodue.com.al\/wp-content\/uploads\/2026\/01\/pexels-caleboquendo-3023479-scaled.jpg\" class=\"attachment-full size-full wp-image-4290\" alt=\"\" srcset=\"https:\/\/arredodue.com.al\/wp-content\/uploads\/2026\/01\/pexels-caleboquendo-3023479-scaled.jpg 2560w, https:\/\/arredodue.com.al\/wp-content\/uploads\/2026\/01\/pexels-caleboquendo-3023479-300x200.jpg 300w, https:\/\/arredodue.com.al\/wp-content\/uploads\/2026\/01\/pexels-caleboquendo-3023479-1024x683.jpg 1024w, https:\/\/arredodue.com.al\/wp-content\/uploads\/2026\/01\/pexels-caleboquendo-3023479-768x512.jpg 768w, https:\/\/arredodue.com.al\/wp-content\/uploads\/2026\/01\/pexels-caleboquendo-3023479-1536x1024.jpg 1536w, https:\/\/arredodue.com.al\/wp-content\/uploads\/2026\/01\/pexels-caleboquendo-3023479-2048x1365.jpg 2048w, https:\/\/arredodue.com.al\/wp-content\/uploads\/2026\/01\/pexels-caleboquendo-3023479-600x400.jpg 600w\" sizes=\"(max-width: 2560px) 100vw, 2560px\" \/>\t\t\t\t\t\t\t\t\t\t\t\t\t\t\t<\/div>\n\t\t\t\t<\/div>\n\t\t\t\t\t<\/div>\n\t\t\t\t<\/div>\n\t\t<div class=\"elementor-element elementor-element-0ea1a60 e-flex e-con-boxed e-con e-parent\" data-id=\"0ea1a60\" data-element_type=\"container\">\n\t\t\t\t\t<div class=\"e-con-inner\">\n\t\t<div class=\"elementor-element elementor-element-05ff980 e-con-full e-flex e-con e-child\" data-id=\"05ff980\" data-element_type=\"container\">\n\t\t\t\t<div class=\"elementor-element elementor-element-e966bbc elementor-widget elementor-widget-image\" data-id=\"e966bbc\" data-element_type=\"widget\" data-settings=\"{&quot;_animation&quot;:&quot;none&quot;}\" data-widget_type=\"image.default\">\n\t\t\t\t\t\t\t\t\t\t\t\t\t\t\t<img decoding=\"async\" width=\"1600\" height=\"914\" src=\"https:\/\/arredodue.com.al\/wp-content\/uploads\/2026\/01\/WhatsApp-Image-2026-01-15-at-11-9.png\" class=\"attachment-full size-full wp-image-4265\" alt=\"\" srcset=\"https:\/\/arredodue.com.al\/wp-content\/uploads\/2026\/01\/WhatsApp-Image-2026-01-15-at-11-9.png 1600w, https:\/\/arredodue.com.al\/wp-content\/uploads\/2026\/01\/WhatsApp-Image-2026-01-15-at-11-9-300x171.png 300w, https:\/\/arredodue.com.al\/wp-content\/uploads\/2026\/01\/WhatsApp-Image-2026-01-15-at-11-9-1024x585.png 1024w, https:\/\/arredodue.com.al\/wp-content\/uploads\/2026\/01\/WhatsApp-Image-2026-01-15-at-11-9-768x439.png 768w, https:\/\/arredodue.com.al\/wp-content\/uploads\/2026\/01\/WhatsApp-Image-2026-01-15-at-11-9-1536x877.png 1536w, https:\/\/arredodue.com.al\/wp-content\/uploads\/2026\/01\/WhatsApp-Image-2026-01-15-at-11-9-600x343.png 600w\" sizes=\"(max-width: 1600px) 100vw, 1600px\" \/>\t\t\t\t\t\t\t\t\t\t\t\t\t\t\t<\/div>\n\t\t\t\t<div class=\"elementor-element elementor-element-40a4af5 elementor-widget elementor-widget-heading\" data-id=\"40a4af5\" data-element_type=\"widget\" data-widget_type=\"heading.default\">\n\t\t\t\t\t<h4 class=\"elementor-heading-title elementor-size-default\">BANAK FAST FOOD<\/h4>\t\t\t\t<\/div>\n\t\t\t\t<\/div>\n\t\t<div class=\"elementor-element elementor-element-a703bb7 e-con-full e-flex e-con e-child\" data-id=\"a703bb7\" data-element_type=\"container\">\n\t\t\t\t<div class=\"elementor-element elementor-element-fd74c87 elementor-widget elementor-widget-image\" data-id=\"fd74c87\" data-element_type=\"widget\" data-widget_type=\"image.default\">\n\t\t\t\t\t\t\t\t\t\t\t\t\t\t\t<img decoding=\"async\" width=\"1600\" height=\"914\" src=\"https:\/\/arredodue.com.al\/wp-content\/uploads\/2026\/01\/WhatsApp-Image-2026-01-15-at-11-10.png\" class=\"attachment-full size-full wp-image-4269\" alt=\"\" srcset=\"https:\/\/arredodue.com.al\/wp-content\/uploads\/2026\/01\/WhatsApp-Image-2026-01-15-at-11-10.png 1600w, https:\/\/arredodue.com.al\/wp-content\/uploads\/2026\/01\/WhatsApp-Image-2026-01-15-at-11-10-300x171.png 300w, https:\/\/arredodue.com.al\/wp-content\/uploads\/2026\/01\/WhatsApp-Image-2026-01-15-at-11-10-1024x585.png 1024w, https:\/\/arredodue.com.al\/wp-content\/uploads\/2026\/01\/WhatsApp-Image-2026-01-15-at-11-10-768x439.png 768w, https:\/\/arredodue.com.al\/wp-content\/uploads\/2026\/01\/WhatsApp-Image-2026-01-15-at-11-10-1536x877.png 1536w, https:\/\/arredodue.com.al\/wp-content\/uploads\/2026\/01\/WhatsApp-Image-2026-01-15-at-11-10-600x343.png 600w\" sizes=\"(max-width: 1600px) 100vw, 1600px\" \/>\t\t\t\t\t\t\t\t\t\t\t\t\t\t\t<\/div>\n\t\t\t\t<div class=\"elementor-element elementor-element-4c0b1a2 elementor-widget elementor-widget-heading\" data-id=\"4c0b1a2\" data-element_type=\"widget\" data-widget_type=\"heading.default\">\n\t\t\t\t\t<h4 class=\"elementor-heading-title elementor-size-default\">PRER\u00cbSE PERIMESH<\/h4>\t\t\t\t<\/div>\n\t\t\t\t<\/div>\n\t\t<div class=\"elementor-element elementor-element-23e98f2 e-con-full e-flex e-con e-child\" data-id=\"23e98f2\" data-element_type=\"container\">\n\t\t\t\t<div class=\"elementor-element elementor-element-14652ef elementor-widget elementor-widget-image\" data-id=\"14652ef\" data-element_type=\"widget\" data-widget_type=\"image.default\">\n\t\t\t\t\t\t\t\t\t\t\t\t\t\t\t<img loading=\"lazy\" decoding=\"async\" width=\"1600\" height=\"914\" src=\"https:\/\/arredodue.com.al\/wp-content\/uploads\/2026\/01\/WhatsApp-Image-2026-01-15-at-11-11.png\" class=\"attachment-full size-full wp-image-4271\" alt=\"\" srcset=\"https:\/\/arredodue.com.al\/wp-content\/uploads\/2026\/01\/WhatsApp-Image-2026-01-15-at-11-11.png 1600w, https:\/\/arredodue.com.al\/wp-content\/uploads\/2026\/01\/WhatsApp-Image-2026-01-15-at-11-11-300x171.png 300w, https:\/\/arredodue.com.al\/wp-content\/uploads\/2026\/01\/WhatsApp-Image-2026-01-15-at-11-11-1024x585.png 1024w, https:\/\/arredodue.com.al\/wp-content\/uploads\/2026\/01\/WhatsApp-Image-2026-01-15-at-11-11-768x439.png 768w, https:\/\/arredodue.com.al\/wp-content\/uploads\/2026\/01\/WhatsApp-Image-2026-01-15-at-11-11-1536x877.png 1536w, https:\/\/arredodue.com.al\/wp-content\/uploads\/2026\/01\/WhatsApp-Image-2026-01-15-at-11-11-600x343.png 600w\" sizes=\"(max-width: 1600px) 100vw, 1600px\" \/>\t\t\t\t\t\t\t\t\t\t\t\t\t\t\t<\/div>\n\t\t\t\t<div class=\"elementor-element elementor-element-1291d24 elementor-widget elementor-widget-heading\" data-id=\"1291d24\" data-element_type=\"widget\" data-widget_type=\"heading.default\">\n\t\t\t\t\t<h4 class=\"elementor-heading-title elementor-size-default\">GJIRO MISHI<\/h4>\t\t\t\t<\/div>\n\t\t\t\t<\/div>\n\t\t\t\t\t<\/div>\n\t\t\t\t<\/div>\n\t\t<div class=\"elementor-element elementor-element-b1bd05d e-flex e-con-boxed e-con e-parent\" data-id=\"b1bd05d\" data-element_type=\"container\">\n\t\t\t\t\t<div class=\"e-con-inner\">\n\t\t<div class=\"elementor-element elementor-element-18cf8c8 e-con-full e-flex e-con e-child\" data-id=\"18cf8c8\" data-element_type=\"container\">\n\t\t\t\t<div class=\"elementor-element elementor-element-9c4d306 elementor-widget elementor-widget-image\" data-id=\"9c4d306\" data-element_type=\"widget\" data-settings=\"{&quot;_animation&quot;:&quot;none&quot;}\" data-widget_type=\"image.default\">\n\t\t\t\t\t\t\t\t\t\t\t\t\t\t\t<img loading=\"lazy\" decoding=\"async\" width=\"1600\" height=\"914\" src=\"https:\/\/arredodue.com.al\/wp-content\/uploads\/2026\/01\/WhatsApp-Image-2026-01-15-at-11-12.png\" class=\"attachment-full size-full wp-image-4274\" alt=\"\" srcset=\"https:\/\/arredodue.com.al\/wp-content\/uploads\/2026\/01\/WhatsApp-Image-2026-01-15-at-11-12.png 1600w, https:\/\/arredodue.com.al\/wp-content\/uploads\/2026\/01\/WhatsApp-Image-2026-01-15-at-11-12-300x171.png 300w, https:\/\/arredodue.com.al\/wp-content\/uploads\/2026\/01\/WhatsApp-Image-2026-01-15-at-11-12-1024x585.png 1024w, https:\/\/arredodue.com.al\/wp-content\/uploads\/2026\/01\/WhatsApp-Image-2026-01-15-at-11-12-768x439.png 768w, https:\/\/arredodue.com.al\/wp-content\/uploads\/2026\/01\/WhatsApp-Image-2026-01-15-at-11-12-1536x877.png 1536w, https:\/\/arredodue.com.al\/wp-content\/uploads\/2026\/01\/WhatsApp-Image-2026-01-15-at-11-12-600x343.png 600w\" sizes=\"(max-width: 1600px) 100vw, 1600px\" \/>\t\t\t\t\t\t\t\t\t\t\t\t\t\t\t<\/div>\n\t\t\t\t<div class=\"elementor-element elementor-element-f29160e elementor-widget elementor-widget-heading\" data-id=\"f29160e\" data-element_type=\"widget\" data-widget_type=\"heading.default\">\n\t\t\t\t\t<h4 class=\"elementor-heading-title elementor-size-default\">TOSTIER<\/h4>\t\t\t\t<\/div>\n\t\t\t\t<\/div>\n\t\t<div class=\"elementor-element elementor-element-e2ed8d1 e-con-full e-flex e-con e-child\" data-id=\"e2ed8d1\" data-element_type=\"container\">\n\t\t\t\t<div class=\"elementor-element elementor-element-39bd5c5 elementor-widget elementor-widget-image\" data-id=\"39bd5c5\" data-element_type=\"widget\" data-widget_type=\"image.default\">\n\t\t\t\t\t\t\t\t\t\t\t\t\t\t\t<img loading=\"lazy\" decoding=\"async\" width=\"1600\" height=\"914\" src=\"https:\/\/arredodue.com.al\/wp-content\/uploads\/2026\/01\/WhatsApp-Image-2026-01-15-at-11-13.png\" class=\"attachment-full size-full wp-image-4279\" alt=\"\" srcset=\"https:\/\/arredodue.com.al\/wp-content\/uploads\/2026\/01\/WhatsApp-Image-2026-01-15-at-11-13.png 1600w, https:\/\/arredodue.com.al\/wp-content\/uploads\/2026\/01\/WhatsApp-Image-2026-01-15-at-11-13-300x171.png 300w, https:\/\/arredodue.com.al\/wp-content\/uploads\/2026\/01\/WhatsApp-Image-2026-01-15-at-11-13-1024x585.png 1024w, https:\/\/arredodue.com.al\/wp-content\/uploads\/2026\/01\/WhatsApp-Image-2026-01-15-at-11-13-768x439.png 768w, https:\/\/arredodue.com.al\/wp-content\/uploads\/2026\/01\/WhatsApp-Image-2026-01-15-at-11-13-1536x877.png 1536w, https:\/\/arredodue.com.al\/wp-content\/uploads\/2026\/01\/WhatsApp-Image-2026-01-15-at-11-13-600x343.png 600w\" sizes=\"(max-width: 1600px) 100vw, 1600px\" \/>\t\t\t\t\t\t\t\t\t\t\t\t\t\t\t<\/div>\n\t\t\t\t<div class=\"elementor-element elementor-element-6461ff7 elementor-widget elementor-widget-heading\" data-id=\"6461ff7\" data-element_type=\"widget\" data-widget_type=\"heading.default\">\n\t\t\t\t\t<h4 class=\"elementor-heading-title elementor-size-default\">FRITEZ\u00cb<\/h4>\t\t\t\t<\/div>\n\t\t\t\t<\/div>\n\t\t<div class=\"elementor-element elementor-element-09d77ea e-con-full e-flex e-con e-child\" data-id=\"09d77ea\" data-element_type=\"container\">\n\t\t\t\t<\/div>\n\t\t\t\t\t<\/div>\n\t\t\t\t<\/div>\n\t\t<div class=\"elementor-element elementor-element-1edcb29 e-flex e-con-boxed e-con e-parent\" data-id=\"1edcb29\" data-element_type=\"container\">\n\t\t\t\t\t<div class=\"e-con-inner\">\n\t\t<div class=\"elementor-element elementor-element-39102ab e-con-full e-flex e-con e-child\" data-id=\"39102ab\" data-element_type=\"container\" data-settings=\"{&quot;background_background&quot;:&quot;classic&quot;}\">\n\t\t\t\t<div class=\"elementor-element elementor-element-6cda29d elementor-widget elementor-widget-spacer\" data-id=\"6cda29d\" data-element_type=\"widget\" data-widget_type=\"spacer.default\">\n\t\t\t\t\t\t\t<div class=\"elementor-spacer\">\n\t\t\t<div class=\"elementor-spacer-inner\"><\/div>\n\t\t<\/div>\n\t\t\t\t\t\t<\/div>\n\t\t\t\t<div class=\"elementor-element elementor-element-9ef4de7 elementor-widget elementor-widget-heading\" data-id=\"9ef4de7\" data-element_type=\"widget\" data-widget_type=\"heading.default\">\n\t\t\t\t\t<h2 class=\"elementor-heading-title elementor-size-default\">ARREDO-DUE<\/h2>\t\t\t\t<\/div>\n\t\t\t\t<div class=\"elementor-element elementor-element-6c22628 elementor-widget elementor-widget-heading\" data-id=\"6c22628\" data-element_type=\"widget\" data-widget_type=\"heading.default\">\n\t\t\t\t\t<h2 class=\"elementor-heading-title elementor-size-default\">Pajisje me Stil p\u00ebr t\u00eb P\u00ebrmbushur Vizionin Tuaj<\/h2>\t\t\t\t<\/div>\n\t\t\t\t<div class=\"elementor-element elementor-element-f601697 elementor-widget elementor-widget-text-editor\" data-id=\"f601697\" data-element_type=\"widget\" data-widget_type=\"text-editor.default\">\n\t\t\t\t\t\t\t\t\t<p>Me vite p\u00ebrvoj\u00eb dhe pasion p\u00ebr dizajnin, ne specializohemi n\u00eb krijimin e ushqimeve t\u00eb shpejta mahnit\u00ebse q\u00eb kombinojn\u00eb funksionalitetin dhe stilin.<\/p>\t\t\t\t\t\t\t\t<\/div>\n\t\t\t\t<div class=\"elementor-element elementor-element-36e22b6 elementor-widget elementor-widget-button\" data-id=\"36e22b6\" data-element_type=\"widget\" data-widget_type=\"button.default\">\n\t\t\t\t\t\t\t\t\t\t<a class=\"elementor-button elementor-button-link elementor-size-sm\" href=\"https:\/\/real.arredodue.com.al\/contact\/\">\n\t\t\t\t\t\t<span class=\"elementor-button-content-wrapper\">\n\t\t\t\t\t\t\t\t\t<span class=\"elementor-button-text\">Na Kontaktoni<\/span>\n\t\t\t\t\t<\/span>\n\t\t\t\t\t<\/a>\n\t\t\t\t\t\t\t\t<\/div>\n\t\t\t\t<\/div>\n\t\t<div class=\"elementor-element elementor-element-1ed7f5e e-con-full e-flex e-con e-child\" data-id=\"1ed7f5e\" data-element_type=\"container\" data-settings=\"{&quot;background_background&quot;:&quot;classic&quot;}\">\n\t\t\t\t<div class=\"elementor-element elementor-element-36d23e9 elementor-widget elementor-widget-image\" data-id=\"36d23e9\" data-element_type=\"widget\" data-widget_type=\"image.default\">\n\t\t\t\t\t\t\t\t\t\t\t\t\t\t\t<img loading=\"lazy\" decoding=\"async\" width=\"732\" height=\"901\" src=\"https:\/\/arredodue.com.al\/wp-content\/uploads\/2026\/01\/bakery_image-3.png\" class=\"attachment-full size-full wp-image-4338\" alt=\"\" srcset=\"https:\/\/arredodue.com.al\/wp-content\/uploads\/2026\/01\/bakery_image-3.png 732w, https:\/\/arredodue.com.al\/wp-content\/uploads\/2026\/01\/bakery_image-3-244x300.png 244w, https:\/\/arredodue.com.al\/wp-content\/uploads\/2026\/01\/bakery_image-3-600x739.png 600w\" sizes=\"(max-width: 732px) 100vw, 732px\" \/>\t\t\t\t\t\t\t\t\t\t\t\t\t\t\t<\/div>\n\t\t\t\t<\/div>\n\t\t<div class=\"elementor-element elementor-element-9999ff7 e-con-full e-flex e-con e-child\" data-id=\"9999ff7\" data-element_type=\"container\">\n\t\t\t\t<div class=\"elementor-element elementor-element-4e83a46 elementor-widget elementor-widget-image\" data-id=\"4e83a46\" data-element_type=\"widget\" data-widget_type=\"image.default\">\n\t\t\t\t\t\t\t\t\t\t\t\t\t\t\t<img loading=\"lazy\" decoding=\"async\" width=\"732\" height=\"901\" src=\"https:\/\/arredodue.com.al\/wp-content\/uploads\/2026\/01\/bakery_image-3-1.png\" class=\"attachment-full size-full wp-image-4339\" alt=\"\" srcset=\"https:\/\/arredodue.com.al\/wp-content\/uploads\/2026\/01\/bakery_image-3-1.png 732w, https:\/\/arredodue.com.al\/wp-content\/uploads\/2026\/01\/bakery_image-3-1-244x300.png 244w, https:\/\/arredodue.com.al\/wp-content\/uploads\/2026\/01\/bakery_image-3-1-600x739.png 600w\" sizes=\"(max-width: 732px) 100vw, 732px\" \/>\t\t\t\t\t\t\t\t\t\t\t\t\t\t\t<\/div>\n\t\t\t\t<\/div>\n\t\t\t\t\t<\/div>\n\t\t\t\t<\/div>\n\t\t<div class=\"elementor-element elementor-element-54809db e-con-full e-flex e-con e-parent\" data-id=\"54809db\" data-element_type=\"container\">\n\t\t<div class=\"elementor-element elementor-element-78caf75 e-con-full e-flex e-con e-child\" data-id=\"78caf75\" data-element_type=\"container\">\n\t\t\t\t<div class=\"elementor-element elementor-element-57df435 elementor-widget elementor-widget-image\" data-id=\"57df435\" data-element_type=\"widget\" data-widget_type=\"image.default\">\n\t\t\t\t\t\t\t\t\t\t\t\t\t\t\t<img loading=\"lazy\" decoding=\"async\" width=\"300\" height=\"141\" src=\"https:\/\/arredodue.com.al\/wp-content\/uploads\/2026\/02\/modular.png\" class=\"attachment-full size-full wp-image-5406\" alt=\"\" srcset=\"https:\/\/arredodue.com.al\/wp-content\/uploads\/2026\/02\/modular.png 300w, https:\/\/arredodue.com.al\/wp-content\/uploads\/2026\/02\/modular-18x8.png 18w\" sizes=\"(max-width: 300px) 100vw, 300px\" \/>\t\t\t\t\t\t\t\t\t\t\t\t\t\t\t<\/div>\n\t\t\t\t<\/div>\n\t\t<div class=\"elementor-element elementor-element-d9d56de e-con-full e-flex e-con e-child\" data-id=\"d9d56de\" data-element_type=\"container\">\n\t\t\t\t<div class=\"elementor-element elementor-element-09e9c50 elementor-widget elementor-widget-image\" data-id=\"09e9c50\" data-element_type=\"widget\" data-widget_type=\"image.default\">\n\t\t\t\t\t\t\t\t\t\t\t\t\t\t\t<img loading=\"lazy\" decoding=\"async\" width=\"300\" height=\"141\" src=\"https:\/\/arredodue.com.al\/wp-content\/uploads\/2026\/02\/inokse.png\" class=\"attachment-full size-full wp-image-5407\" alt=\"\" srcset=\"https:\/\/arredodue.com.al\/wp-content\/uploads\/2026\/02\/inokse.png 300w, https:\/\/arredodue.com.al\/wp-content\/uploads\/2026\/02\/inokse-18x8.png 18w\" sizes=\"(max-width: 300px) 100vw, 300px\" \/>\t\t\t\t\t\t\t\t\t\t\t\t\t\t\t<\/div>\n\t\t\t\t<\/div>\n\t\t<div class=\"elementor-element elementor-element-3e2f420 e-con-full e-flex e-con e-child\" data-id=\"3e2f420\" data-element_type=\"container\">\n\t\t\t\t<div class=\"elementor-element elementor-element-bd91931 elementor-widget elementor-widget-image\" data-id=\"bd91931\" data-element_type=\"widget\" data-widget_type=\"image.default\">\n\t\t\t\t\t\t\t\t\t\t\t\t\t\t\t<img loading=\"lazy\" decoding=\"async\" width=\"300\" height=\"141\" src=\"https:\/\/arredodue.com.al\/wp-content\/uploads\/2026\/02\/cisco-3-1.png\" class=\"attachment-large size-large wp-image-5395\" alt=\"\" srcset=\"https:\/\/arredodue.com.al\/wp-content\/uploads\/2026\/02\/cisco-3-1.png 300w, https:\/\/arredodue.com.al\/wp-content\/uploads\/2026\/02\/cisco-3-1-18x8.png 18w\" sizes=\"(max-width: 300px) 100vw, 300px\" \/>\t\t\t\t\t\t\t\t\t\t\t\t\t\t\t<\/div>\n\t\t\t\t<\/div>\n\t\t<div class=\"elementor-element elementor-element-6d5ef2d e-con-full e-flex e-con e-child\" data-id=\"6d5ef2d\" data-element_type=\"container\">\n\t\t\t\t<div class=\"elementor-element elementor-element-7b04919 elementor-widget elementor-widget-image\" data-id=\"7b04919\" data-element_type=\"widget\" data-widget_type=\"image.default\">\n\t\t\t\t\t\t\t\t\t\t\t\t\t\t\t<img loading=\"lazy\" decoding=\"async\" width=\"300\" height=\"141\" src=\"https:\/\/arredodue.com.al\/wp-content\/uploads\/2026\/01\/cisco-3.png\" class=\"attachment-full size-full wp-image-5256\" alt=\"\" srcset=\"https:\/\/arredodue.com.al\/wp-content\/uploads\/2026\/01\/cisco-3.png 300w, https:\/\/arredodue.com.al\/wp-content\/uploads\/2026\/01\/cisco-3-18x8.png 18w\" sizes=\"(max-width: 300px) 100vw, 300px\" \/>\t\t\t\t\t\t\t\t\t\t\t\t\t\t\t<\/div>\n\t\t\t\t<\/div>\n\t\t<div class=\"elementor-element elementor-element-4c21197 e-con-full e-flex e-con e-child\" data-id=\"4c21197\" data-element_type=\"container\">\n\t\t\t\t<div class=\"elementor-element elementor-element-a17de8a elementor-widget elementor-widget-image\" data-id=\"a17de8a\" data-element_type=\"widget\" data-widget_type=\"image.default\">\n\t\t\t\t\t\t\t\t\t\t\t\t\t\t\t<img loading=\"lazy\" decoding=\"async\" width=\"300\" height=\"141\" src=\"https:\/\/arredodue.com.al\/wp-content\/uploads\/2026\/02\/logotjt-removebg-preview.png\" class=\"attachment-full size-full wp-image-5412\" alt=\"\" srcset=\"https:\/\/arredodue.com.al\/wp-content\/uploads\/2026\/02\/logotjt-removebg-preview.png 300w, https:\/\/arredodue.com.al\/wp-content\/uploads\/2026\/02\/logotjt-removebg-preview-18x8.png 18w\" sizes=\"(max-width: 300px) 100vw, 300px\" \/>\t\t\t\t\t\t\t\t\t\t\t\t\t\t\t<\/div>\n\t\t\t\t<\/div>\n\t\t<div class=\"elementor-element elementor-element-63691ea e-con-full e-flex e-con e-child\" data-id=\"63691ea\" data-element_type=\"container\">\n\t\t\t\t<div class=\"elementor-element elementor-element-2e0ce8e elementor-widget elementor-widget-image\" data-id=\"2e0ce8e\" data-element_type=\"widget\" data-widget_type=\"image.default\">\n\t\t\t\t\t\t\t\t\t\t\t\t\t\t\t<img loading=\"lazy\" decoding=\"async\" width=\"300\" height=\"141\" src=\"https:\/\/arredodue.com.al\/wp-content\/uploads\/2026\/02\/logotjt1.png\" class=\"attachment-full size-full wp-image-5422\" alt=\"\" srcset=\"https:\/\/arredodue.com.al\/wp-content\/uploads\/2026\/02\/logotjt1.png 300w, https:\/\/arredodue.com.al\/wp-content\/uploads\/2026\/02\/logotjt1-18x8.png 18w\" sizes=\"(max-width: 300px) 100vw, 300px\" \/>\t\t\t\t\t\t\t\t\t\t\t\t\t\t\t<\/div>\n\t\t\t\t<\/div>\n\t\t<div class=\"elementor-element elementor-element-b00b03f e-con-full e-flex e-con e-child\" data-id=\"b00b03f\" data-element_type=\"container\">\n\t\t\t\t<div class=\"elementor-element elementor-element-60cffc4 elementor-widget elementor-widget-image\" data-id=\"60cffc4\" data-element_type=\"widget\" data-widget_type=\"image.default\">\n\t\t\t\t\t\t\t\t\t\t\t\t\t\t\t<img loading=\"lazy\" decoding=\"async\" width=\"300\" height=\"141\" src=\"https:\/\/arredodue.com.al\/wp-content\/uploads\/2026\/02\/minerva.png\" class=\"attachment-full size-full wp-image-5425\" alt=\"\" srcset=\"https:\/\/arredodue.com.al\/wp-content\/uploads\/2026\/02\/minerva.png 300w, https:\/\/arredodue.com.al\/wp-content\/uploads\/2026\/02\/minerva-18x8.png 18w\" sizes=\"(max-width: 300px) 100vw, 300px\" \/>\t\t\t\t\t\t\t\t\t\t\t\t\t\t\t<\/div>\n\t\t\t\t<\/div>\n\t\t\t\t<\/div>\n\t\t\t\t<\/div>","protected":false},"excerpt":{"rendered":"<p>Fast Food Equipment With over 20 years of experience in providing reliable, top-tier fast food equipment, we deliver quality, innovation, and customer service that bakery owners trust. From professional ovens and mixers to tools that help you produce bread and pastries efficiently, we equip bakeries to meet the highest standards. FAST FOOD COUNTER VEGETABLE CUTTER [&hellip;]<\/p>","protected":false},"author":1,"featured_media":0,"parent":0,"menu_order":0,"comment_status":"closed","ping_status":"closed","template":"page-no-title","meta":{"_eb_attr":"","_custom_body_classes":"","wd_custom_header_options":"default","wd_sticky_header":false,"wd_transparent_header":false,"wd_header_cap":false,"footnotes":""},"class_list":["post-4257","page","type-page","status-publish","hentry"],"_links":{"self":[{"href":"https:\/\/arredodue.com.al\/sq\/wp-json\/wp\/v2\/pages\/4257","targetHints":{"allow":["GET"]}}],"collection":[{"href":"https:\/\/arredodue.com.al\/sq\/wp-json\/wp\/v2\/pages"}],"about":[{"href":"https:\/\/arredodue.com.al\/sq\/wp-json\/wp\/v2\/types\/page"}],"author":[{"embeddable":true,"href":"https:\/\/arredodue.com.al\/sq\/wp-json\/wp\/v2\/users\/1"}],"replies":[{"embeddable":true,"href":"https:\/\/arredodue.com.al\/sq\/wp-json\/wp\/v2\/comments?post=4257"}],"version-history":[{"count":40,"href":"https:\/\/arredodue.com.al\/sq\/wp-json\/wp\/v2\/pages\/4257\/revisions"}],"predecessor-version":[{"id":5461,"href":"https:\/\/arredodue.com.al\/sq\/wp-json\/wp\/v2\/pages\/4257\/revisions\/5461"}],"wp:attachment":[{"href":"https:\/\/arredodue.com.al\/sq\/wp-json\/wp\/v2\/media?parent=4257"}],"curies":[{"name":"wp","href":"https:\/\/api.w.org\/{rel}","templated":true}]}}